{"id":76,"date":"2014-10-27T14:58:36","date_gmt":"2014-10-27T16:58:36","guid":{"rendered":"https:\/\/www.cardoso.sp.gov.br\/site\/?page_id=76"},"modified":"2022-06-30T15:57:36","modified_gmt":"2022-06-30T18:57:36","slug":"obras-e-servicos","status":"publish","type":"page","link":"https:\/\/www.cardoso.sp.gov.br\/site\/setores-publicos\/obras-e-servicos\/","title":{"rendered":"Obras e Servi\u00e7os"},"content":{"rendered":"\t\t<div data-elementor-type=\"wp-page\" data-elementor-id=\"76\" class=\"elementor elementor-76\" data-elementor-post-type=\"page\">\n\t\t\t\t\t\t<section class=\"elementor-section elementor-top-section elementor-element elementor-element-306ca0e6 elementor-section-boxed elementor-section-height-default elementor-section-height-default\" data-id=\"306ca0e6\" data-element_type=\"section\" data-e-type=\"section\">\n\t\t\t\t\t\t<div class=\"elementor-container elementor-column-gap-default\">\n\t\t\t\t\t<div class=\"elementor-column elementor-col-50 elementor-top-column elementor-element elementor-element-ec3a68a\" data-id=\"ec3a68a\" data-element_type=\"column\" data-e-type=\"column\">\n\t\t\t<div class=\"elementor-widget-wrap elementor-element-populated\">\n\t\t\t\t\t\t<div class=\"elementor-element elementor-element-1ef5f03 elementor-widget elementor-widget-sidebar\" data-id=\"1ef5f03\" data-element_type=\"widget\" data-e-type=\"widget\" data-widget_type=\"sidebar.default\">\n\t\t\t\t<div class=\"elementor-widget-container\">\n\t\t\t\t\t<aside id=\"nav_menu-3\" class=\"widget widget_nav_menu\"><div class=\"menu-setores-publicos-container\"><ul id=\"menu-setores-publicos\" class=\"menu\"><li id=\"menu-item-17088\" class=\"menu-item menu-item-type-post_type menu-item-object-page menu-item-17088\"><a href=\"https:\/\/www.cardoso.sp.gov.br\/site\/setores-publicos\/saude\/\">Sa\u00fade<\/a><\/li>\n<li id=\"menu-item-17084\" class=\"menu-item menu-item-type-post_type menu-item-object-page menu-item-17084\"><a href=\"https:\/\/www.cardoso.sp.gov.br\/site\/setores-publicos\/educacao-e-cultura\/\">Educa\u00e7\u00e3o e Cultura<\/a><\/li>\n<li id=\"menu-item-17085\" class=\"menu-item menu-item-type-post_type menu-item-object-page menu-item-17085\"><a href=\"https:\/\/www.cardoso.sp.gov.br\/site\/setores-publicos\/esporte\/\">Esporte<\/a><\/li>\n<li id=\"menu-item-17089\" class=\"menu-item menu-item-type-post_type menu-item-object-page menu-item-17089\"><a href=\"https:\/\/www.cardoso.sp.gov.br\/site\/setores-publicos\/social\/\">Social<\/a><\/li>\n<li id=\"menu-item-17086\" class=\"menu-item menu-item-type-post_type menu-item-object-page menu-item-17086\"><a href=\"https:\/\/www.cardoso.sp.gov.br\/site\/setores-publicos\/meio-ambiente\/\">Meio Ambiente<\/a><\/li>\n<li id=\"menu-item-17087\" class=\"menu-item menu-item-type-post_type menu-item-object-page menu-item-17087\"><a href=\"https:\/\/www.cardoso.sp.gov.br\/site\/setores-publicos\/obras-e-servicos\/\">Obras e Servi\u00e7os<\/a><\/li>\n<\/ul><\/div><\/aside>\t\t\t\t<\/div>\n\t\t\t\t<\/div>\n\t\t\t\t\t<\/div>\n\t\t<\/div>\n\t\t\t\t<div class=\"elementor-column elementor-col-50 elementor-top-column elementor-element elementor-element-12fa249a\" data-id=\"12fa249a\" data-element_type=\"column\" data-e-type=\"column\">\n\t\t\t<div class=\"elementor-widget-wrap elementor-element-populated\">\n\t\t\t\t\t\t<div class=\"elementor-element elementor-element-6ca66948 elementor-widget elementor-widget-text-editor\" data-id=\"6ca66948\" data-element_type=\"widget\" data-e-type=\"widget\" data-widget_type=\"text-editor.default\">\n\t\t\t\t<div class=\"elementor-widget-container\">\n\t\t\t\t\t\t\t\t\t<p>As a\u00e7\u00f5es de infraestrutura que est\u00e3o sendo implementadas sob coordena\u00e7\u00e3o da Secretaria Municipal de Obras e Servi\u00e7os da Prefeitura est\u00e3o mudando a realidade de Cardoso. Obras e reformas v\u00e3o aos poucos atendendo \u00e0s reivindica\u00e7\u00f5es da popula\u00e7\u00e3o nos mais diversos segmentos: educa\u00e7\u00e3o, sa\u00fade, social, esporte, turismo, transporte, agricultura, entre outros. S\u00e3o investimentos voltados as \u00e1reas urbana e rural.<\/p>\n<p>Nos \u00faltimos anos, o cardosense pode perceber melhorias na pavimenta\u00e7\u00e3o asf\u00e1ltica, na sinaliza\u00e7\u00e3o do tr\u00e2nsito, conserva\u00e7\u00e3o de pra\u00e7as e avenidas, limpeza e coleta de lixo em todas as vias p\u00fablicas, al\u00e9m de conserva\u00e7\u00e3o predial de escolas, postos de sa\u00fade e espa\u00e7os p\u00fablicos em geral.<\/p>\n<p>Importantes programas do munic\u00edpio ganharam sedes mais adequadas e quadras esportivas receberam cobertura para prote\u00e7\u00e3o dos alunos. Estradas que ligam a zona rural \u00e0 urbana receberam melhorias.<\/p>\n<p>Enfim, todas essas a\u00e7\u00f5es de infraestrutura t\u00eam ainda o objetivo de promover o desenvolvimento econ\u00f4mico de Cardoso por meio do est\u00edmulo \u00e0 agricultura, com\u00e9rcio, setor de servi\u00e7os, ind\u00fastria e turismo.<\/p>\n<p>Algumas melhorias praticadas pela Prefeitura de Cardoso nos \u00faltimos anos:<\/p>\n<p>&nbsp;<\/p>\t\t\t\t\t\t\t\t<\/div>\n\t\t\t\t<\/div>\n\t\t\t\t\t<\/div>\n\t\t<\/div>\n\t\t\t\t\t<\/div>\n\t\t<\/section>\n\t\t\t\t<\/div>\n\t\t<div class=\"gsp_post_data\" data-post_type=\"page\" data-cat=\"\" data-modified=\"120\" data-title=\"Obras e Servi\u00e7os\" data-home=\"https:\/\/www.cardoso.sp.gov.br\/site\"><\/div>","protected":false},"excerpt":{"rendered":"<p>As a\u00e7\u00f5es de infraestrutura que est\u00e3o sendo implementadas sob coordena\u00e7\u00e3o da Secretaria Municipal de Obras e Servi\u00e7os da Prefeitura est\u00e3o mudando a realidade de Cardoso. Obras<span class=\"excerpt-hellip\"> [\u2026]<\/span><\/p>\n","protected":false},"author":1,"featured_media":3419,"parent":62,"menu_order":0,"comment_status":"closed","ping_status":"closed","template":"","meta":{"footnotes":""},"class_list":["post-76","page","type-page","status-publish","has-post-thumbnail","hentry"],"_links":{"self":[{"href":"https:\/\/www.cardoso.sp.gov.br\/site\/wp-json\/wp\/v2\/pages\/76","targetHints":{"allow":["GET"]}}],"collection":[{"href":"https:\/\/www.cardoso.sp.gov.br\/site\/wp-json\/wp\/v2\/pages"}],"about":[{"href":"https:\/\/www.cardoso.sp.gov.br\/site\/wp-json\/wp\/v2\/types\/page"}],"author":[{"embeddable":true,"href":"https:\/\/www.cardoso.sp.gov.br\/site\/wp-json\/wp\/v2\/users\/1"}],"replies":[{"embeddable":true,"href":"https:\/\/www.cardoso.sp.gov.br\/site\/wp-json\/wp\/v2\/comments?post=76"}],"version-history":[{"count":0,"href":"https:\/\/www.cardoso.sp.gov.br\/site\/wp-json\/wp\/v2\/pages\/76\/revisions"}],"up":[{"embeddable":true,"href":"https:\/\/www.cardoso.sp.gov.br\/site\/wp-json\/wp\/v2\/pages\/62"}],"wp:featuredmedia":[{"embeddable":true,"href":"https:\/\/www.cardoso.sp.gov.br\/site\/wp-json\/wp\/v2\/media\/3419"}],"wp:attachment":[{"href":"https:\/\/www.cardoso.sp.gov.br\/site\/wp-json\/wp\/v2\/media?parent=76"}],"curies":[{"name":"wp","href":"https:\/\/api.w.org\/{rel}","templated":true}]}}