{"id":74,"date":"2014-10-27T14:57:51","date_gmt":"2014-10-27T16:57:51","guid":{"rendered":"https:\/\/www.cardoso.sp.gov.br\/site\/?page_id=74"},"modified":"2022-06-30T15:55:46","modified_gmt":"2022-06-30T18:55:46","slug":"meio-ambiente","status":"publish","type":"page","link":"https:\/\/www.cardoso.sp.gov.br\/site\/setores-publicos\/meio-ambiente\/","title":{"rendered":"Meio Ambiente"},"content":{"rendered":"\t\t<div data-elementor-type=\"wp-page\" data-elementor-id=\"74\" class=\"elementor elementor-74\" data-elementor-post-type=\"page\">\n\t\t\t\t\t\t<section class=\"elementor-section elementor-top-section elementor-element elementor-element-7bfb1d73 elementor-section-boxed elementor-section-height-default elementor-section-height-default\" data-id=\"7bfb1d73\" data-element_type=\"section\" data-e-type=\"section\">\n\t\t\t\t\t\t<div class=\"elementor-container elementor-column-gap-default\">\n\t\t\t\t\t<div class=\"elementor-column elementor-col-50 elementor-top-column elementor-element elementor-element-a59e892\" data-id=\"a59e892\" data-element_type=\"column\" data-e-type=\"column\">\n\t\t\t<div class=\"elementor-widget-wrap elementor-element-populated\">\n\t\t\t\t\t\t<div class=\"elementor-element elementor-element-2d31359 elementor-widget elementor-widget-sidebar\" data-id=\"2d31359\" data-element_type=\"widget\" data-e-type=\"widget\" data-widget_type=\"sidebar.default\">\n\t\t\t\t<div class=\"elementor-widget-container\">\n\t\t\t\t\t<aside id=\"nav_menu-3\" class=\"widget widget_nav_menu\"><div class=\"menu-setores-publicos-container\"><ul id=\"menu-setores-publicos\" class=\"menu\"><li id=\"menu-item-17088\" class=\"menu-item menu-item-type-post_type menu-item-object-page menu-item-17088\"><a href=\"https:\/\/www.cardoso.sp.gov.br\/site\/setores-publicos\/saude\/\">Sa\u00fade<\/a><\/li>\n<li id=\"menu-item-17084\" class=\"menu-item menu-item-type-post_type menu-item-object-page menu-item-17084\"><a href=\"https:\/\/www.cardoso.sp.gov.br\/site\/setores-publicos\/educacao-e-cultura\/\">Educa\u00e7\u00e3o e Cultura<\/a><\/li>\n<li id=\"menu-item-17085\" class=\"menu-item menu-item-type-post_type menu-item-object-page menu-item-17085\"><a href=\"https:\/\/www.cardoso.sp.gov.br\/site\/setores-publicos\/esporte\/\">Esporte<\/a><\/li>\n<li id=\"menu-item-17089\" class=\"menu-item menu-item-type-post_type menu-item-object-page menu-item-17089\"><a href=\"https:\/\/www.cardoso.sp.gov.br\/site\/setores-publicos\/social\/\">Social<\/a><\/li>\n<li id=\"menu-item-17086\" class=\"menu-item menu-item-type-post_type menu-item-object-page menu-item-17086\"><a href=\"https:\/\/www.cardoso.sp.gov.br\/site\/setores-publicos\/meio-ambiente\/\">Meio Ambiente<\/a><\/li>\n<li id=\"menu-item-17087\" class=\"menu-item menu-item-type-post_type menu-item-object-page menu-item-17087\"><a href=\"https:\/\/www.cardoso.sp.gov.br\/site\/setores-publicos\/obras-e-servicos\/\">Obras e Servi\u00e7os<\/a><\/li>\n<\/ul><\/div><\/aside>\t\t\t\t<\/div>\n\t\t\t\t<\/div>\n\t\t\t\t\t<\/div>\n\t\t<\/div>\n\t\t\t\t<div class=\"elementor-column elementor-col-50 elementor-top-column elementor-element elementor-element-15cf1e57\" data-id=\"15cf1e57\" data-element_type=\"column\" data-e-type=\"column\">\n\t\t\t<div class=\"elementor-widget-wrap elementor-element-populated\">\n\t\t\t\t\t\t<div class=\"elementor-element elementor-element-32a82a7b elementor-widget elementor-widget-text-editor\" data-id=\"32a82a7b\" data-element_type=\"widget\" data-e-type=\"widget\" data-widget_type=\"text-editor.default\">\n\t\t\t\t<div class=\"elementor-widget-container\">\n\t\t\t\t\t\t\t\t\t<p>Recupera\u00e7\u00e3o ambiental, gest\u00e3o dos res\u00edduos s\u00f3lidos, educa\u00e7\u00e3o ambiental de crian\u00e7as e adolescentes e muitas outras a\u00e7\u00f5es que t\u00eam o objetivo de manter a cidade limpa e com qualidade de vida para todos e tamb\u00e9m para as futuras gera\u00e7\u00f5es. Estes s\u00e3o uns dos objetivos do Departamento de Meio Ambiente da Prefeitura de Cardoso.<\/p>\n<p>A cidade \u00e9 conhecida pelas lindas paisagens da lagoa e por atrair centenas de turistas e pescadores para a Prainha Municipal &#8211; Complexo Tur\u00edstico Leandro Trindade da Silveira. Nossos recursos s\u00e3o inestim\u00e1veis e por isso \u00e9 preciso investir em arboriza\u00e7\u00e3o, recupera\u00e7\u00e3o ambiental e de estradas e na educa\u00e7\u00e3o de todos.<\/p>\n<p>Isso \u00e9 o que a prefeitura tem feito nos \u00faltimos anos. Basta dar uma volta pela cidade e se encantar com a beleza de nossas pra\u00e7as, avenidas, lagos e prainha.<\/p>\n<p>Nos ajude nessa jornada.<\/p>\n<p>Denuncie irregularidades ou qualquer crime ambiental e proteja o que \u00e9 seu.<\/p>\n<p>DISK DEN\u00daNCIA<br>\n(17) 3466-3900<br>\nmeioambiente@cardoso.sp.gov.br<\/p>\n<p>Pol\u00edcia Ambiental<br>\n(17) 3421-9008<\/p>\t\t\t\t\t\t\t\t<\/div>\n\t\t\t\t<\/div>\n\t\t\t\t\t<\/div>\n\t\t<\/div>\n\t\t\t\t\t<\/div>\n\t\t<\/section>\n\t\t\t\t<\/div>\n\t\t<div class=\"gsp_post_data\" data-post_type=\"page\" data-cat=\"\" data-modified=\"120\" data-title=\"Meio Ambiente\" data-home=\"https:\/\/www.cardoso.sp.gov.br\/site\"><\/div>","protected":false},"excerpt":{"rendered":"<p>Recupera\u00e7\u00e3o ambiental, gest\u00e3o dos res\u00edduos s\u00f3lidos, educa\u00e7\u00e3o ambiental de crian\u00e7as e adolescentes e muitas outras a\u00e7\u00f5es que t\u00eam o objetivo de manter a cidade limpa e<span class=\"excerpt-hellip\"> [\u2026]<\/span><\/p>\n","protected":false},"author":1,"featured_media":1355,"parent":62,"menu_order":0,"comment_status":"closed","ping_status":"closed","template":"","meta":{"footnotes":""},"class_list":["post-74","page","type-page","status-publish","has-post-thumbnail","hentry"],"_links":{"self":[{"href":"https:\/\/www.cardoso.sp.gov.br\/site\/wp-json\/wp\/v2\/pages\/74","targetHints":{"allow":["GET"]}}],"collection":[{"href":"https:\/\/www.cardoso.sp.gov.br\/site\/wp-json\/wp\/v2\/pages"}],"about":[{"href":"https:\/\/www.cardoso.sp.gov.br\/site\/wp-json\/wp\/v2\/types\/page"}],"author":[{"embeddable":true,"href":"https:\/\/www.cardoso.sp.gov.br\/site\/wp-json\/wp\/v2\/users\/1"}],"replies":[{"embeddable":true,"href":"https:\/\/www.cardoso.sp.gov.br\/site\/wp-json\/wp\/v2\/comments?post=74"}],"version-history":[{"count":0,"href":"https:\/\/www.cardoso.sp.gov.br\/site\/wp-json\/wp\/v2\/pages\/74\/revisions"}],"up":[{"embeddable":true,"href":"https:\/\/www.cardoso.sp.gov.br\/site\/wp-json\/wp\/v2\/pages\/62"}],"wp:featuredmedia":[{"embeddable":true,"href":"https:\/\/www.cardoso.sp.gov.br\/site\/wp-json\/wp\/v2\/media\/1355"}],"wp:attachment":[{"href":"https:\/\/www.cardoso.sp.gov.br\/site\/wp-json\/wp\/v2\/media?parent=74"}],"curies":[{"name":"wp","href":"https:\/\/api.w.org\/{rel}","templated":true}]}}