{"id":70,"date":"2014-10-27T14:55:59","date_gmt":"2014-10-27T16:55:59","guid":{"rendered":"https:\/\/www.cardoso.sp.gov.br\/site\/?page_id=70"},"modified":"2022-06-30T15:55:26","modified_gmt":"2022-06-30T18:55:26","slug":"esporte","status":"publish","type":"page","link":"https:\/\/www.cardoso.sp.gov.br\/site\/setores-publicos\/esporte\/","title":{"rendered":"Esporte"},"content":{"rendered":"\t\t<div data-elementor-type=\"wp-page\" data-elementor-id=\"70\" class=\"elementor elementor-70\" data-elementor-post-type=\"page\">\n\t\t\t\t\t\t<section class=\"elementor-section elementor-top-section elementor-element elementor-element-9431ace elementor-section-boxed elementor-section-height-default elementor-section-height-default\" data-id=\"9431ace\" data-element_type=\"section\" data-e-type=\"section\">\n\t\t\t\t\t\t<div class=\"elementor-container elementor-column-gap-default\">\n\t\t\t\t\t<div class=\"elementor-column elementor-col-50 elementor-top-column elementor-element elementor-element-f744837\" data-id=\"f744837\" data-element_type=\"column\" data-e-type=\"column\">\n\t\t\t<div class=\"elementor-widget-wrap elementor-element-populated\">\n\t\t\t\t\t\t<div class=\"elementor-element elementor-element-e3536c0 elementor-widget elementor-widget-sidebar\" data-id=\"e3536c0\" data-element_type=\"widget\" data-e-type=\"widget\" data-widget_type=\"sidebar.default\">\n\t\t\t\t<div class=\"elementor-widget-container\">\n\t\t\t\t\t<aside id=\"nav_menu-3\" class=\"widget widget_nav_menu\"><div class=\"menu-setores-publicos-container\"><ul id=\"menu-setores-publicos\" class=\"menu\"><li id=\"menu-item-17088\" class=\"menu-item menu-item-type-post_type menu-item-object-page menu-item-17088\"><a href=\"https:\/\/www.cardoso.sp.gov.br\/site\/setores-publicos\/saude\/\">Sa\u00fade<\/a><\/li>\n<li id=\"menu-item-17084\" class=\"menu-item menu-item-type-post_type menu-item-object-page menu-item-17084\"><a href=\"https:\/\/www.cardoso.sp.gov.br\/site\/setores-publicos\/educacao-e-cultura\/\">Educa\u00e7\u00e3o e Cultura<\/a><\/li>\n<li id=\"menu-item-17085\" class=\"menu-item menu-item-type-post_type menu-item-object-page menu-item-17085\"><a href=\"https:\/\/www.cardoso.sp.gov.br\/site\/setores-publicos\/esporte\/\">Esporte<\/a><\/li>\n<li id=\"menu-item-17089\" class=\"menu-item menu-item-type-post_type menu-item-object-page menu-item-17089\"><a href=\"https:\/\/www.cardoso.sp.gov.br\/site\/setores-publicos\/social\/\">Social<\/a><\/li>\n<li id=\"menu-item-17086\" class=\"menu-item menu-item-type-post_type menu-item-object-page menu-item-17086\"><a href=\"https:\/\/www.cardoso.sp.gov.br\/site\/setores-publicos\/meio-ambiente\/\">Meio Ambiente<\/a><\/li>\n<li id=\"menu-item-17087\" class=\"menu-item menu-item-type-post_type menu-item-object-page menu-item-17087\"><a href=\"https:\/\/www.cardoso.sp.gov.br\/site\/setores-publicos\/obras-e-servicos\/\">Obras e Servi\u00e7os<\/a><\/li>\n<\/ul><\/div><\/aside>\t\t\t\t<\/div>\n\t\t\t\t<\/div>\n\t\t\t\t\t<\/div>\n\t\t<\/div>\n\t\t\t\t<div class=\"elementor-column elementor-col-50 elementor-top-column elementor-element elementor-element-6d7b5a0f\" data-id=\"6d7b5a0f\" data-element_type=\"column\" data-e-type=\"column\">\n\t\t\t<div class=\"elementor-widget-wrap elementor-element-populated\">\n\t\t\t\t\t\t<div class=\"elementor-element elementor-element-1f7f6d82 elementor-widget elementor-widget-text-editor\" data-id=\"1f7f6d82\" data-element_type=\"widget\" data-e-type=\"widget\" data-widget_type=\"text-editor.default\">\n\t\t\t\t<div class=\"elementor-widget-container\">\n\t\t\t\t\t\t\t\t\t<p>Incentivar a pr\u00e1tica esportiva e lazer junto \u00e0 comunidade de Cardoso \u00e9 um dos objetivos da Prefeitura e, por isso, uma especial aten\u00e7\u00e3o tem sido dada a esta \u00e1rea. Os ambientes para as atividades em diferentes tipos de esporte foram adequados, entre eles as pra\u00e7as de esporte e o est\u00e1dio municipal.<\/p>\n<p>Veja abaixo a rela\u00e7\u00e3o de locais que temos para pr\u00e1ticas esportivas:<\/p>\n<p><strong>Academia ao ar livre<\/strong><br>\nPra\u00e7a da Matriz de Vila Alves<br>\nPra\u00e7a da Matriz de S\u00e3o Jo\u00e3o do Marinheiro<br>\nPra\u00e7a da Lagoa Higino Zampronha<br>\nPra\u00e7a de fronte o CCI \u2013 Centro de Conviv\u00eancia do Idoso<br>\nPrainha \u2013 Complexo Tur\u00edstico Leandro Trindade da Silveira<\/p>\n<p><strong>Academia do Idoso<\/strong><br>\nPra\u00e7a \u201cSadala Mehsen Tufaile\u201d (Pracinha da Santa Casa)<\/p>\n<p><strong>Academia Adaptada para Deficientes<\/strong><br>\nCSU \u2013 Centro Social Urbano (Centro Esportivo de Cardoso)<\/p>\t\t\t\t\t\t\t\t<\/div>\n\t\t\t\t<\/div>\n\t\t\t\t\t<\/div>\n\t\t<\/div>\n\t\t\t\t\t<\/div>\n\t\t<\/section>\n\t\t\t\t<\/div>\n\t\t<div class=\"gsp_post_data\" \r\n\t            data-post_type=\"page\" \r\n\t            data-cat=\"\" \r\n\t            data-modified=\"120\"\r\n\t            data-created=\"1414421759\"\r\n\t            data-title=\"Esporte\" \r\n\t            data-home=\"https:\/\/www.cardoso.sp.gov.br\/site\"><\/div>","protected":false},"excerpt":{"rendered":"<p>Incentivar a pr\u00e1tica esportiva e lazer junto \u00e0 comunidade de Cardoso \u00e9 um dos objetivos da Prefeitura e, por isso, uma especial aten\u00e7\u00e3o tem sido dada<span class=\"excerpt-hellip\"> [\u2026]<\/span><\/p>\n","protected":false},"author":1,"featured_media":407,"parent":62,"menu_order":0,"comment_status":"closed","ping_status":"closed","template":"","meta":{"footnotes":""},"class_list":["post-70","page","type-page","status-publish","has-post-thumbnail","hentry"],"_links":{"self":[{"href":"https:\/\/www.cardoso.sp.gov.br\/site\/wp-json\/wp\/v2\/pages\/70","targetHints":{"allow":["GET"]}}],"collection":[{"href":"https:\/\/www.cardoso.sp.gov.br\/site\/wp-json\/wp\/v2\/pages"}],"about":[{"href":"https:\/\/www.cardoso.sp.gov.br\/site\/wp-json\/wp\/v2\/types\/page"}],"author":[{"embeddable":true,"href":"https:\/\/www.cardoso.sp.gov.br\/site\/wp-json\/wp\/v2\/users\/1"}],"replies":[{"embeddable":true,"href":"https:\/\/www.cardoso.sp.gov.br\/site\/wp-json\/wp\/v2\/comments?post=70"}],"version-history":[{"count":0,"href":"https:\/\/www.cardoso.sp.gov.br\/site\/wp-json\/wp\/v2\/pages\/70\/revisions"}],"up":[{"embeddable":true,"href":"https:\/\/www.cardoso.sp.gov.br\/site\/wp-json\/wp\/v2\/pages\/62"}],"wp:featuredmedia":[{"embeddable":true,"href":"https:\/\/www.cardoso.sp.gov.br\/site\/wp-json\/wp\/v2\/media\/407"}],"wp:attachment":[{"href":"https:\/\/www.cardoso.sp.gov.br\/site\/wp-json\/wp\/v2\/media?parent=70"}],"curies":[{"name":"wp","href":"https:\/\/api.w.org\/{rel}","templated":true}]}}