{"id":67,"date":"2014-10-27T14:55:14","date_gmt":"2014-10-27T16:55:14","guid":{"rendered":"https:\/\/www.cardoso.sp.gov.br\/site\/?page_id=67"},"modified":"2022-06-30T15:57:37","modified_gmt":"2022-06-30T18:57:37","slug":"educacao-e-cultura","status":"publish","type":"page","link":"https:\/\/www.cardoso.sp.gov.br\/site\/setores-publicos\/educacao-e-cultura\/","title":{"rendered":"Educa\u00e7\u00e3o e Cultura"},"content":{"rendered":"\t\t<div data-elementor-type=\"wp-page\" data-elementor-id=\"67\" class=\"elementor elementor-67\" data-elementor-post-type=\"page\">\n\t\t\t\t\t\t<section class=\"elementor-section elementor-top-section elementor-element elementor-element-300971bd elementor-section-boxed elementor-section-height-default elementor-section-height-default\" data-id=\"300971bd\" data-element_type=\"section\" data-e-type=\"section\">\n\t\t\t\t\t\t<div class=\"elementor-container elementor-column-gap-default\">\n\t\t\t\t\t<div class=\"elementor-column elementor-col-50 elementor-top-column elementor-element elementor-element-1c12a9b\" data-id=\"1c12a9b\" data-element_type=\"column\" data-e-type=\"column\">\n\t\t\t<div class=\"elementor-widget-wrap elementor-element-populated\">\n\t\t\t\t\t\t<div class=\"elementor-element elementor-element-2b63078 elementor-widget elementor-widget-sidebar\" data-id=\"2b63078\" data-element_type=\"widget\" data-e-type=\"widget\" data-widget_type=\"sidebar.default\">\n\t\t\t\t<div class=\"elementor-widget-container\">\n\t\t\t\t\t<aside id=\"nav_menu-3\" class=\"widget widget_nav_menu\"><div class=\"menu-setores-publicos-container\"><ul id=\"menu-setores-publicos\" class=\"menu\"><li id=\"menu-item-17088\" class=\"menu-item menu-item-type-post_type menu-item-object-page menu-item-17088\"><a href=\"https:\/\/www.cardoso.sp.gov.br\/site\/setores-publicos\/saude\/\">Sa\u00fade<\/a><\/li>\n<li id=\"menu-item-17084\" class=\"menu-item menu-item-type-post_type menu-item-object-page menu-item-17084\"><a href=\"https:\/\/www.cardoso.sp.gov.br\/site\/setores-publicos\/educacao-e-cultura\/\">Educa\u00e7\u00e3o e Cultura<\/a><\/li>\n<li id=\"menu-item-17085\" class=\"menu-item menu-item-type-post_type menu-item-object-page menu-item-17085\"><a href=\"https:\/\/www.cardoso.sp.gov.br\/site\/setores-publicos\/esporte\/\">Esporte<\/a><\/li>\n<li id=\"menu-item-17089\" class=\"menu-item menu-item-type-post_type menu-item-object-page menu-item-17089\"><a href=\"https:\/\/www.cardoso.sp.gov.br\/site\/setores-publicos\/social\/\">Social<\/a><\/li>\n<li id=\"menu-item-17086\" class=\"menu-item menu-item-type-post_type menu-item-object-page menu-item-17086\"><a href=\"https:\/\/www.cardoso.sp.gov.br\/site\/setores-publicos\/meio-ambiente\/\">Meio Ambiente<\/a><\/li>\n<li id=\"menu-item-17087\" class=\"menu-item menu-item-type-post_type menu-item-object-page menu-item-17087\"><a href=\"https:\/\/www.cardoso.sp.gov.br\/site\/setores-publicos\/obras-e-servicos\/\">Obras e Servi\u00e7os<\/a><\/li>\n<\/ul><\/div><\/aside>\t\t\t\t<\/div>\n\t\t\t\t<\/div>\n\t\t\t\t\t<\/div>\n\t\t<\/div>\n\t\t\t\t<div class=\"elementor-column elementor-col-50 elementor-top-column elementor-element elementor-element-713e4419\" data-id=\"713e4419\" data-element_type=\"column\" data-e-type=\"column\">\n\t\t\t<div class=\"elementor-widget-wrap elementor-element-populated\">\n\t\t\t\t\t\t<div class=\"elementor-element elementor-element-66b536db elementor-widget elementor-widget-text-editor\" data-id=\"66b536db\" data-element_type=\"widget\" data-e-type=\"widget\" data-widget_type=\"text-editor.default\">\n\t\t\t\t<div class=\"elementor-widget-container\">\n\t\t\t\t\t\t\t\t\t<p><span style=\"color: #000000;\">A Secretaria Municipal da Educa\u00e7\u00e3o e Cultura \u00e9 o \u00f3rg\u00e3o respons\u00e1vel pelo desenvolvimento da pol\u00edtica educacional e cultural do munic\u00edpio.<\/span><\/p>\n<p><span style=\"color: #000000;\">Atualmente, a rede municipal de ensino de Cardoso \u00e9 composta por uma equipe de 73 profissionais entre docentes e especialistas. Os&nbsp;&nbsp; alunos se dividem em nove unidades educacionais, sendo uma (1) escola de Ensino Fundamental II, duas (2) escolas de Ensino Fundamental I, 5 (cinco) escolas de Educa\u00e7\u00e3o Infantil e uma (1) escola de Educa\u00e7\u00e3o de Jovens e Adultos e Ensino Profissionalizante. As escolas de Ensino Fundamental I contam com o Projeto Mais Alfabetiza\u00e7\u00e3o que visa fortalecer e apoiar o processo de alfabetiza\u00e7\u00e3o dos estudantes regularmente matriculados no 1.\u00ba ano e no 2.\u00ba ano do ensino fundamental. As escolas de ensino fundamental I tamb\u00e9m contam com aulas de recupera\u00e7\u00e3o paralela, que auxiliam os alunos que apresentam maior dificuldade na aprendizagem.<\/span><\/p>\n<p><span style=\"color: #000000;\">Em 2018 o munic\u00edpio adotou o Sistema MAXI para os estudantes da educa\u00e7\u00e3o infantil e ensino fundamental I e para os estudantes do ensino fundamental II o Sistema SER.<\/span><\/p>\n<p><span style=\"color: #000000;\">O IDEB do munic\u00edpio em 2015 no Ensino Fundamental II foi de 5,4 e do Ensino Fundamental I foi de 6,4.<\/span><\/p>\n<p><strong><span style=\"color: #000000;\">ESCOLAS MUNICIPAIS:<\/span><\/strong><\/p>\n<blockquote>\n<pre><span style=\"color: #000000;\"><strong>EMEF Prof\u00aa Dirce L\u00edbano dos Santos<\/strong>\nRua S\u00e3o Paulo, 400 - Jd. Alvorada\nCEP 15570-000 \/ Cardoso-SP\nFone( 17) 3453-1099\nDiretora: Maria Cec\u00edlia da Silva Parpinelli\n\n<strong>EMEF Prof\u00ba Luiz Nunes Ferreira Filho\n<\/strong>Av. Romeu Viana Romanelli, 919 - Centro\nCEP 15570-000 \/ Cardoso-SP\nFone( 17) 3453-1155\nDiretora: Maria Aparecida Trindade Beltran\n\n<strong>EMEF Maria Ol\u00edmpia Gouv\u00eaa\n<\/strong>Rua Santo Ant\u00f4nio, 140 - Vila Balbino\nCEP 15570-000 \/ Cardoso-SP\nFone( 17) 3453-1120\nDiretora: Geisa Queli de Oliveira\n<strong>\nEMEI Fl\u00e1vio de Campos Queiroz\n<\/strong>Rua Rui Barbosa, 1848 - Centro\nCEP 15570-000 \/ Cardoso-SP\nFone( 17) 3466-0325\nDiretora: Graziela Leonardi de Faria Trindade\n\n<strong>EMEI Rafael Lustre Louren\u00e7o\n<\/strong>Rua 1, 2390 - Vila Urias de Paula\nCEP 15570-000 \/ Cardoso-SP\nFone( 17) 99628-6938\nDiretora: Andrea Pereira da Silva\n\n<strong>EMEF Ana Maria de Jesus\n<\/strong>Av Jos\u00e9 Domingues do Amaral, 2519 - Vila Progresso\nCEP 15570-000 \/ Cardoso-SP\nFone( 17) 3453-0330\nDiretora: Liliane Ana de Freitas Torres\n\n<strong>EMEI Rosa Leoc\u00e1dia de Miranda Rodrigues\n<\/strong>Rua Oito, s\/n - Vila Alves\nCEP 15570-000 \/ Cardoso-SP\nFone( 17) 3453-9135\nDiretora: Silvana Aparecida Spegiorin Ramos\n\n<strong>EMEI Maria Josefa da Trindade\n<\/strong>Rua Soares, 258 - S\u00e3o Jo\u00e3o do Marinheiro\nCEP 15570-000 \/ Cardoso-SP\nFone( 17) 3466-0602\nDiretora: Silvana Aparecida Spegiorin Ramos\n\n<strong>EMESP Prof\u00aa Edv\u00e2nia Dutra Pozzetti (EJA)<\/strong>\nAv Romeu Viana Romanelli, 919 - Centro\nCEP 15570-000 \/ Cardoso-SP\nFone (17) 3453-1903\nDiretor: Vin\u00edcius de Campos<\/span><\/pre>\n<\/blockquote>\t\t\t\t\t\t\t\t<\/div>\n\t\t\t\t<\/div>\n\t\t\t\t\t<\/div>\n\t\t<\/div>\n\t\t\t\t\t<\/div>\n\t\t<\/section>\n\t\t\t\t<\/div>\n\t\t<div class=\"gsp_post_data\" \r\n\t            data-post_type=\"page\" \r\n\t            data-cat=\"\" \r\n\t            data-modified=\"120\"\r\n\t            data-created=\"1414421714\"\r\n\t            data-title=\"Educa\u00e7\u00e3o e Cultura\" \r\n\t            data-home=\"https:\/\/www.cardoso.sp.gov.br\/site\"><\/div>","protected":false},"excerpt":{"rendered":"<p>A Secretaria Municipal da Educa\u00e7\u00e3o e Cultura \u00e9 o \u00f3rg\u00e3o respons\u00e1vel pelo desenvolvimento da pol\u00edtica educacional e cultural do munic\u00edpio. Atualmente, a rede municipal de ensino<span class=\"excerpt-hellip\"> [\u2026]<\/span><\/p>\n","protected":false},"author":1,"featured_media":8665,"parent":62,"menu_order":0,"comment_status":"closed","ping_status":"closed","template":"","meta":{"footnotes":""},"class_list":["post-67","page","type-page","status-publish","has-post-thumbnail","hentry"],"_links":{"self":[{"href":"https:\/\/www.cardoso.sp.gov.br\/site\/wp-json\/wp\/v2\/pages\/67","targetHints":{"allow":["GET"]}}],"collection":[{"href":"https:\/\/www.cardoso.sp.gov.br\/site\/wp-json\/wp\/v2\/pages"}],"about":[{"href":"https:\/\/www.cardoso.sp.gov.br\/site\/wp-json\/wp\/v2\/types\/page"}],"author":[{"embeddable":true,"href":"https:\/\/www.cardoso.sp.gov.br\/site\/wp-json\/wp\/v2\/users\/1"}],"replies":[{"embeddable":true,"href":"https:\/\/www.cardoso.sp.gov.br\/site\/wp-json\/wp\/v2\/comments?post=67"}],"version-history":[{"count":0,"href":"https:\/\/www.cardoso.sp.gov.br\/site\/wp-json\/wp\/v2\/pages\/67\/revisions"}],"up":[{"embeddable":true,"href":"https:\/\/www.cardoso.sp.gov.br\/site\/wp-json\/wp\/v2\/pages\/62"}],"wp:featuredmedia":[{"embeddable":true,"href":"https:\/\/www.cardoso.sp.gov.br\/site\/wp-json\/wp\/v2\/media\/8665"}],"wp:attachment":[{"href":"https:\/\/www.cardoso.sp.gov.br\/site\/wp-json\/wp\/v2\/media?parent=67"}],"curies":[{"name":"wp","href":"https:\/\/api.w.org\/{rel}","templated":true}]}}