{"id":60,"date":"2014-10-27T14:50:29","date_gmt":"2014-10-27T16:50:29","guid":{"rendered":"https:\/\/www.cardoso.sp.gov.br\/site\/?page_id=60"},"modified":"2025-09-07T12:01:58","modified_gmt":"2025-09-07T15:01:58","slug":"emails-prefeitura","status":"publish","type":"page","link":"https:\/\/www.cardoso.sp.gov.br\/site\/prefeitura\/emails-prefeitura\/","title":{"rendered":"Emails Prefeitura"},"content":{"rendered":"\t\t<div data-elementor-type=\"wp-page\" data-elementor-id=\"60\" class=\"elementor elementor-60\" data-elementor-post-type=\"page\">\n\t\t\t\t\t\t<section class=\"elementor-section elementor-top-section elementor-element elementor-element-53aa4bb3 elementor-section-boxed elementor-section-height-default elementor-section-height-default\" data-id=\"53aa4bb3\" data-element_type=\"section\" data-e-type=\"section\">\n\t\t\t\t\t\t<div class=\"elementor-container elementor-column-gap-default\">\n\t\t\t\t\t<div class=\"elementor-column elementor-col-100 elementor-top-column elementor-element elementor-element-a73dc2\" data-id=\"a73dc2\" data-element_type=\"column\" data-e-type=\"column\">\n\t\t\t<div class=\"elementor-widget-wrap elementor-element-populated\">\n\t\t\t\t\t\t<div class=\"elementor-element elementor-element-5aea6915 elementor-widget elementor-widget-text-editor\" data-id=\"5aea6915\" data-element_type=\"widget\" data-e-type=\"widget\" data-widget_type=\"text-editor.default\">\n\t\t\t\t<div class=\"elementor-widget-container\">\n\t\t\t\t\t\t\t\t\t<table>\n<tbody>\n<tr>\n<td>Agricultura<\/td>\n<td>agricultura@cardoso.sp.gov.br<\/td>\n<\/tr>\n<tr>\n<td><span style=\"color: #ff6600;\">Almoxarifado Municipal<\/span><\/td>\n<td><span style=\"color: #ff6600;\">almoxarifado@cardoso.sp.gov.br<\/span><\/td>\n<\/tr>\n<tr>\n<td>Banco do Povo Paulista<\/td>\n<td>bancodopovo@cardoso.sp.gov.br<\/td>\n<\/tr>\n<tr>\n<td><span style=\"color: #ff6600;\">Comunica\u00e7\u00e3o<\/span><\/td>\n<td><span style=\"color: #ff6600;\">comunicacao@cardoso.sp.gov.br<\/span><\/td>\n<\/tr>\n<tr>\n<td>Controle Interno<\/td>\n<td>controleinterno@cardoso.sp.gov.br<\/td>\n<\/tr>\n<tr>\n<td><span style=\"color: #ff6600;\">CRAS<\/span><\/td>\n<td><span style=\"color: #ff6600;\">social@cardoso.sp.gov.br<\/span><\/td>\n<\/tr>\n<tr>\n<td>Dep. de Receita Tribut\u00e1ria e D\u00edvida Ativa\/Dep. Fisc. Trib. e Mobili\u00e1ria<\/td>\n<td>tributos@cardoso.sp.gov.br<\/td>\n<\/tr>\n<tr>\n<td><span style=\"color: #ff6600;\">Departamento de Contabilidade e Or\u00e7amento<\/span><\/td>\n<td><span style=\"color: #ff6600;\">contabilidade@cardoso.sp.gov.br<\/span><\/td>\n<\/tr>\n<tr>\n<td>Departamento de Ind\u00fastria e Com\u00e9rcio<\/td>\n<td>comercio@cardoso.sp.gov.br<\/td>\n<\/tr>\n<tr>\n<td><span style=\"color: #ff6600;\">Departamento de Licita\u00e7\u00e3o<\/span><\/td>\n<td><span style=\"color: #ff6600;\">licitacao@cardoso.sp.gov.br<\/span><\/td>\n<\/tr>\n<tr>\n<td>Departamento de Meio Ambiente<\/td>\n<td>meioambiente@cardoso.sp.gov.br<\/td>\n<\/tr>\n<tr>\n<td><span style=\"color: #ff6600;\">Departamento de Merenda Escolar<\/span><\/td>\n<td><span style=\"color: #ff6600;\">merenda@cardoso.sp.gov.br<\/span><\/td>\n<\/tr>\n<tr>\n<td>Departamento de Recursos Humanos<\/td>\n<td>rh@cardoso.sp.gov.br<\/td>\n<\/tr>\n<tr>\n<td><span style=\"color: #ff6600;\">Departamento de Secretaria<\/span><\/td>\n<td><span style=\"color: #ff6600;\">prefeitura@cardoso.sp.gov.br<\/span><\/td>\n<\/tr>\n<tr>\n<td>Departamento de Turismo e Lazer<\/td>\n<td>lazer@cardoso.sp.gov.br<\/td>\n<\/tr>\n<tr>\n<td><span style=\"color: #ff6600;\">Divulgue Seu Evento<\/span><\/td>\n<td><span style=\"color: #ff6600;\">divulgueseuevento@cardoso.sp.gov.br<\/span><\/td>\n<\/tr>\n<tr>\n<td>EMEFEI Maria Ol\u00edmpia Gouv\u00eaa<\/td>\n<td>mariaolimpia@cardoso.sp.gov.br<\/td>\n<\/tr>\n<tr>\n<td><span style=\"color: #ff6600;\">EMEFEI Professor Luiz Nunes Ferreira Filho<\/span><\/td>\n<td><span style=\"color: #ff6600;\">luiznunes@cardoso.sp.gov.br<\/span><\/td>\n<\/tr>\n<tr>\n<td>EMEFEI Professora Dirce L\u00edbano dos Santos<\/td>\n<td>dircelibano@cardoso.sp.gov.br<\/td>\n<\/tr>\n<tr>\n<td><span style=\"color: #ff6600;\">EMESP Professora Edvania Dutra Pozzetti<\/span><\/td>\n<td><span style=\"color: #ff6600;\">edvaniadutra@cardoso.sp.gov.br<\/span><\/td>\n<\/tr>\n<tr>\n<td>Esportes<\/td>\n<td>esportes@cardoso.sp.gov.br<\/td>\n<\/tr>\n<tr>\n<td><span style=\"color: #ff6600;\">Fundo Social de Solidariedade<\/span><\/td>\n<td><span style=\"color: #ff6600;\">fss@cardoso.sp.gov.br<\/span><\/td>\n<\/tr>\n<tr>\n<td>Instituto de Previd\u00eancia Municipal de Cardoso<\/td>\n<td>ipremcar@cardoso.sp.gov.br<\/td>\n<\/tr>\n<tr>\n<td><span style=\"color: #ff6600;\">Junta de Servi\u00e7o Militar<\/span><\/td>\n<td><span style=\"color: #ff6600;\">juntamilitar@cardoso.sp.gov.br<\/span><\/td>\n<\/tr>\n<tr>\n<td>Prefeito<\/td>\n<td>prefeito@cardoso.sp.gov.br<\/td>\n<\/tr>\n<tr>\n<td><span style=\"color: #ff6600;\">Presta\u00e7\u00e3o de Contas<\/span><\/td>\n<td><span style=\"color: #ff6600;\">pcontas@cardoso.sp.gov.br<\/span><\/td>\n<\/tr>\n<tr>\n<td>Secr. Mun. Administra\u00e7\u00e3o,&nbsp; Finan\u00e7as e Controladoria<\/td>\n<td>adm@cardoso.sp.gov.br<\/td>\n<\/tr>\n<tr>\n<td><span style=\"color: #ff6600;\">Secretaria de Assuntos Jur\u00eddicos<\/span><\/td>\n<td><span style=\"color: #ff6600;\">juridico@cardoso.sp.gov.br<\/span><\/td>\n<\/tr>\n<tr>\n<td>Secretaria Municipal de Assist\u00eancia Social<\/td>\n<td>secretariaassistencia@cardoso.sp.gov.br<\/td>\n<\/tr>\n<tr>\n<td><span style=\"color: #ff6600;\">Secretaria Municipal de Educa\u00e7\u00e3o e Cultura<\/span><\/td>\n<td><span style=\"color: #ff6600;\">educacao@cardoso.sp.gov.br<\/span><\/td>\n<\/tr>\n<tr>\n<td>Secretaria Municipal de Obras e Servi\u00e7os<\/td>\n<td>secretariaobras@cardoso.sp.gov.br<\/td>\n<\/tr>\n<tr>\n<td><span style=\"color: #ff6600;\">Secretaria Municipal de Sa\u00fade<\/span><\/td>\n<td><span style=\"color: #ff6600;\">saude@cardoso.sp.gov.br<\/span><\/td>\n<\/tr>\n<tr>\n<td>Secret\u00e1ria Municipal de Sa\u00fade<\/td>\n<td>secretariadesaude@cardoso.sp.gov.br<\/td>\n<\/tr>\n<tr>\n<td><span style=\"color: #ff6600;\">Secretaria Municipal de Turismo<\/span><\/td>\n<td><span style=\"color: #ff6600;\">turismo@cardoso.sp.gov.br<\/span><\/td>\n<\/tr>\n<tr>\n<td>Setor de Compras<\/td>\n<td>compras@cardoso.sp.gov.br<\/td>\n<\/tr>\n<tr>\n<td><span style=\"color: #ff6600;\">Setor de Patrim\u00f4nio<\/span><\/td>\n<td><span style=\"color: #ff6600;\">patrimonio@cardoso.sp.gov.br<\/span><\/td>\n<\/tr>\n<tr>\n<td>Setor de Tecnologia da Informa\u00e7\u00e3o<\/td>\n<td>ti@cardoso.sp.gov.br<\/td>\n<\/tr>\n<tr>\n<td><span style=\"color: #ff6600;\">Setor de Tesouraria<\/span><\/td>\n<td><span style=\"color: #ff6600;\">tesouraria@cardoso.sp.gov.br<\/span><\/td>\n<\/tr>\n<tr>\n<td>Unidade de Avalia\u00e7\u00e3o e Controle<\/td>\n<td>uac@cardoso.sp.gov.br<\/td>\n<\/tr>\n<tr>\n<td><span style=\"color: #ff6600;\">Vigil\u00e2ncia Sanit\u00e1ria<\/span><\/td>\n<td><span style=\"color: #ff6600;\">vigilanciasanitaria@cardoso.sp.gov.br<\/span><\/td>\n<\/tr>\n<\/tbody>\n<\/table>\t\t\t\t\t\t\t\t<\/div>\n\t\t\t\t<\/div>\n\t\t\t\t\t<\/div>\n\t\t<\/div>\n\t\t\t\t\t<\/div>\n\t\t<\/section>\n\t\t\t\t<\/div>\n\t\t<div class=\"gsp_post_data\" data-post_type=\"page\" data-cat=\"\" data-modified=\"120\" data-title=\"Emails Prefeitura\" data-home=\"https:\/\/www.cardoso.sp.gov.br\/site\"><\/div>","protected":false},"excerpt":{"rendered":"<p>Agricultura agricultura@cardoso.sp.gov.br Almoxarifado Municipal almoxarifado@cardoso.sp.gov.br Banco do Povo Paulista bancodopovo@cardoso.sp.gov.br Comunica\u00e7\u00e3o comunicacao@cardoso.sp.gov.br Controle Interno controleinterno@cardoso.sp.gov.br CRAS social@cardoso.sp.gov.br Dep. de Receita Tribut\u00e1ria e D\u00edvida Ativa\/Dep. Fisc. Trib.<span class=\"excerpt-hellip\"> [\u2026]<\/span><\/p>\n","protected":false},"author":1,"featured_media":0,"parent":151,"menu_order":0,"comment_status":"closed","ping_status":"closed","template":"","meta":{"footnotes":""},"class_list":["post-60","page","type-page","status-publish","hentry"],"_links":{"self":[{"href":"https:\/\/www.cardoso.sp.gov.br\/site\/wp-json\/wp\/v2\/pages\/60","targetHints":{"allow":["GET"]}}],"collection":[{"href":"https:\/\/www.cardoso.sp.gov.br\/site\/wp-json\/wp\/v2\/pages"}],"about":[{"href":"https:\/\/www.cardoso.sp.gov.br\/site\/wp-json\/wp\/v2\/types\/page"}],"author":[{"embeddable":true,"href":"https:\/\/www.cardoso.sp.gov.br\/site\/wp-json\/wp\/v2\/users\/1"}],"replies":[{"embeddable":true,"href":"https:\/\/www.cardoso.sp.gov.br\/site\/wp-json\/wp\/v2\/comments?post=60"}],"version-history":[{"count":1,"href":"https:\/\/www.cardoso.sp.gov.br\/site\/wp-json\/wp\/v2\/pages\/60\/revisions"}],"predecessor-version":[{"id":21879,"href":"https:\/\/www.cardoso.sp.gov.br\/site\/wp-json\/wp\/v2\/pages\/60\/revisions\/21879"}],"up":[{"embeddable":true,"href":"https:\/\/www.cardoso.sp.gov.br\/site\/wp-json\/wp\/v2\/pages\/151"}],"wp:attachment":[{"href":"https:\/\/www.cardoso.sp.gov.br\/site\/wp-json\/wp\/v2\/media?parent=60"}],"curies":[{"name":"wp","href":"https:\/\/api.w.org\/{rel}","templated":true}]}}