{"id":56,"date":"2014-10-27T14:49:37","date_gmt":"2014-10-27T16:49:37","guid":{"rendered":"https:\/\/www.cardoso.sp.gov.br\/site\/?page_id=56"},"modified":"2022-06-30T16:20:26","modified_gmt":"2022-06-30T19:20:26","slug":"guia-do-turista","status":"publish","type":"page","link":"https:\/\/www.cardoso.sp.gov.br\/site\/guia-do-turista\/","title":{"rendered":"Guia Completo ao Turista"},"content":{"rendered":"\t\t<div data-elementor-type=\"wp-page\" data-elementor-id=\"56\" class=\"elementor elementor-56\" data-elementor-post-type=\"page\">\n\t\t\t\t\t\t<section class=\"elementor-section elementor-top-section elementor-element elementor-element-2f533b17 elementor-section-boxed elementor-section-height-default elementor-section-height-default\" data-id=\"2f533b17\" data-element_type=\"section\" data-e-type=\"section\">\n\t\t\t\t\t\t<div class=\"elementor-container elementor-column-gap-default\">\n\t\t\t\t\t<div class=\"elementor-column elementor-col-100 elementor-top-column elementor-element elementor-element-4f3d2f1a\" data-id=\"4f3d2f1a\" data-element_type=\"column\" data-e-type=\"column\">\n\t\t\t<div class=\"elementor-widget-wrap elementor-element-populated\">\n\t\t\t\t\t\t<div class=\"elementor-element elementor-element-4e430bff elementor-widget elementor-widget-text-editor\" data-id=\"4e430bff\" data-element_type=\"widget\" data-e-type=\"widget\" data-widget_type=\"text-editor.default\">\n\t\t\t\t<div class=\"elementor-widget-container\">\n\t\t\t\t\t\t\t\t\t<p><strong>Cardoso<\/strong>&nbsp;\u00e9 um&nbsp;munic\u00edpio&nbsp;brasileiro&nbsp;do&nbsp;estado&nbsp;de&nbsp;S\u00e3o Paulo. Localiza-se a uma&nbsp;latitude&nbsp;20\u00ba04&#8217;55&#8221;&nbsp;sul&nbsp;e a uma&nbsp;longitude&nbsp;49\u00ba54&#8217;51&#8221;&nbsp;oeste, estando a uma altitude de 422 metros. Tem uma popula\u00e7\u00e3o de 12.305 habitantes (IBGE\/2016). Cardoso pertence \u00e0&nbsp;Microrregi\u00e3o de Votuporanga&nbsp;e a&nbsp;Mesorregi\u00e3o de S\u00e3o Jos\u00e9 do Rio Preto, localizando-se no noroeste paulista.<\/p>\n<p><strong>Turismo\/Lazer e Entretenimento<\/strong><\/p>\n<p>A cidade \u00e9 banhada por v\u00e1rios rios, tendo como locais tur\u00edsticos: no Rio Tomaiz\u00e3o a Praia de \u00e1gua doce o &#8220;Complexo Tur\u00edstico Leandro Trindade da Silveira\u201d; no Rio Tomaizinho: Associa\u00e7\u00e3o SABESP e Associa\u00e7\u00e3o Atl\u00e9tica Banco do Brasil (AABB); no Rio Marinheiro: Ponte do Rio Marinheiro e Hotel Fazenda Foz do Marinheiro; no Rio Grande (divisa com Mina Gerais): Bacuri e Porto Milit\u00e3o e no Rio Turvo: a Ponte do Rio Turvo. Na cidade a Lagoa \u201cHygino Zampronha\u201d, Centro Social Urbano (CSU) &#8220;Odilo Pereira Borges&#8221;, Est\u00e1dio Municipal \u201cJos\u00e9 Romualdo Rosa\u201d, Recinto Municipal \u201cJos\u00e9 Ferreira das Neves\u201d<\/p>\n<p><strong>Economia<\/strong><\/p>\n<p>A economia local \u00e9 baseada essencialmente nos agroneg\u00f3cios, na bovinocultura (mista e de corte) e no cultivo da Cana de a\u00e7\u00facar. Al\u00e9m de o turismo, ter tamb\u00e9m, grande participa\u00e7\u00e3o na economia local.&nbsp;O PIB(Produto Interno Bruto) de Cardoso \u00e9 de 151.460 mil reais, o PIB per capita \u00e9 de 12.381,29 reais.&nbsp;Cardoso conta com 2 ag\u00eancias banc\u00e1rias, sendo uma Banco do Brasil e uma Banco Bradesco.&nbsp;Em 2010, a taxa de atividade da popula\u00e7\u00e3o de 18 anos ou mais (Percentual da popula\u00e7\u00e3o economicamente ativa) era de 58,83%. Sua taxa de desocupa\u00e7\u00e3o (Percentual da popula\u00e7\u00e3o economicamente ativa) era de 5,31% em 2010.<\/p>\n<p>\n\t\t\t<style type='text\/css'>\n\t\t\t\t#sc_gallery-1 {\n\t\t\t\t\tmargin: auto;\n\t\t\t\t}\n\t\t\t\t#sc_gallery-1 .gallery-item {\n\t\t\t\t\tfloat: left;\n\t\t\t\t\ttext-align: center;\n\t\t\t\t\twidth: 33.33%;\n\t\t\t\t}\n\t\t\t\t#sc_gallery-1 img {\n\t\t\t\t\tborder: 2px solid #cfcfcf;\n\t\t\t\t}\n\t\t\t\t\/* see sc_gallery() in functions\/theme-shortcodes.php *\/\n\t\t\t<\/style>\n\t\t<div id='sc_gallery-1' class='gallery galleryid-56 gallery-columns-3 gallery-size-thumbnail file element_classes gallery-default'><dl class='gallery-item'  data-title='Entradacidade' data-description=''><div class='gallery-item-wrapper'>\n\t\t\t\t<dt class='gallery-icon landscape'>\n\t\t\t\t\t<a href='https:\/\/www.cardoso.sp.gov.br\/site\/wp-content\/uploads\/2014\/10\/entradacidade-1.jpg'><img decoding=\"async\" width=\"200\" height=\"200\" src=\"https:\/\/www.cardoso.sp.gov.br\/site\/wp-content\/uploads\/2014\/10\/entradacidade-1-200x200.jpg\" class=\"attachment-thumbnail size-thumbnail\" alt=\"\" \/><\/a>\n\t\t\t\t<\/dt>\n\t\t\t\t\t<dd class='wp-caption-text gallery-caption'>\n\t\t\t\t\tEntrada Principal\n\t\t\t\t\t<\/dd><\/div><\/dl><dl class='gallery-item'  data-title='Portaisdacidade' data-description=''><div class='gallery-item-wrapper'>\n\t\t\t\t<dt class='gallery-icon landscape'>\n\t\t\t\t\t<a href='https:\/\/www.cardoso.sp.gov.br\/site\/wp-content\/uploads\/2014\/10\/portaisdacidade.jpg'><img decoding=\"async\" width=\"200\" height=\"200\" src=\"https:\/\/www.cardoso.sp.gov.br\/site\/wp-content\/uploads\/2014\/10\/portaisdacidade-200x200.jpg\" class=\"attachment-thumbnail size-thumbnail\" alt=\"\" \/><\/a>\n\t\t\t\t<\/dt>\n\t\t\t\t\t<dd class='wp-caption-text gallery-caption'>\n\t\t\t\t\tPortais da cidade\n\t\t\t\t\t<\/dd><\/div><\/dl>\n\t\t\t\t<br style='clear: both' \/>\n\t\t\t<\/div>\n<\/p>\n<p><\/p>\t\t\t\t\t\t\t\t<\/div>\n\t\t\t\t<\/div>\n\t\t\t\t<div class=\"elementor-element elementor-element-9dfee2f elementor-widget elementor-widget-text-editor\" data-id=\"9dfee2f\" data-element_type=\"widget\" data-e-type=\"widget\" data-widget_type=\"text-editor.default\">\n\t\t\t\t<div class=\"elementor-widget-container\">\n\t\t\t\t\t\t\t\t\t<p><span style=\"letter-spacing: 0px;\">A cidade oferece todo o suporte necess\u00e1rio para uma boa estadia.<\/span><br><\/p>\n<p>Organize sua vinda acessando nosso <a href=\"https:\/\/www.cardoso.sp.gov.br\/site\/guia-de-viagem\">GUIA DE VIAGEM<\/a>.<\/p>\n<p>Aproveite sua estadia e conhe\u00e7a nossos PONTOS TUR\u00cdSTICOS.<\/p>\n<p>P\u00c1GINA EM MANUTEN\u00c7\u00c3O CONSTANTE, ALGUNS LINKS PODEM N\u00c3O FUNCIONAR.<\/p>\n<p><\/p>\t\t\t\t\t\t\t\t<\/div>\n\t\t\t\t<\/div>\n\t\t\t\t\t<\/div>\n\t\t<\/div>\n\t\t\t\t\t<\/div>\n\t\t<\/section>\n\t\t\t\t<\/div>\n\t\t<div class=\"gsp_post_data\" data-post_type=\"page\" data-cat=\"\" data-modified=\"120\" data-title=\"Guia Completo ao Turista\" data-home=\"https:\/\/www.cardoso.sp.gov.br\/site\"><\/div>","protected":false},"excerpt":{"rendered":"<p>Cardoso&nbsp;\u00e9 um&nbsp;munic\u00edpio&nbsp;brasileiro&nbsp;do&nbsp;estado&nbsp;de&nbsp;S\u00e3o Paulo. Localiza-se a uma&nbsp;latitude&nbsp;20\u00ba04&#8217;55&#8221;&nbsp;sul&nbsp;e a uma&nbsp;longitude&nbsp;49\u00ba54&#8217;51&#8221;&nbsp;oeste, estando a uma altitude de 422 metros. Tem uma popula\u00e7\u00e3o de 12.305 habitantes (IBGE\/2016). Cardoso pertence \u00e0&nbsp;Microrregi\u00e3o de<span class=\"excerpt-hellip\"> [\u2026]<\/span><\/p>\n","protected":false},"author":1,"featured_media":0,"parent":0,"menu_order":0,"comment_status":"closed","ping_status":"closed","template":"","meta":{"footnotes":""},"class_list":["post-56","page","type-page","status-publish","hentry"],"_links":{"self":[{"href":"https:\/\/www.cardoso.sp.gov.br\/site\/wp-json\/wp\/v2\/pages\/56","targetHints":{"allow":["GET"]}}],"collection":[{"href":"https:\/\/www.cardoso.sp.gov.br\/site\/wp-json\/wp\/v2\/pages"}],"about":[{"href":"https:\/\/www.cardoso.sp.gov.br\/site\/wp-json\/wp\/v2\/types\/page"}],"author":[{"embeddable":true,"href":"https:\/\/www.cardoso.sp.gov.br\/site\/wp-json\/wp\/v2\/users\/1"}],"replies":[{"embeddable":true,"href":"https:\/\/www.cardoso.sp.gov.br\/site\/wp-json\/wp\/v2\/comments?post=56"}],"version-history":[{"count":0,"href":"https:\/\/www.cardoso.sp.gov.br\/site\/wp-json\/wp\/v2\/pages\/56\/revisions"}],"wp:attachment":[{"href":"https:\/\/www.cardoso.sp.gov.br\/site\/wp-json\/wp\/v2\/media?parent=56"}],"curies":[{"name":"wp","href":"https:\/\/api.w.org\/{rel}","templated":true}]}}