{"id":50,"date":"2014-10-27T14:45:28","date_gmt":"2014-10-27T16:45:28","guid":{"rendered":"https:\/\/www.cardoso.sp.gov.br\/site\/?page_id=50"},"modified":"2022-06-30T15:29:23","modified_gmt":"2022-06-30T18:29:23","slug":"unidades-de-saude","status":"publish","type":"page","link":"https:\/\/www.cardoso.sp.gov.br\/site\/unidades-de-saude\/","title":{"rendered":"Unidades de Sa\u00fade"},"content":{"rendered":"\t\t<div data-elementor-type=\"wp-page\" data-elementor-id=\"50\" class=\"elementor elementor-50\" data-elementor-post-type=\"page\">\n\t\t\t\t\t\t<section class=\"elementor-section elementor-top-section elementor-element elementor-element-4e970854 elementor-section-boxed elementor-section-height-default elementor-section-height-default\" data-id=\"4e970854\" data-element_type=\"section\" data-e-type=\"section\">\n\t\t\t\t\t\t<div class=\"elementor-container elementor-column-gap-default\">\n\t\t\t\t\t<div class=\"elementor-column elementor-col-100 elementor-top-column elementor-element elementor-element-4b0ed1e6\" data-id=\"4b0ed1e6\" data-element_type=\"column\" data-e-type=\"column\">\n\t\t\t<div class=\"elementor-widget-wrap elementor-element-populated\">\n\t\t\t\t\t\t<div class=\"elementor-element elementor-element-1b483806 elementor-widget elementor-widget-text-editor\" data-id=\"1b483806\" data-element_type=\"widget\" data-e-type=\"widget\" data-widget_type=\"text-editor.default\">\n\t\t\t\t<div class=\"elementor-widget-container\">\n\t\t\t\t\t\t\t\t\t<p><strong>Estrat\u00e9gia Sa\u00fade da Fam\u00edlia Vila Progresso \u201cOrozino Jos\u00e9 dos Santos\u201d<\/strong><br>\nAv. Jos\u00e9 Domingues do Amaral, 2715<br>\n(17) 98164-4854<br>\nAtendimento M\u00e9dico e Odontol\u00f3gico: de Segunda \u00e0 Sexta das 07h00min \u00e0s 17h00min<br>\n<img fetchpriority=\"high\" decoding=\"async\" class=\"wp-image-13956 size-medium\" src=\"https:\/\/www.cardoso.sp.gov.br\/site\/wp-content\/uploads\/2020\/12\/IMG_6514-300x200.jpg\" alt=\"\" width=\"300\" height=\"200\" srcset=\"https:\/\/www.cardoso.sp.gov.br\/site\/wp-content\/uploads\/2020\/12\/IMG_6514-300x200.jpg 300w, https:\/\/www.cardoso.sp.gov.br\/site\/wp-content\/uploads\/2020\/12\/IMG_6514-768x512.jpg 768w, https:\/\/www.cardoso.sp.gov.br\/site\/wp-content\/uploads\/2020\/12\/IMG_6514-450x300.jpg 450w, https:\/\/www.cardoso.sp.gov.br\/site\/wp-content\/uploads\/2020\/12\/IMG_6514.jpg 1024w\" sizes=\"(max-width:767px) 300px, 300px\" \/><\/p>\n<p><strong>Estrat\u00e9gia Sa\u00fade da Fam\u00edlia Vila Urias de Paula \u201cDeolisia Ferreira Borges\u201d<\/strong><br>\nRua&nbsp;Ivan Jos\u00e9 Borges, 2390<br>\n(17) 98164-4885<br>\nAtendimento M\u00e9dico e Odontol\u00f3gico: de Segunda \u00e0 Sexta das 07h00min \u00e0s 17h00min<br>\n<img decoding=\"async\" class=\"wp-image-13957 size-medium\" src=\"https:\/\/www.cardoso.sp.gov.br\/site\/wp-content\/uploads\/2020\/12\/IMG_6550-300x200.jpg\" alt=\"\" width=\"300\" height=\"200\" srcset=\"https:\/\/www.cardoso.sp.gov.br\/site\/wp-content\/uploads\/2020\/12\/IMG_6550-300x200.jpg 300w, https:\/\/www.cardoso.sp.gov.br\/site\/wp-content\/uploads\/2020\/12\/IMG_6550-768x512.jpg 768w, https:\/\/www.cardoso.sp.gov.br\/site\/wp-content\/uploads\/2020\/12\/IMG_6550-450x300.jpg 450w, https:\/\/www.cardoso.sp.gov.br\/site\/wp-content\/uploads\/2020\/12\/IMG_6550.jpg 1024w\" sizes=\"(max-width:767px) 300px, 300px\" \/><\/p>\n<p><strong>Estrat\u00e9gia Sa\u00fade da Fam\u00edlia S\u00e3o Jo\u00e3o do Marinheiro \u201cNicanor Fl\u00e1vio Marques\u201d<\/strong><br>\nAv. Abreu, 314<br>\n(17) 3466-6160<br>\nAtendimento M\u00e9dico e Odontol\u00f3gico: de Segunda \u00e0 Sexta das 07h00min \u00e0s 17h00min<br>\n<img decoding=\"async\" class=\"wp-image-13958 size-medium\" src=\"https:\/\/www.cardoso.sp.gov.br\/site\/wp-content\/uploads\/2020\/12\/IMG_6557-300x200.jpg\" alt=\"\" width=\"300\" height=\"200\" srcset=\"https:\/\/www.cardoso.sp.gov.br\/site\/wp-content\/uploads\/2020\/12\/IMG_6557-300x200.jpg 300w, https:\/\/www.cardoso.sp.gov.br\/site\/wp-content\/uploads\/2020\/12\/IMG_6557-768x512.jpg 768w, https:\/\/www.cardoso.sp.gov.br\/site\/wp-content\/uploads\/2020\/12\/IMG_6557-450x300.jpg 450w, https:\/\/www.cardoso.sp.gov.br\/site\/wp-content\/uploads\/2020\/12\/IMG_6557.jpg 1024w\" sizes=\"(max-width:767px) 300px, 300px\" \/><\/p>\n<p><strong>Unidade B\u00e1sica de Sa\u00fade Vila Alves \u201cMaria Clara Bozeli Santana\u201d<\/strong><br>\nRua Oito, 346<br>\n(17) 3453-9135<br>\nAtendimento M\u00e9dico e Odontol\u00f3gico: de Segunda \u00e0 Sexta das 07h00min \u00e0s 17h00min<br>\n<img loading=\"lazy\" decoding=\"async\" class=\"wp-image-13959 size-medium\" src=\"https:\/\/www.cardoso.sp.gov.br\/site\/wp-content\/uploads\/2020\/12\/IMG_6562-300x200.jpg\" alt=\"\" width=\"300\" height=\"200\" srcset=\"https:\/\/www.cardoso.sp.gov.br\/site\/wp-content\/uploads\/2020\/12\/IMG_6562-300x200.jpg 300w, https:\/\/www.cardoso.sp.gov.br\/site\/wp-content\/uploads\/2020\/12\/IMG_6562-768x512.jpg 768w, https:\/\/www.cardoso.sp.gov.br\/site\/wp-content\/uploads\/2020\/12\/IMG_6562-450x300.jpg 450w, https:\/\/www.cardoso.sp.gov.br\/site\/wp-content\/uploads\/2020\/12\/IMG_6562.jpg 1024w\" sizes=\"(max-width:767px) 300px, 300px\" \/><\/p>\n<p><strong>Pronto Socorro &#8211;&nbsp;anexo \u00e0 Santa Casa<\/strong><br>\nRua Em\u00edlio Fernandes Bilar.<br>\n(17)&nbsp;3453-1233<br>\nAtendimento M\u00e9dico de Urg\u00eancia e Emerg\u00eancia 24hs<br>\n<img loading=\"lazy\" decoding=\"async\" class=\"wp-image-13963 size-medium\" src=\"https:\/\/www.cardoso.sp.gov.br\/site\/wp-content\/uploads\/2020\/12\/IMG_6545-300x200.jpg\" alt=\"\" width=\"300\" height=\"200\" srcset=\"https:\/\/www.cardoso.sp.gov.br\/site\/wp-content\/uploads\/2020\/12\/IMG_6545-300x200.jpg 300w, https:\/\/www.cardoso.sp.gov.br\/site\/wp-content\/uploads\/2020\/12\/IMG_6545-768x512.jpg 768w, https:\/\/www.cardoso.sp.gov.br\/site\/wp-content\/uploads\/2020\/12\/IMG_6545-450x300.jpg 450w, https:\/\/www.cardoso.sp.gov.br\/site\/wp-content\/uploads\/2020\/12\/IMG_6545.jpg 1024w\" sizes=\"(max-width:767px) 300px, 300px\" \/><\/p>\n<p><strong>Estrat\u00e9gia de Sa\u00fade da Fam\u00edlia Vila Santos Reis &#8220;Raimundo Ferreira da Silva&#8221;<\/strong><br>\nRua Santos Dumont, 510<br>\n(17) 3466-3473<br>\nAtendimento M\u00e9dico e Odontol\u00f3gico: de Segunda \u00e0 Sexta das 07h00min \u00e0s 17h00min<br>\n<img loading=\"lazy\" decoding=\"async\" class=\"wp-image-13960 size-medium\" src=\"https:\/\/www.cardoso.sp.gov.br\/site\/wp-content\/uploads\/2020\/12\/IMG_6521-300x200.jpg\" alt=\"\" width=\"300\" height=\"200\" srcset=\"https:\/\/www.cardoso.sp.gov.br\/site\/wp-content\/uploads\/2020\/12\/IMG_6521-300x200.jpg 300w, https:\/\/www.cardoso.sp.gov.br\/site\/wp-content\/uploads\/2020\/12\/IMG_6521-768x512.jpg 768w, https:\/\/www.cardoso.sp.gov.br\/site\/wp-content\/uploads\/2020\/12\/IMG_6521-450x300.jpg 450w, https:\/\/www.cardoso.sp.gov.br\/site\/wp-content\/uploads\/2020\/12\/IMG_6521.jpg 1024w\" sizes=\"(max-width:767px) 300px, 300px\" \/><\/p>\n<p><strong>Centro de Sa\u00fade II Cardoso \u201cDr. Danilo Alberto Vicente Medeiros\u201d<\/strong><br>\nRua Deputado Castro de Carvalho, 1297<br>\n(17) 3453-1142<br>\nAtendimento M\u00e9dico e Odontol\u00f3gico: de Segunda \u00e0 Sexta das 07h00min \u00e0s 17h00min<br>\n<strong>D\u00favidas e mais informa\u00e7\u00f5es sobre a Sa\u00fade: saude@cardoso.sp.gov.br<\/strong><br>\n<img loading=\"lazy\" decoding=\"async\" class=\"wp-image-13961 size-medium\" src=\"https:\/\/www.cardoso.sp.gov.br\/site\/wp-content\/uploads\/2020\/12\/IMG_6535-300x200.jpg\" alt=\"\" width=\"300\" height=\"200\" srcset=\"https:\/\/www.cardoso.sp.gov.br\/site\/wp-content\/uploads\/2020\/12\/IMG_6535-300x200.jpg 300w, https:\/\/www.cardoso.sp.gov.br\/site\/wp-content\/uploads\/2020\/12\/IMG_6535-768x512.jpg 768w, https:\/\/www.cardoso.sp.gov.br\/site\/wp-content\/uploads\/2020\/12\/IMG_6535-450x300.jpg 450w, https:\/\/www.cardoso.sp.gov.br\/site\/wp-content\/uploads\/2020\/12\/IMG_6535.jpg 1024w\" sizes=\"(max-width:767px) 300px, 300px\" \/><\/p>\n<p><strong>&nbsp;<\/strong><br>\n<strong>SAMU &#8211; Servi\u00e7o de Atendimento M\u00f3vel de Urg\u00eancia<\/strong><br>\nAnexo a Santa Casa<br>\nFone &#8211; 192<br>\nAtendimento 24 horas<br>\n<img loading=\"lazy\" decoding=\"async\" class=\"wp-image-13962 size-medium\" src=\"https:\/\/www.cardoso.sp.gov.br\/site\/wp-content\/uploads\/2020\/12\/IMG_6548-300x200.jpg\" alt=\"\" width=\"300\" height=\"200\" srcset=\"https:\/\/www.cardoso.sp.gov.br\/site\/wp-content\/uploads\/2020\/12\/IMG_6548-300x200.jpg 300w, https:\/\/www.cardoso.sp.gov.br\/site\/wp-content\/uploads\/2020\/12\/IMG_6548-768x512.jpg 768w, https:\/\/www.cardoso.sp.gov.br\/site\/wp-content\/uploads\/2020\/12\/IMG_6548-450x300.jpg 450w, https:\/\/www.cardoso.sp.gov.br\/site\/wp-content\/uploads\/2020\/12\/IMG_6548.jpg 1024w\" sizes=\"(max-width:767px) 300px, 300px\" \/><\/p>\t\t\t\t\t\t\t\t<\/div>\n\t\t\t\t<\/div>\n\t\t\t\t\t<\/div>\n\t\t<\/div>\n\t\t\t\t\t<\/div>\n\t\t<\/section>\n\t\t\t\t<\/div>\n\t\t<div class=\"gsp_post_data\" data-post_type=\"page\" data-cat=\"\" data-modified=\"120\" data-title=\"Unidades de Sa\u00fade\" data-home=\"https:\/\/www.cardoso.sp.gov.br\/site\"><\/div>","protected":false},"excerpt":{"rendered":"<p>Estrat\u00e9gia Sa\u00fade da Fam\u00edlia Vila Progresso \u201cOrozino Jos\u00e9 dos Santos\u201d Av. Jos\u00e9 Domingues do Amaral, 2715 (17) 98164-4854 Atendimento M\u00e9dico e Odontol\u00f3gico: de Segunda \u00e0 Sexta<span class=\"excerpt-hellip\"> [\u2026]<\/span><\/p>\n","protected":false},"author":1,"featured_media":0,"parent":0,"menu_order":0,"comment_status":"closed","ping_status":"closed","template":"","meta":{"footnotes":""},"class_list":["post-50","page","type-page","status-publish","hentry"],"_links":{"self":[{"href":"https:\/\/www.cardoso.sp.gov.br\/site\/wp-json\/wp\/v2\/pages\/50","targetHints":{"allow":["GET"]}}],"collection":[{"href":"https:\/\/www.cardoso.sp.gov.br\/site\/wp-json\/wp\/v2\/pages"}],"about":[{"href":"https:\/\/www.cardoso.sp.gov.br\/site\/wp-json\/wp\/v2\/types\/page"}],"author":[{"embeddable":true,"href":"https:\/\/www.cardoso.sp.gov.br\/site\/wp-json\/wp\/v2\/users\/1"}],"replies":[{"embeddable":true,"href":"https:\/\/www.cardoso.sp.gov.br\/site\/wp-json\/wp\/v2\/comments?post=50"}],"version-history":[{"count":0,"href":"https:\/\/www.cardoso.sp.gov.br\/site\/wp-json\/wp\/v2\/pages\/50\/revisions"}],"wp:attachment":[{"href":"https:\/\/www.cardoso.sp.gov.br\/site\/wp-json\/wp\/v2\/media?parent=50"}],"curies":[{"name":"wp","href":"https:\/\/api.w.org\/{rel}","templated":true}]}}