{"id":46,"date":"2014-10-27T14:43:53","date_gmt":"2014-10-27T16:43:53","guid":{"rendered":"https:\/\/www.cardoso.sp.gov.br\/site\/?page_id=46"},"modified":"2025-09-07T12:12:51","modified_gmt":"2025-09-07T15:12:51","slug":"primeira-dama","status":"publish","type":"page","link":"https:\/\/www.cardoso.sp.gov.br\/site\/prefeitura\/primeira-dama\/","title":{"rendered":"Primeira Dama"},"content":{"rendered":"\t\t<div data-elementor-type=\"wp-page\" data-elementor-id=\"46\" class=\"elementor elementor-46\" data-elementor-post-type=\"page\">\n\t\t\t\t\t\t<section class=\"elementor-section elementor-top-section elementor-element elementor-element-4d249959 elementor-section-boxed elementor-section-height-default elementor-section-height-default\" data-id=\"4d249959\" data-element_type=\"section\" data-e-type=\"section\">\n\t\t\t\t\t\t<div class=\"elementor-container elementor-column-gap-default\">\n\t\t\t\t\t<div class=\"elementor-column elementor-col-100 elementor-top-column elementor-element elementor-element-14b2133c\" data-id=\"14b2133c\" data-element_type=\"column\" data-e-type=\"column\">\n\t\t\t<div class=\"elementor-widget-wrap elementor-element-populated\">\n\t\t\t\t\t\t<div class=\"elementor-element elementor-element-63e14c6 elementor-widget elementor-widget-text-editor\" data-id=\"63e14c6\" data-element_type=\"widget\" data-e-type=\"widget\" data-widget_type=\"text-editor.default\">\n\t\t\t\t<div class=\"elementor-widget-container\">\n\t\t\t\t\t\t\t\t\t<h5><strong><img fetchpriority=\"high\" decoding=\"async\" class=\"alignleft wp-image-19950 size-medium\" src=\"https:\/\/www.cardoso.sp.gov.br\/site\/wp-content\/uploads\/2025\/01\/Francine-Primeira-Dama-212x300.png\" alt=\"\" width=\"212\" height=\"300\" srcset=\"https:\/\/www.cardoso.sp.gov.br\/site\/wp-content\/uploads\/2025\/01\/Francine-Primeira-Dama-212x300.png 212w, https:\/\/www.cardoso.sp.gov.br\/site\/wp-content\/uploads\/2025\/01\/Francine-Primeira-Dama-103x146.png 103w, https:\/\/www.cardoso.sp.gov.br\/site\/wp-content\/uploads\/2025\/01\/Francine-Primeira-Dama-35x50.png 35w, https:\/\/www.cardoso.sp.gov.br\/site\/wp-content\/uploads\/2025\/01\/Francine-Primeira-Dama-53x75.png 53w, https:\/\/www.cardoso.sp.gov.br\/site\/wp-content\/uploads\/2025\/01\/Francine-Primeira-Dama.png 631w\" sizes=\"(max-width:767px) 212px, 212px\" \/><\/strong><span style=\"letter-spacing: 0px;\"><br \/><strong>FRANCINE MELISSA PAGLIUSO MARTINELLI<\/strong><br \/><\/span><\/h5><p>Francine Melissa Pagliuso Martinelli nascida em 19\/04\/1980 no munic\u00edpio de Taquaritinga, S\u00e3o Paulo. \u00c9 graduada em Odontologia pela Universidade de Mar\u00edlia (UNIMAR), onde concluiu sua forma\u00e7\u00e3o em 2002. Sua carreira \u00e9 marcada pela excel\u00eancia no atendimento odontol\u00f3gico e pela dedica\u00e7\u00e3o \u00e0 promo\u00e7\u00e3o da sa\u00fade bucal na comunidade.\u00a0\u00a0<\/p><p>Em 2011, mudou-se para Cardoso, S\u00e3o Paulo, onde passou a integrar o quadro de profissionais da Prefeitura Municipal de Cardoso como cirurgi\u00e3-dentista concursada. Reconhecida por sua compet\u00eancia e dedica\u00e7\u00e3o, Francine tamb\u00e9m se especializou em Odontologia para pacientes com necessidades especiais, ampliando sua atua\u00e7\u00e3o para atender de forma inclusiva e humanizada.\u00a0\u00a0<\/p><p>Atualmente, Francine \u00e9 casada com Lu\u00eds Paulo Bednarski Pedrassolli, prefeito em exerc\u00edcio de Cardoso, com quem tem uma filha, Melissa.<\/p><p>Como primeira-dama, tem desempenhado um papel ativo na implementa\u00e7\u00e3o e fortalecimento de pol\u00edticas p\u00fablicas voltadas para a inclus\u00e3o social, assist\u00eancia aos idosos e outras causas sociais relevantes.\u00a0\u00a0<\/p><p>Sua trajet\u00f3ria reflete o equil\u00edbrio entre a excel\u00eancia profissional, o compromisso social e a lideran\u00e7a comunit\u00e1ria, contribuindo para o desenvolvimento e o bem-estar da popula\u00e7\u00e3o de Cardoso.\u00a0\u00a0<\/p><p><em><strong>&#8220;Como primeira-dama e Secret\u00e1ria de Assist\u00eancia Social de Cardoso, reafirmo meu compromisso em trabalhar pela inclus\u00e3o social, pelo cuidado com os idosos e pelo bem-estar de nossa comunidade. Juntos, construiremos um futuro melhor!&#8221;<\/strong><\/em><\/p>\t\t\t\t\t\t\t\t<\/div>\n\t\t\t\t<\/div>\n\t\t\t\t\t<\/div>\n\t\t<\/div>\n\t\t\t\t\t<\/div>\n\t\t<\/section>\n\t\t\t\t<\/div>\n\t\t<div class=\"gsp_post_data\" data-post_type=\"page\" data-cat=\"\" data-modified=\"120\" data-title=\"Primeira Dama\" data-home=\"https:\/\/www.cardoso.sp.gov.br\/site\"><\/div>","protected":false},"excerpt":{"rendered":"<p>FRANCINE MELISSA PAGLIUSO MARTINELLI Francine Melissa Pagliuso Martinelli nascida em 19\/04\/1980 no munic\u00edpio de Taquaritinga, S\u00e3o Paulo. \u00c9 graduada em Odontologia pela Universidade de Mar\u00edlia (UNIMAR),<span class=\"excerpt-hellip\"> [\u2026]<\/span><\/p>\n","protected":false},"author":1,"featured_media":3733,"parent":151,"menu_order":0,"comment_status":"closed","ping_status":"closed","template":"","meta":{"footnotes":""},"class_list":["post-46","page","type-page","status-publish","has-post-thumbnail","hentry"],"_links":{"self":[{"href":"https:\/\/www.cardoso.sp.gov.br\/site\/wp-json\/wp\/v2\/pages\/46","targetHints":{"allow":["GET"]}}],"collection":[{"href":"https:\/\/www.cardoso.sp.gov.br\/site\/wp-json\/wp\/v2\/pages"}],"about":[{"href":"https:\/\/www.cardoso.sp.gov.br\/site\/wp-json\/wp\/v2\/types\/page"}],"author":[{"embeddable":true,"href":"https:\/\/www.cardoso.sp.gov.br\/site\/wp-json\/wp\/v2\/users\/1"}],"replies":[{"embeddable":true,"href":"https:\/\/www.cardoso.sp.gov.br\/site\/wp-json\/wp\/v2\/comments?post=46"}],"version-history":[{"count":15,"href":"https:\/\/www.cardoso.sp.gov.br\/site\/wp-json\/wp\/v2\/pages\/46\/revisions"}],"predecessor-version":[{"id":20126,"href":"https:\/\/www.cardoso.sp.gov.br\/site\/wp-json\/wp\/v2\/pages\/46\/revisions\/20126"}],"up":[{"embeddable":true,"href":"https:\/\/www.cardoso.sp.gov.br\/site\/wp-json\/wp\/v2\/pages\/151"}],"wp:featuredmedia":[{"embeddable":true,"href":"https:\/\/www.cardoso.sp.gov.br\/site\/wp-json\/wp\/v2\/media\/3733"}],"wp:attachment":[{"href":"https:\/\/www.cardoso.sp.gov.br\/site\/wp-json\/wp\/v2\/media?parent=46"}],"curies":[{"name":"wp","href":"https:\/\/api.w.org\/{rel}","templated":true}]}}