{"id":44,"date":"2014-10-27T14:43:11","date_gmt":"2014-10-27T16:43:11","guid":{"rendered":"https:\/\/www.cardoso.sp.gov.br\/site\/?page_id=44"},"modified":"2025-09-07T12:17:34","modified_gmt":"2025-09-07T15:17:34","slug":"vice-prefeito","status":"publish","type":"page","link":"https:\/\/www.cardoso.sp.gov.br\/site\/prefeitura\/vice-prefeito\/","title":{"rendered":"Vice-prefeita"},"content":{"rendered":"\t\t<div data-elementor-type=\"wp-page\" data-elementor-id=\"44\" class=\"elementor elementor-44\" data-elementor-post-type=\"page\">\n\t\t\t\t\t\t<section class=\"elementor-section elementor-top-section elementor-element elementor-element-34a3be5b elementor-section-boxed elementor-section-height-default elementor-section-height-default\" data-id=\"34a3be5b\" data-element_type=\"section\" data-e-type=\"section\">\n\t\t\t\t\t\t<div class=\"elementor-container elementor-column-gap-default\">\n\t\t\t\t\t<div class=\"elementor-column elementor-col-100 elementor-top-column elementor-element elementor-element-6eb2a9d5\" data-id=\"6eb2a9d5\" data-element_type=\"column\" data-e-type=\"column\">\n\t\t\t<div class=\"elementor-widget-wrap elementor-element-populated\">\n\t\t\t\t\t\t<div class=\"elementor-element elementor-element-33a4b160 elementor-widget elementor-widget-text-editor\" data-id=\"33a4b160\" data-element_type=\"widget\" data-e-type=\"widget\" data-widget_type=\"text-editor.default\">\n\t\t\t\t<div class=\"elementor-widget-container\">\n\t\t\t\t\t\t\t\t\t<h5><img fetchpriority=\"high\" decoding=\"async\" class=\"alignleft wp-image-19911 size-medium\" src=\"https:\/\/www.cardoso.sp.gov.br\/site\/wp-content\/uploads\/2025\/01\/1736765852139-300x272.jpg\" alt=\"\" width=\"300\" height=\"272\" srcset=\"https:\/\/www.cardoso.sp.gov.br\/site\/wp-content\/uploads\/2025\/01\/1736765852139-300x272.jpg 300w, https:\/\/www.cardoso.sp.gov.br\/site\/wp-content\/uploads\/2025\/01\/1736765852139-1024x927.jpg 1024w, https:\/\/www.cardoso.sp.gov.br\/site\/wp-content\/uploads\/2025\/01\/1736765852139-768x695.jpg 768w, https:\/\/www.cardoso.sp.gov.br\/site\/wp-content\/uploads\/2025\/01\/1736765852139-161x146.jpg 161w, https:\/\/www.cardoso.sp.gov.br\/site\/wp-content\/uploads\/2025\/01\/1736765852139-50x45.jpg 50w, https:\/\/www.cardoso.sp.gov.br\/site\/wp-content\/uploads\/2025\/01\/1736765852139-83x75.jpg 83w, https:\/\/www.cardoso.sp.gov.br\/site\/wp-content\/uploads\/2025\/01\/1736765852139.jpg 1036w\" sizes=\"(max-width:767px) 300px, 300px\" \/><br \/><strong>M\u00d4NICA FERNANDES GARCIA<\/strong><\/h5><p>Partido: PL<\/p><p><span style=\"letter-spacing: 0px;\">M\u00f4nica Garcia nasceu em 18 de mar\u00e7o de 1966, em Cardoso\/SP, filha do ex-prefeito Ant\u00f4nio Fernandes Garcia e de Wanda Borges Garcia. Desde cedo, cresceu inspirada pelos valores de dedica\u00e7\u00e3o, trabalho e amor por sua cidade natal, legados de sua fam\u00edlia.<\/span><\/p><p>Em sua forma\u00e7\u00e3o acad\u00eamica, M\u00f4nica Garcia obteve o t\u00edtulo de Tecn\u00f3loga em Processamento de Dados pela Faculdade de Inform\u00e1tica de Lins, em 1992, e posteriormente, em 2004, graduou-se em Arquitetura e Urbanismo pelo Centro Universit\u00e1rio de Votuporanga (UNIFEV). Essa s\u00f3lida forma\u00e7\u00e3o lhe permitiu unir habilidades t\u00e9cnicas e criativas para buscar solu\u00e7\u00f5es inovadoras em benef\u00edcio da comunidade.<\/p><p>Na vida p\u00fablica, M\u00f4nica Garcia construiu uma trajet\u00f3ria marcada pela representatividade e lideran\u00e7a. Eleita como a vereadora mais votada da gest\u00e3o 2013\/2016, demonstrou sua compet\u00eancia ao assumir a presid\u00eancia da C\u00e2mara Municipal nos anos de 2015 e 2016.<\/p><p>Posteriormente, serviu como Vice-Prefeita na gest\u00e3o 2017\/2020 e assumiu o cargo de Prefeita em exerc\u00edcio por cinco meses no ano de 2019, per\u00edodo em que consolidou seu compromisso com o desenvolvimento e o bem-estar da popula\u00e7\u00e3o.<\/p><p>M\u00f4nica Fernandes Garcia \u00e9 reconhecida por sua dedica\u00e7\u00e3o incans\u00e1vel e por trabalhar de forma transparente e inclusiva. Sua trajet\u00f3ria reflete seu profundo comprometimento com os valores que acredita e com o futuro de Cardoso.<\/p><p><em><strong>\u201cO meu compromisso \u00e9 com cada cidad\u00e3o cardosense e com o progresso sustent\u00e1vel da nossa cidade, sempre trabalhando para que Cardoso seja um lugar de oportunidades e qualidade de vida para todos.\u201d<\/strong><\/em><\/p>\t\t\t\t\t\t\t\t<\/div>\n\t\t\t\t<\/div>\n\t\t\t\t\t<\/div>\n\t\t<\/div>\n\t\t\t\t\t<\/div>\n\t\t<\/section>\n\t\t\t\t<\/div>\n\t\t<div class=\"gsp_post_data\" data-post_type=\"page\" data-cat=\"\" data-modified=\"120\" data-title=\"Vice-prefeita\" data-home=\"https:\/\/www.cardoso.sp.gov.br\/site\"><\/div>","protected":false},"excerpt":{"rendered":"<p>M\u00d4NICA FERNANDES GARCIA Partido: PL M\u00f4nica Garcia nasceu em 18 de mar\u00e7o de 1966, em Cardoso\/SP, filha do ex-prefeito Ant\u00f4nio Fernandes Garcia e de Wanda Borges<span class=\"excerpt-hellip\"> [\u2026]<\/span><\/p>\n","protected":false},"author":1,"featured_media":13991,"parent":151,"menu_order":0,"comment_status":"closed","ping_status":"closed","template":"","meta":{"footnotes":""},"class_list":["post-44","page","type-page","status-publish","has-post-thumbnail","hentry"],"_links":{"self":[{"href":"https:\/\/www.cardoso.sp.gov.br\/site\/wp-json\/wp\/v2\/pages\/44","targetHints":{"allow":["GET"]}}],"collection":[{"href":"https:\/\/www.cardoso.sp.gov.br\/site\/wp-json\/wp\/v2\/pages"}],"about":[{"href":"https:\/\/www.cardoso.sp.gov.br\/site\/wp-json\/wp\/v2\/types\/page"}],"author":[{"embeddable":true,"href":"https:\/\/www.cardoso.sp.gov.br\/site\/wp-json\/wp\/v2\/users\/1"}],"replies":[{"embeddable":true,"href":"https:\/\/www.cardoso.sp.gov.br\/site\/wp-json\/wp\/v2\/comments?post=44"}],"version-history":[{"count":21,"href":"https:\/\/www.cardoso.sp.gov.br\/site\/wp-json\/wp\/v2\/pages\/44\/revisions"}],"predecessor-version":[{"id":20129,"href":"https:\/\/www.cardoso.sp.gov.br\/site\/wp-json\/wp\/v2\/pages\/44\/revisions\/20129"}],"up":[{"embeddable":true,"href":"https:\/\/www.cardoso.sp.gov.br\/site\/wp-json\/wp\/v2\/pages\/151"}],"wp:featuredmedia":[{"embeddable":true,"href":"https:\/\/www.cardoso.sp.gov.br\/site\/wp-json\/wp\/v2\/media\/13991"}],"wp:attachment":[{"href":"https:\/\/www.cardoso.sp.gov.br\/site\/wp-json\/wp\/v2\/media?parent=44"}],"curies":[{"name":"wp","href":"https:\/\/api.w.org\/{rel}","templated":true}]}}