{"id":38,"date":"2014-10-27T14:41:29","date_gmt":"2014-10-27T16:41:29","guid":{"rendered":"https:\/\/www.cardoso.sp.gov.br\/site\/?page_id=38"},"modified":"2026-04-29T16:49:41","modified_gmt":"2026-04-29T19:49:41","slug":"centro-social-urbano","status":"publish","type":"page","link":"https:\/\/www.cardoso.sp.gov.br\/site\/a-cidade\/centro-social-urbano\/","title":{"rendered":"Centro Esportivo"},"content":{"rendered":"\t\t<div data-elementor-type=\"wp-page\" data-elementor-id=\"38\" class=\"elementor elementor-38\" data-elementor-post-type=\"page\">\n\t\t\t\t\t\t<section class=\"elementor-section elementor-top-section elementor-element elementor-element-6e146c49 elementor-section-boxed elementor-section-height-default elementor-section-height-default\" data-id=\"6e146c49\" data-element_type=\"section\" data-e-type=\"section\">\n\t\t\t\t\t\t<div class=\"elementor-container elementor-column-gap-default\">\n\t\t\t\t\t<div class=\"elementor-column elementor-col-50 elementor-top-column elementor-element elementor-element-c4e4905\" data-id=\"c4e4905\" data-element_type=\"column\" data-e-type=\"column\">\n\t\t\t<div class=\"elementor-widget-wrap elementor-element-populated\">\n\t\t\t\t\t\t<div class=\"elementor-element elementor-element-5cc08d9 elementor-widget elementor-widget-sidebar\" data-id=\"5cc08d9\" data-element_type=\"widget\" data-e-type=\"widget\" data-widget_type=\"sidebar.default\">\n\t\t\t\t<div class=\"elementor-widget-container\">\n\t\t\t\t\t<aside id=\"nav_menu-2\" class=\"widget widget_nav_menu\"><div class=\"menu-a-cidade-container\"><ul id=\"menu-a-cidade\" class=\"menu\"><li id=\"menu-item-16896\" class=\"menu-item menu-item-type-post_type menu-item-object-page menu-item-16896\"><a href=\"https:\/\/www.cardoso.sp.gov.br\/site\/a-cidade\/\">Nossa Hist\u00f3ria<\/a><\/li>\n<li id=\"menu-item-16898\" class=\"menu-item menu-item-type-post_type menu-item-object-page menu-item-16898\"><a href=\"https:\/\/www.cardoso.sp.gov.br\/site\/a-cidade\/prainha-municipal\/\">Prainha Municipal<\/a><\/li>\n<li id=\"menu-item-16900\" class=\"menu-item menu-item-type-post_type menu-item-object-page menu-item-16900\"><a href=\"https:\/\/www.cardoso.sp.gov.br\/site\/a-cidade\/lagoa\/\">Lagoa<\/a><\/li>\n<li id=\"menu-item-22016\" class=\"menu-item menu-item-type-post_type menu-item-object-page menu-item-22016\"><a href=\"https:\/\/www.cardoso.sp.gov.br\/site\/a-cidade\/cascata\/\">Cascata<\/a><\/li>\n<li id=\"menu-item-16901\" class=\"menu-item menu-item-type-post_type menu-item-object-page menu-item-16901\"><a href=\"https:\/\/www.cardoso.sp.gov.br\/site\/a-cidade\/recinto\/\">Recinto Municipal<\/a><\/li>\n<li id=\"menu-item-16899\" class=\"menu-item menu-item-type-post_type menu-item-object-page menu-item-16899\"><a href=\"https:\/\/www.cardoso.sp.gov.br\/site\/a-cidade\/estadio-municipal\/\">Est\u00e1dio Municipal<\/a><\/li>\n<li id=\"menu-item-16897\" class=\"menu-item menu-item-type-post_type menu-item-object-page menu-item-16897\"><a href=\"https:\/\/www.cardoso.sp.gov.br\/site\/a-cidade\/centro-social-urbano\/\">Centro Esportivo<\/a><\/li>\n<\/ul><\/div><\/aside>\t\t\t\t<\/div>\n\t\t\t\t<\/div>\n\t\t\t\t\t<\/div>\n\t\t<\/div>\n\t\t\t\t<div class=\"elementor-column elementor-col-50 elementor-top-column elementor-element elementor-element-5dc6ddcf\" data-id=\"5dc6ddcf\" data-element_type=\"column\" data-e-type=\"column\">\n\t\t\t<div class=\"elementor-widget-wrap elementor-element-populated\">\n\t\t\t\t\t\t<div class=\"elementor-element elementor-element-d84ee4 elementor-widget elementor-widget-text-editor\" data-id=\"d84ee4\" data-element_type=\"widget\" data-e-type=\"widget\" data-widget_type=\"text-editor.default\">\n\t\t\t\t<div class=\"elementor-widget-container\">\n\t\t\t\t\t\t\t\t\t<p>Centro Esportivo &#8211; Centro Social Urbano \u201cOdilio Pereira da Costa\u201d (CSU)<\/p><p>Localizado pr\u00f3ximo \u00e1 entrada da cidade, o \u201cCentro Esportivo\u201d como \u00e9 chamado, compreende uma estrutura totalmente voltada ao esporte, com campo gramado, quadra poliesportiva coberta, playground, piscina semi-ol\u00edmpica, piscina infantil, banheiros e vesti\u00e1rios. Ideal para a pr\u00e1tica de esportes como v\u00f4lei, futev\u00f4lei, futebol de sal\u00e3o, futebol de mini campo e nata\u00e7\u00e3o.<\/p><p><strong>Onde fica<\/strong><br \/>Centro Social Urbano \u201cOdilio Pereira da Costa\u201d (CSU)<br \/>Av: Jo\u00e3o Gon\u00e7alves do Nascimento<br \/>Tel: (17) 3466-3900<\/p><p>\u00a0<\/p><p>\n\t\t\t<style type='text\/css'>\n\t\t\t\t#sc_gallery-1 {\n\t\t\t\t\tmargin: auto;\n\t\t\t\t}\n\t\t\t\t#sc_gallery-1 .gallery-item {\n\t\t\t\t\tfloat: left;\n\t\t\t\t\ttext-align: center;\n\t\t\t\t\twidth: 33.33%;\n\t\t\t\t}\n\t\t\t\t#sc_gallery-1 img {\n\t\t\t\t\tborder: 2px solid #cfcfcf;\n\t\t\t\t}\n\t\t\t\t\/* see sc_gallery() in functions\/theme-shortcodes.php *\/\n\t\t\t<\/style>\n\t\t<div id='sc_gallery-1' class='gallery galleryid-38 gallery-columns-3 gallery-size-thumbnail file element_classes gallery-default'><dl class='gallery-item'  data-title='Img_3811' data-description=''><div class='gallery-item-wrapper'>\n\t\t\t\t<dt class='gallery-icon landscape'>\n\t\t\t\t\t<a href='https:\/\/www.cardoso.sp.gov.br\/site\/wp-content\/uploads\/2020\/03\/IMG_3811.jpg'><img decoding=\"async\" width=\"200\" height=\"200\" src=\"https:\/\/www.cardoso.sp.gov.br\/site\/wp-content\/uploads\/2020\/03\/IMG_3811-200x200.jpg\" class=\"attachment-thumbnail size-thumbnail\" alt=\"\" \/><\/a>\n\t\t\t\t<\/dt><\/div><\/dl><dl class='gallery-item'  data-title='Img_3868' data-description=''><div class='gallery-item-wrapper'>\n\t\t\t\t<dt class='gallery-icon landscape'>\n\t\t\t\t\t<a href='https:\/\/www.cardoso.sp.gov.br\/site\/wp-content\/uploads\/2020\/03\/IMG_3868.jpg'><img decoding=\"async\" width=\"200\" height=\"200\" src=\"https:\/\/www.cardoso.sp.gov.br\/site\/wp-content\/uploads\/2020\/03\/IMG_3868-200x200.jpg\" class=\"attachment-thumbnail size-thumbnail\" alt=\"\" \/><\/a>\n\t\t\t\t<\/dt><\/div><\/dl><dl class='gallery-item'  data-title='Img_3871' data-description=''><div class='gallery-item-wrapper'>\n\t\t\t\t<dt class='gallery-icon landscape'>\n\t\t\t\t\t<a href='https:\/\/www.cardoso.sp.gov.br\/site\/wp-content\/uploads\/2020\/03\/IMG_3871.jpg'><img decoding=\"async\" width=\"200\" height=\"200\" src=\"https:\/\/www.cardoso.sp.gov.br\/site\/wp-content\/uploads\/2020\/03\/IMG_3871-200x200.jpg\" class=\"attachment-thumbnail size-thumbnail\" alt=\"\" \/><\/a>\n\t\t\t\t<\/dt><\/div><\/dl><br style=\"clear: both\" \/><dl class='gallery-item'  data-title='Img_3891' data-description=''><div class='gallery-item-wrapper'>\n\t\t\t\t<dt class='gallery-icon landscape'>\n\t\t\t\t\t<a href='https:\/\/www.cardoso.sp.gov.br\/site\/wp-content\/uploads\/2020\/03\/IMG_3891.jpg'><img loading=\"lazy\" decoding=\"async\" width=\"200\" height=\"200\" src=\"https:\/\/www.cardoso.sp.gov.br\/site\/wp-content\/uploads\/2020\/03\/IMG_3891-200x200.jpg\" class=\"attachment-thumbnail size-thumbnail\" alt=\"\" \/><\/a>\n\t\t\t\t<\/dt><\/div><\/dl><dl class='gallery-item'  data-title='Img_3893' data-description=''><div class='gallery-item-wrapper'>\n\t\t\t\t<dt class='gallery-icon landscape'>\n\t\t\t\t\t<a href='https:\/\/www.cardoso.sp.gov.br\/site\/wp-content\/uploads\/2020\/03\/IMG_3893.jpg'><img loading=\"lazy\" decoding=\"async\" width=\"200\" height=\"200\" src=\"https:\/\/www.cardoso.sp.gov.br\/site\/wp-content\/uploads\/2020\/03\/IMG_3893-200x200.jpg\" class=\"attachment-thumbnail size-thumbnail\" alt=\"\" \/><\/a>\n\t\t\t\t<\/dt><\/div><\/dl><dl class='gallery-item'  data-title='Img_3975' data-description=''><div class='gallery-item-wrapper'>\n\t\t\t\t<dt class='gallery-icon landscape'>\n\t\t\t\t\t<a href='https:\/\/www.cardoso.sp.gov.br\/site\/wp-content\/uploads\/2020\/03\/IMG_3975.jpg'><img loading=\"lazy\" decoding=\"async\" width=\"200\" height=\"200\" src=\"https:\/\/www.cardoso.sp.gov.br\/site\/wp-content\/uploads\/2020\/03\/IMG_3975-200x200.jpg\" class=\"attachment-thumbnail size-thumbnail\" alt=\"\" \/><\/a>\n\t\t\t\t<\/dt><\/div><\/dl><br style=\"clear: both\" \/><dl class='gallery-item'  data-title='Img_3882' data-description=''><div class='gallery-item-wrapper'>\n\t\t\t\t<dt class='gallery-icon landscape'>\n\t\t\t\t\t<a href='https:\/\/www.cardoso.sp.gov.br\/site\/wp-content\/uploads\/2020\/03\/IMG_3882.jpg'><img loading=\"lazy\" decoding=\"async\" width=\"200\" height=\"200\" src=\"https:\/\/www.cardoso.sp.gov.br\/site\/wp-content\/uploads\/2020\/03\/IMG_3882-200x200.jpg\" class=\"attachment-thumbnail size-thumbnail\" alt=\"\" \/><\/a>\n\t\t\t\t<\/dt><\/div><\/dl><dl class='gallery-item'  data-title='Img_3885' data-description=''><div class='gallery-item-wrapper'>\n\t\t\t\t<dt class='gallery-icon landscape'>\n\t\t\t\t\t<a href='https:\/\/www.cardoso.sp.gov.br\/site\/wp-content\/uploads\/2020\/03\/IMG_3885-1.jpg'><img loading=\"lazy\" decoding=\"async\" width=\"200\" height=\"200\" src=\"https:\/\/www.cardoso.sp.gov.br\/site\/wp-content\/uploads\/2020\/03\/IMG_3885-1-200x200.jpg\" class=\"attachment-thumbnail size-thumbnail\" alt=\"\" \/><\/a>\n\t\t\t\t<\/dt><\/div><\/dl><dl class='gallery-item'  data-title='Img_3892' data-description=''><div class='gallery-item-wrapper'>\n\t\t\t\t<dt class='gallery-icon landscape'>\n\t\t\t\t\t<a href='https:\/\/www.cardoso.sp.gov.br\/site\/wp-content\/uploads\/2020\/03\/IMG_3892.jpg'><img loading=\"lazy\" decoding=\"async\" width=\"200\" height=\"200\" src=\"https:\/\/www.cardoso.sp.gov.br\/site\/wp-content\/uploads\/2020\/03\/IMG_3892-200x200.jpg\" class=\"attachment-thumbnail size-thumbnail\" alt=\"\" \/><\/a>\n\t\t\t\t<\/dt><\/div><\/dl><br style=\"clear: both\" \/>\n\t\t\t<\/div>\n<\/p>\t\t\t\t\t\t\t\t<\/div>\n\t\t\t\t<\/div>\n\t\t\t\t\t<\/div>\n\t\t<\/div>\n\t\t\t\t\t<\/div>\n\t\t<\/section>\n\t\t\t\t<section class=\"elementor-section elementor-top-section elementor-element elementor-element-7b15668 elementor-section-boxed elementor-section-height-default elementor-section-height-default\" data-id=\"7b15668\" data-element_type=\"section\" data-e-type=\"section\">\n\t\t\t\t\t\t<div class=\"elementor-container elementor-column-gap-default\">\n\t\t\t\t\t<div class=\"elementor-column elementor-col-100 elementor-top-column elementor-element elementor-element-d9d8857\" data-id=\"d9d8857\" data-element_type=\"column\" data-e-type=\"column\">\n\t\t\t<div class=\"elementor-widget-wrap elementor-element-populated\">\n\t\t\t\t\t\t<div class=\"elementor-element elementor-element-8bef036 elementor-widget elementor-widget-heading\" data-id=\"8bef036\" data-element_type=\"widget\" data-e-type=\"widget\" data-widget_type=\"heading.default\">\n\t\t\t\t<div class=\"elementor-widget-container\">\n\t\t\t\t\t<h2 class=\"elementor-heading-title elementor-size-default\"><span style=\"font-size: 27px\">Localiza\u00e7\u00e3o<\/span><\/h2>\t\t\t\t<\/div>\n\t\t\t\t<\/div>\n\t\t\t\t\t<\/div>\n\t\t<\/div>\n\t\t\t\t\t<\/div>\n\t\t<\/section>\n\t\t\t\t<section class=\"elementor-section elementor-top-section elementor-element elementor-element-115bc90 elementor-section-boxed elementor-section-height-default elementor-section-height-default\" data-id=\"115bc90\" data-element_type=\"section\" data-e-type=\"section\">\n\t\t\t\t\t\t<div class=\"elementor-container elementor-column-gap-default\">\n\t\t\t\t\t<div class=\"elementor-column elementor-col-100 elementor-top-column elementor-element elementor-element-902620d\" data-id=\"902620d\" data-element_type=\"column\" data-e-type=\"column\">\n\t\t\t<div class=\"elementor-widget-wrap elementor-element-populated\">\n\t\t\t\t\t\t<div class=\"elementor-element elementor-element-220fdaf elementor-widget elementor-widget-google_maps\" data-id=\"220fdaf\" data-element_type=\"widget\" data-e-type=\"widget\" data-widget_type=\"google_maps.default\">\n\t\t\t\t<div class=\"elementor-widget-container\">\n\t\t\t\t\t\t\t<div class=\"elementor-custom-embed\">\n\t\t\t<iframe loading=\"lazy\"\n\t\t\t\t\tsrc=\"https:\/\/maps.google.com\/maps?q=CENTRO%20ESPORTIVO%20Cardoso%20SP&#038;t=m&#038;z=17&#038;output=embed&#038;iwloc=near\"\n\t\t\t\t\ttitle=\"CENTRO ESPORTIVO Cardoso SP\"\n\t\t\t\t\taria-label=\"CENTRO ESPORTIVO Cardoso SP\"\n\t\t\t><\/iframe>\n\t\t<\/div>\n\t\t\t\t\t\t<\/div>\n\t\t\t\t<\/div>\n\t\t\t\t\t<\/div>\n\t\t<\/div>\n\t\t\t\t\t<\/div>\n\t\t<\/section>\n\t\t\t\t<\/div>\n\t\t<div class=\"gsp_post_data\" \r\n\t            data-post_type=\"page\" \r\n\t            data-cat=\"\" \r\n\t            data-modified=\"120\"\r\n\t            data-created=\"1414420889\"\r\n\t            data-title=\"Centro Esportivo\" \r\n\t            data-home=\"https:\/\/www.cardoso.sp.gov.br\/site\"><\/div>","protected":false},"excerpt":{"rendered":"<p>Centro Esportivo &#8211; Centro Social Urbano \u201cOdilio Pereira da Costa\u201d (CSU) Localizado pr\u00f3ximo \u00e1 entrada da cidade, o \u201cCentro Esportivo\u201d como \u00e9 chamado, compreende uma estrutura<span class=\"excerpt-hellip\"> [\u2026]<\/span><\/p>\n","protected":false},"author":1,"featured_media":13037,"parent":7,"menu_order":2,"comment_status":"closed","ping_status":"closed","template":"","meta":{"footnotes":""},"class_list":["post-38","page","type-page","status-publish","has-post-thumbnail","hentry"],"_links":{"self":[{"href":"https:\/\/www.cardoso.sp.gov.br\/site\/wp-json\/wp\/v2\/pages\/38","targetHints":{"allow":["GET"]}}],"collection":[{"href":"https:\/\/www.cardoso.sp.gov.br\/site\/wp-json\/wp\/v2\/pages"}],"about":[{"href":"https:\/\/www.cardoso.sp.gov.br\/site\/wp-json\/wp\/v2\/types\/page"}],"author":[{"embeddable":true,"href":"https:\/\/www.cardoso.sp.gov.br\/site\/wp-json\/wp\/v2\/users\/1"}],"replies":[{"embeddable":true,"href":"https:\/\/www.cardoso.sp.gov.br\/site\/wp-json\/wp\/v2\/comments?post=38"}],"version-history":[{"count":4,"href":"https:\/\/www.cardoso.sp.gov.br\/site\/wp-json\/wp\/v2\/pages\/38\/revisions"}],"predecessor-version":[{"id":23134,"href":"https:\/\/www.cardoso.sp.gov.br\/site\/wp-json\/wp\/v2\/pages\/38\/revisions\/23134"}],"up":[{"embeddable":true,"href":"https:\/\/www.cardoso.sp.gov.br\/site\/wp-json\/wp\/v2\/pages\/7"}],"wp:featuredmedia":[{"embeddable":true,"href":"https:\/\/www.cardoso.sp.gov.br\/site\/wp-json\/wp\/v2\/media\/13037"}],"wp:attachment":[{"href":"https:\/\/www.cardoso.sp.gov.br\/site\/wp-json\/wp\/v2\/media?parent=38"}],"curies":[{"name":"wp","href":"https:\/\/api.w.org\/{rel}","templated":true}]}}