{"id":24,"date":"2014-10-27T14:33:10","date_gmt":"2014-10-27T16:33:10","guid":{"rendered":"https:\/\/www.cardoso.sp.gov.br\/site\/?page_id=24"},"modified":"2025-09-09T08:05:43","modified_gmt":"2025-09-09T11:05:43","slug":"lagoa","status":"publish","type":"page","link":"https:\/\/www.cardoso.sp.gov.br\/site\/a-cidade\/lagoa\/","title":{"rendered":"Lagoa"},"content":{"rendered":"\t\t<div data-elementor-type=\"wp-page\" data-elementor-id=\"24\" class=\"elementor elementor-24\" data-elementor-post-type=\"page\">\n\t\t\t\t\t\t<section class=\"elementor-section elementor-top-section elementor-element elementor-element-73a7d45b elementor-section-boxed elementor-section-height-default elementor-section-height-default\" data-id=\"73a7d45b\" data-element_type=\"section\" data-e-type=\"section\">\n\t\t\t\t\t\t<div class=\"elementor-container elementor-column-gap-default\">\n\t\t\t\t\t<div class=\"elementor-column elementor-col-50 elementor-top-column elementor-element elementor-element-f8339a7\" data-id=\"f8339a7\" data-element_type=\"column\" data-e-type=\"column\">\n\t\t\t<div class=\"elementor-widget-wrap elementor-element-populated\">\n\t\t\t\t\t\t<div class=\"elementor-element elementor-element-74c9155 elementor-widget elementor-widget-sidebar\" data-id=\"74c9155\" data-element_type=\"widget\" data-e-type=\"widget\" data-widget_type=\"sidebar.default\">\n\t\t\t\t<div class=\"elementor-widget-container\">\n\t\t\t\t\t<aside id=\"nav_menu-2\" class=\"widget widget_nav_menu\"><div class=\"menu-a-cidade-container\"><ul id=\"menu-a-cidade\" class=\"menu\"><li id=\"menu-item-16896\" class=\"menu-item menu-item-type-post_type menu-item-object-page menu-item-16896\"><a href=\"https:\/\/www.cardoso.sp.gov.br\/site\/a-cidade\/\">Nossa Hist\u00f3ria<\/a><\/li>\n<li id=\"menu-item-16898\" class=\"menu-item menu-item-type-post_type menu-item-object-page menu-item-16898\"><a href=\"https:\/\/www.cardoso.sp.gov.br\/site\/a-cidade\/prainha-municipal\/\">Prainha Municipal<\/a><\/li>\n<li id=\"menu-item-16900\" class=\"menu-item menu-item-type-post_type menu-item-object-page menu-item-16900\"><a href=\"https:\/\/www.cardoso.sp.gov.br\/site\/a-cidade\/lagoa\/\">Lagoa<\/a><\/li>\n<li id=\"menu-item-22016\" class=\"menu-item menu-item-type-post_type menu-item-object-page menu-item-22016\"><a href=\"https:\/\/www.cardoso.sp.gov.br\/site\/a-cidade\/cascata\/\">Cascata<\/a><\/li>\n<li id=\"menu-item-16901\" class=\"menu-item menu-item-type-post_type menu-item-object-page menu-item-16901\"><a href=\"https:\/\/www.cardoso.sp.gov.br\/site\/a-cidade\/recinto\/\">Recinto Municipal<\/a><\/li>\n<li id=\"menu-item-16899\" class=\"menu-item menu-item-type-post_type menu-item-object-page menu-item-16899\"><a href=\"https:\/\/www.cardoso.sp.gov.br\/site\/a-cidade\/estadio-municipal\/\">Est\u00e1dio Municipal<\/a><\/li>\n<li id=\"menu-item-16897\" class=\"menu-item menu-item-type-post_type menu-item-object-page menu-item-16897\"><a href=\"https:\/\/www.cardoso.sp.gov.br\/site\/a-cidade\/centro-social-urbano\/\">Centro Esportivo<\/a><\/li>\n<\/ul><\/div><\/aside>\t\t\t\t<\/div>\n\t\t\t\t<\/div>\n\t\t\t\t\t<\/div>\n\t\t<\/div>\n\t\t\t\t<div class=\"elementor-column elementor-col-50 elementor-top-column elementor-element elementor-element-6361ba2a\" data-id=\"6361ba2a\" data-element_type=\"column\" data-e-type=\"column\">\n\t\t\t<div class=\"elementor-widget-wrap elementor-element-populated\">\n\t\t\t\t\t\t<div class=\"elementor-element elementor-element-12ee60ec elementor-widget elementor-widget-text-editor\" data-id=\"12ee60ec\" data-element_type=\"widget\" data-e-type=\"widget\" data-widget_type=\"text-editor.default\">\n\t\t\t\t<div class=\"elementor-widget-container\">\n\t\t\t\t\t\t\t\t\t<p>Lagoa \u201cHYGINO ZAMPRONHA\u201d<\/p><p>Imenso lago localizado na \u00e1rea central\u00a0da cidade, de fronte ao Terminal Rodovi\u00e1rio. Re\u00fane diariamente muitos adeptos das atividades f\u00edsicas como a caminhada, corrida e ciclismo, al\u00e9m de ter em seu espa\u00e7o uma &#8220;Academia ao Ar Livre&#8221; para uso de todos.<\/p><p>A Lagoa \u00e9 um dos pontos tur\u00edsticos mais visitados pelos\u00a0visitantes que,\u00a0atra\u00eddos pela beleza da paisagem local param para descansar \u00e0 sombra das muitas \u00e1rvores que a circundam. Destaca-se pelos passeios fotogr\u00e1ficos, pois \u00e9 vista como um verdadeiro cart\u00e3o postal. A lagoa surgiu por volta da d\u00e9cada de 1940, pela extra\u00e7\u00e3o de barro, mat\u00e9ria prima para produ\u00e7\u00e3o de tijolos na olaria que ficava \u00e0s suas margens. Com o passar dos anos a Olaria foi desativada e a atividade de extra\u00e7\u00e3o de argila impactou na forma\u00e7\u00e3o da lagoa dentro da \u00e1rea urbana do munic\u00edpio.<\/p><p><strong>Onde fica<\/strong><br \/>Lagoa \u201cHigino Zampronha\u201d<br \/>Em frente ao Terminal Rodovi\u00e1rio \u201cAdolpho Santana de Oliveira\u201d<br \/>Avenida de acesso Joaquim Cardoso<\/p><p>\n\t\t\t<style type='text\/css'>\n\t\t\t\t#sc_gallery-1 {\n\t\t\t\t\tmargin: auto;\n\t\t\t\t}\n\t\t\t\t#sc_gallery-1 .gallery-item {\n\t\t\t\t\tfloat: left;\n\t\t\t\t\ttext-align: center;\n\t\t\t\t\twidth: 33.33%;\n\t\t\t\t}\n\t\t\t\t#sc_gallery-1 img {\n\t\t\t\t\tborder: 2px solid #cfcfcf;\n\t\t\t\t}\n\t\t\t\t\/* see sc_gallery() in functions\/theme-shortcodes.php *\/\n\t\t\t<\/style>\n\t\t<div id='sc_gallery-1' class='gallery galleryid-24 gallery-columns-3 gallery-size-thumbnail file element_classes gallery-default'><dl class='gallery-item'  data-title='Cardoso (129) (large)' data-description=''><div class='gallery-item-wrapper'>\n\t\t\t\t<dt class='gallery-icon landscape'>\n\t\t\t\t\t<a href='https:\/\/www.cardoso.sp.gov.br\/site\/wp-content\/uploads\/2014\/10\/Cardoso-129-Large.jpg'><img decoding=\"async\" width=\"200\" height=\"200\" src=\"https:\/\/www.cardoso.sp.gov.br\/site\/wp-content\/uploads\/2014\/10\/Cardoso-129-Large-200x200.jpg\" class=\"attachment-thumbnail size-thumbnail\" alt=\"\" \/><\/a>\n\t\t\t\t<\/dt>\n\t\t\t\t\t<dd class='wp-caption-text gallery-caption'>\n\t\t\t\t\tAcademia ao Ar Livre &#8211; Lagoa Hygino Zampronha\n\t\t\t\t\t<\/dd><\/div><\/dl><dl class='gallery-item'  data-title='Por Do Sol 800' data-description=''><div class='gallery-item-wrapper'>\n\t\t\t\t<dt class='gallery-icon landscape'>\n\t\t\t\t\t<a href='https:\/\/www.cardoso.sp.gov.br\/site\/wp-content\/uploads\/2014\/10\/por-do-sol-800.jpg'><img decoding=\"async\" width=\"200\" height=\"200\" src=\"https:\/\/www.cardoso.sp.gov.br\/site\/wp-content\/uploads\/2014\/10\/por-do-sol-800-200x200.jpg\" class=\"attachment-thumbnail size-thumbnail\" alt=\"\" \/><\/a>\n\t\t\t\t<\/dt>\n\t\t\t\t\t<dd class='wp-caption-text gallery-caption'>\n\t\t\t\t\tPor do Sol na Lagoa Hygino Zampronha.\n\t\t\t\t\t<\/dd><\/div><\/dl><dl class='gallery-item'  data-title='Lagoa' data-description=''><div class='gallery-item-wrapper'>\n\t\t\t\t<dt class='gallery-icon landscape'>\n\t\t\t\t\t<a href='https:\/\/www.cardoso.sp.gov.br\/site\/wp-content\/uploads\/2014\/10\/lagoa.jpg'><img decoding=\"async\" width=\"200\" height=\"200\" src=\"https:\/\/www.cardoso.sp.gov.br\/site\/wp-content\/uploads\/2014\/10\/lagoa-200x200.jpg\" class=\"attachment-thumbnail size-thumbnail\" alt=\"\" \/><\/a>\n\t\t\t\t<\/dt>\n\t\t\t\t\t<dd class='wp-caption-text gallery-caption'>\n\t\t\t\t\tLagoa Hygino Zampronha.\n\t\t\t\t\t<\/dd><\/div><\/dl><br style=\"clear: both\" \/><dl class='gallery-item'  data-title='23231620_1671164829570360_3199864214248009793_n' data-description=''><div class='gallery-item-wrapper'>\n\t\t\t\t<dt class='gallery-icon landscape'>\n\t\t\t\t\t<a href='https:\/\/www.cardoso.sp.gov.br\/site\/wp-content\/uploads\/2014\/10\/23231620_1671164829570360_3199864214248009793_n.jpg'><img loading=\"lazy\" decoding=\"async\" width=\"200\" height=\"200\" src=\"https:\/\/www.cardoso.sp.gov.br\/site\/wp-content\/uploads\/2014\/10\/23231620_1671164829570360_3199864214248009793_n-200x200.jpg\" class=\"attachment-thumbnail size-thumbnail\" alt=\"\" \/><\/a>\n\t\t\t\t<\/dt><\/div><\/dl><dl class='gallery-item'  data-title='Dscn3367ok' data-description=''><div class='gallery-item-wrapper'>\n\t\t\t\t<dt class='gallery-icon landscape'>\n\t\t\t\t\t<a href='https:\/\/www.cardoso.sp.gov.br\/site\/wp-content\/uploads\/2014\/10\/DSCN3367ok.jpg'><img loading=\"lazy\" decoding=\"async\" width=\"200\" height=\"200\" src=\"https:\/\/www.cardoso.sp.gov.br\/site\/wp-content\/uploads\/2014\/10\/DSCN3367ok-200x200.jpg\" class=\"attachment-thumbnail size-thumbnail\" alt=\"\" \/><\/a>\n\t\t\t\t<\/dt><\/div><\/dl><dl class='gallery-item'  data-title='23167911_1671164852903691_4052833393413638765_n' data-description=''><div class='gallery-item-wrapper'>\n\t\t\t\t<dt class='gallery-icon landscape'>\n\t\t\t\t\t<a href='https:\/\/www.cardoso.sp.gov.br\/site\/wp-content\/uploads\/2014\/10\/23167911_1671164852903691_4052833393413638765_n.jpg'><img loading=\"lazy\" decoding=\"async\" width=\"200\" height=\"200\" src=\"https:\/\/www.cardoso.sp.gov.br\/site\/wp-content\/uploads\/2014\/10\/23167911_1671164852903691_4052833393413638765_n-200x200.jpg\" class=\"attachment-thumbnail size-thumbnail\" alt=\"\" \/><\/a>\n\t\t\t\t<\/dt><\/div><\/dl><br style=\"clear: both\" \/><dl class='gallery-item'  data-title='Img_0740' data-description=''><div class='gallery-item-wrapper'>\n\t\t\t\t<dt class='gallery-icon landscape'>\n\t\t\t\t\t<a href='https:\/\/www.cardoso.sp.gov.br\/site\/wp-content\/uploads\/2014\/10\/IMG_0740.jpg'><img loading=\"lazy\" decoding=\"async\" width=\"200\" height=\"200\" src=\"https:\/\/www.cardoso.sp.gov.br\/site\/wp-content\/uploads\/2014\/10\/IMG_0740-200x200.jpg\" class=\"attachment-thumbnail size-thumbnail\" alt=\"\" \/><\/a>\n\t\t\t\t<\/dt><\/div><\/dl><dl class='gallery-item'  data-title='Y5c4' data-description=''><div class='gallery-item-wrapper'>\n\t\t\t\t<dt class='gallery-icon landscape'>\n\t\t\t\t\t<a href='https:\/\/www.cardoso.sp.gov.br\/site\/wp-content\/uploads\/2014\/10\/y5c4.jpg'><img loading=\"lazy\" decoding=\"async\" width=\"200\" height=\"200\" src=\"https:\/\/www.cardoso.sp.gov.br\/site\/wp-content\/uploads\/2014\/10\/y5c4-200x200.jpg\" class=\"attachment-thumbnail size-thumbnail\" alt=\"\" \/><\/a>\n\t\t\t\t<\/dt><\/div><\/dl><dl class='gallery-item'  data-title='Img_0812' data-description=''><div class='gallery-item-wrapper'>\n\t\t\t\t<dt class='gallery-icon landscape'>\n\t\t\t\t\t<a href='https:\/\/www.cardoso.sp.gov.br\/site\/wp-content\/uploads\/2014\/10\/IMG_0812.jpg'><img loading=\"lazy\" decoding=\"async\" width=\"200\" height=\"200\" src=\"https:\/\/www.cardoso.sp.gov.br\/site\/wp-content\/uploads\/2014\/10\/IMG_0812-200x200.jpg\" class=\"attachment-thumbnail size-thumbnail\" alt=\"\" \/><\/a>\n\t\t\t\t<\/dt><\/div><\/dl><br style=\"clear: both\" \/><dl class='gallery-item'  data-title='Img_0816' data-description=''><div class='gallery-item-wrapper'>\n\t\t\t\t<dt class='gallery-icon landscape'>\n\t\t\t\t\t<a href='https:\/\/www.cardoso.sp.gov.br\/site\/wp-content\/uploads\/2014\/10\/IMG_0816.jpg'><img loading=\"lazy\" decoding=\"async\" width=\"200\" height=\"200\" src=\"https:\/\/www.cardoso.sp.gov.br\/site\/wp-content\/uploads\/2014\/10\/IMG_0816-200x200.jpg\" class=\"attachment-thumbnail size-thumbnail\" alt=\"\" srcset=\"https:\/\/www.cardoso.sp.gov.br\/site\/wp-content\/uploads\/2014\/10\/IMG_0816-200x200.jpg 200w, https:\/\/www.cardoso.sp.gov.br\/site\/wp-content\/uploads\/2014\/10\/IMG_0816-300x300.jpg 300w, https:\/\/www.cardoso.sp.gov.br\/site\/wp-content\/uploads\/2014\/10\/IMG_0816-768x768.jpg 768w, https:\/\/www.cardoso.sp.gov.br\/site\/wp-content\/uploads\/2014\/10\/IMG_0816.jpg 960w\" sizes=\"(max-width:767px) 200px, 200px\" \/><\/a>\n\t\t\t\t<\/dt><\/div><\/dl>\n\t\t\t\t<br style='clear: both' \/>\n\t\t\t<\/div>\n<\/p>\t\t\t\t\t\t\t\t<\/div>\n\t\t\t\t<\/div>\n\t\t\t\t\t<\/div>\n\t\t<\/div>\n\t\t\t\t\t<\/div>\n\t\t<\/section>\n\t\t\t\t<\/div>\n\t\t<div class=\"gsp_post_data\" data-post_type=\"page\" data-cat=\"\" data-modified=\"120\" data-title=\"Lagoa\" data-home=\"https:\/\/www.cardoso.sp.gov.br\/site\"><\/div>","protected":false},"excerpt":{"rendered":"<p>Lagoa \u201cHYGINO ZAMPRONHA\u201d Imenso lago localizado na \u00e1rea central\u00a0da cidade, de fronte ao Terminal Rodovi\u00e1rio. Re\u00fane diariamente muitos adeptos das atividades f\u00edsicas como a caminhada, corrida<span class=\"excerpt-hellip\"> [\u2026]<\/span><\/p>\n","protected":false},"author":1,"featured_media":6805,"parent":7,"menu_order":6,"comment_status":"closed","ping_status":"closed","template":"","meta":{"footnotes":""},"class_list":["post-24","page","type-page","status-publish","has-post-thumbnail","hentry"],"_links":{"self":[{"href":"https:\/\/www.cardoso.sp.gov.br\/site\/wp-json\/wp\/v2\/pages\/24","targetHints":{"allow":["GET"]}}],"collection":[{"href":"https:\/\/www.cardoso.sp.gov.br\/site\/wp-json\/wp\/v2\/pages"}],"about":[{"href":"https:\/\/www.cardoso.sp.gov.br\/site\/wp-json\/wp\/v2\/types\/page"}],"author":[{"embeddable":true,"href":"https:\/\/www.cardoso.sp.gov.br\/site\/wp-json\/wp\/v2\/users\/1"}],"replies":[{"embeddable":true,"href":"https:\/\/www.cardoso.sp.gov.br\/site\/wp-json\/wp\/v2\/comments?post=24"}],"version-history":[{"count":1,"href":"https:\/\/www.cardoso.sp.gov.br\/site\/wp-json\/wp\/v2\/pages\/24\/revisions"}],"predecessor-version":[{"id":22009,"href":"https:\/\/www.cardoso.sp.gov.br\/site\/wp-json\/wp\/v2\/pages\/24\/revisions\/22009"}],"up":[{"embeddable":true,"href":"https:\/\/www.cardoso.sp.gov.br\/site\/wp-json\/wp\/v2\/pages\/7"}],"wp:featuredmedia":[{"embeddable":true,"href":"https:\/\/www.cardoso.sp.gov.br\/site\/wp-json\/wp\/v2\/media\/6805"}],"wp:attachment":[{"href":"https:\/\/www.cardoso.sp.gov.br\/site\/wp-json\/wp\/v2\/media?parent=24"}],"curies":[{"name":"wp","href":"https:\/\/api.w.org\/{rel}","templated":true}]}}