{"id":22010,"date":"2025-09-07T16:29:22","date_gmt":"2025-09-07T19:29:22","guid":{"rendered":"https:\/\/www.cardoso.sp.gov.br\/site\/?page_id=22010"},"modified":"2025-09-09T08:05:27","modified_gmt":"2025-09-09T11:05:27","slug":"cascata","status":"publish","type":"page","link":"https:\/\/www.cardoso.sp.gov.br\/site\/a-cidade\/cascata\/","title":{"rendered":"Cascata"},"content":{"rendered":"\t\t<div data-elementor-type=\"wp-page\" data-elementor-id=\"22010\" class=\"elementor elementor-22010\" data-elementor-post-type=\"page\">\n\t\t\t\t\t\t<section class=\"elementor-section elementor-top-section elementor-element elementor-element-73a7d45b elementor-section-boxed elementor-section-height-default elementor-section-height-default\" data-id=\"73a7d45b\" data-element_type=\"section\" data-e-type=\"section\">\n\t\t\t\t\t\t<div class=\"elementor-container elementor-column-gap-default\">\n\t\t\t\t\t<div class=\"elementor-column elementor-col-50 elementor-top-column elementor-element elementor-element-f8339a7\" data-id=\"f8339a7\" data-element_type=\"column\" data-e-type=\"column\">\n\t\t\t<div class=\"elementor-widget-wrap elementor-element-populated\">\n\t\t\t\t\t\t<div class=\"elementor-element elementor-element-74c9155 elementor-widget elementor-widget-sidebar\" data-id=\"74c9155\" data-element_type=\"widget\" data-e-type=\"widget\" data-widget_type=\"sidebar.default\">\n\t\t\t\t<div class=\"elementor-widget-container\">\n\t\t\t\t\t<aside id=\"nav_menu-2\" class=\"widget widget_nav_menu\"><div class=\"menu-a-cidade-container\"><ul id=\"menu-a-cidade\" class=\"menu\"><li id=\"menu-item-16896\" class=\"menu-item menu-item-type-post_type menu-item-object-page menu-item-16896\"><a href=\"https:\/\/www.cardoso.sp.gov.br\/site\/a-cidade\/\">Nossa Hist\u00f3ria<\/a><\/li>\n<li id=\"menu-item-16898\" class=\"menu-item menu-item-type-post_type menu-item-object-page menu-item-16898\"><a href=\"https:\/\/www.cardoso.sp.gov.br\/site\/a-cidade\/prainha-municipal\/\">Prainha Municipal<\/a><\/li>\n<li id=\"menu-item-16900\" class=\"menu-item menu-item-type-post_type menu-item-object-page menu-item-16900\"><a href=\"https:\/\/www.cardoso.sp.gov.br\/site\/a-cidade\/lagoa\/\">Lagoa<\/a><\/li>\n<li id=\"menu-item-22016\" class=\"menu-item menu-item-type-post_type menu-item-object-page menu-item-22016\"><a href=\"https:\/\/www.cardoso.sp.gov.br\/site\/a-cidade\/cascata\/\">Cascata<\/a><\/li>\n<li id=\"menu-item-16901\" class=\"menu-item menu-item-type-post_type menu-item-object-page menu-item-16901\"><a href=\"https:\/\/www.cardoso.sp.gov.br\/site\/a-cidade\/recinto\/\">Recinto Municipal<\/a><\/li>\n<li id=\"menu-item-16899\" class=\"menu-item menu-item-type-post_type menu-item-object-page menu-item-16899\"><a href=\"https:\/\/www.cardoso.sp.gov.br\/site\/a-cidade\/estadio-municipal\/\">Est\u00e1dio Municipal<\/a><\/li>\n<li id=\"menu-item-16897\" class=\"menu-item menu-item-type-post_type menu-item-object-page menu-item-16897\"><a href=\"https:\/\/www.cardoso.sp.gov.br\/site\/a-cidade\/centro-social-urbano\/\">Centro Esportivo<\/a><\/li>\n<\/ul><\/div><\/aside>\t\t\t\t<\/div>\n\t\t\t\t<\/div>\n\t\t\t\t\t<\/div>\n\t\t<\/div>\n\t\t\t\t<div class=\"elementor-column elementor-col-50 elementor-top-column elementor-element elementor-element-6361ba2a\" data-id=\"6361ba2a\" data-element_type=\"column\" data-e-type=\"column\">\n\t\t\t<div class=\"elementor-widget-wrap elementor-element-populated\">\n\t\t\t\t\t\t<div class=\"elementor-element elementor-element-12ee60ec elementor-widget elementor-widget-text-editor\" data-id=\"12ee60ec\" data-element_type=\"widget\" data-e-type=\"widget\" data-widget_type=\"text-editor.default\">\n\t\t\t\t<div class=\"elementor-widget-container\">\n\t\t\t\t\t\t\t\t\t<p>A Cascata Charles Hyal, nomeada em homenagem ao Dr. Charles Hyal, est\u00e1 localizada no cora\u00e7\u00e3o de Cardoso, pr\u00f3ximo \u00e0 Lagoa Hygino Zampronha, destaca-se como um dos atrativos tur\u00edsticos mais frequentados da regi\u00e3o. Com uma deslumbrante cachoeira artificial, suas \u00e1guas abrigam uma diversidade de peixes que incluem til\u00e1pias, carpas, cascudos e o majestoso pirarucu. Al\u00e9m da paisagem encantadora, o local oferece um parquinho infantil e uma academia ao ar livre para a pr\u00e1tica de atividades f\u00edsicas. Venha descobrir este magn\u00edfico ponto tur\u00edstico!<\/p><p><strong>Onde fica<\/strong><br \/>Cascata &#8220;Charles Hyal&#8221;<br \/>Av. Joaquim Cardoso &#8211; Cardoso\/SP\u00a0&#8211;\u00a015.570-000<\/p><p>\n\t\t\t<style type='text\/css'>\n\t\t\t\t#sc_gallery-1 {\n\t\t\t\t\tmargin: auto;\n\t\t\t\t}\n\t\t\t\t#sc_gallery-1 .gallery-item {\n\t\t\t\t\tfloat: left;\n\t\t\t\t\ttext-align: center;\n\t\t\t\t\twidth: 33.33%;\n\t\t\t\t}\n\t\t\t\t#sc_gallery-1 img {\n\t\t\t\t\tborder: 2px solid #cfcfcf;\n\t\t\t\t}\n\t\t\t\t\/* see sc_gallery() in functions\/theme-shortcodes.php *\/\n\t\t\t<\/style>\n\t\t<div id='sc_gallery-1' class='gallery galleryid-22010 gallery-columns-3 gallery-size-thumbnail file element_classes gallery-default'><dl class='gallery-item'  data-title='' data-description=''><div class='gallery-item-wrapper'>\n\t\t\t\t<dt class='gallery-icon landscape'>\n\t\t\t\t\t<a href='https:\/\/www.cardoso.sp.gov.br\/site\/wp-content\/uploads\/2025\/06\/Cascata-Site.jpg'><img decoding=\"async\" width=\"200\" height=\"200\" src=\"https:\/\/www.cardoso.sp.gov.br\/site\/wp-content\/uploads\/2025\/06\/Cascata-Site-200x200.jpg\" class=\"attachment-thumbnail size-thumbnail\" alt=\"\" srcset=\"https:\/\/www.cardoso.sp.gov.br\/site\/wp-content\/uploads\/2025\/06\/Cascata-Site-200x200.jpg 200w, https:\/\/www.cardoso.sp.gov.br\/site\/wp-content\/uploads\/2025\/06\/Cascata-Site-85x85.jpg 85w, https:\/\/www.cardoso.sp.gov.br\/site\/wp-content\/uploads\/2025\/06\/Cascata-Site-80x80.jpg 80w\" sizes=\"(max-width:767px) 200px, 200px\" \/><\/a>\n\t\t\t\t<\/dt><\/div><\/dl>\n\t\t\t\t<br style='clear: both' \/>\n\t\t\t<\/div>\n<\/p>\t\t\t\t\t\t\t\t<\/div>\n\t\t\t\t<\/div>\n\t\t\t\t\t<\/div>\n\t\t<\/div>\n\t\t\t\t\t<\/div>\n\t\t<\/section>\n\t\t\t\t<\/div>\n\t\t<div class=\"gsp_post_data\" data-post_type=\"page\" data-cat=\"\" data-modified=\"120\" data-title=\"Cascata\" data-home=\"https:\/\/www.cardoso.sp.gov.br\/site\"><\/div>","protected":false},"excerpt":{"rendered":"<p>A Cascata Charles Hyal, nomeada em homenagem ao Dr. Charles Hyal, est\u00e1 localizada no cora\u00e7\u00e3o de Cardoso, pr\u00f3ximo \u00e0 Lagoa Hygino Zampronha, destaca-se como um dos<span class=\"excerpt-hellip\"> [\u2026]<\/span><\/p>\n","protected":false},"author":1,"featured_media":6805,"parent":7,"menu_order":6,"comment_status":"closed","ping_status":"closed","template":"","meta":{"footnotes":""},"class_list":["post-22010","page","type-page","status-publish","has-post-thumbnail","hentry"],"_links":{"self":[{"href":"https:\/\/www.cardoso.sp.gov.br\/site\/wp-json\/wp\/v2\/pages\/22010","targetHints":{"allow":["GET"]}}],"collection":[{"href":"https:\/\/www.cardoso.sp.gov.br\/site\/wp-json\/wp\/v2\/pages"}],"about":[{"href":"https:\/\/www.cardoso.sp.gov.br\/site\/wp-json\/wp\/v2\/types\/page"}],"author":[{"embeddable":true,"href":"https:\/\/www.cardoso.sp.gov.br\/site\/wp-json\/wp\/v2\/users\/1"}],"replies":[{"embeddable":true,"href":"https:\/\/www.cardoso.sp.gov.br\/site\/wp-json\/wp\/v2\/comments?post=22010"}],"version-history":[{"count":4,"href":"https:\/\/www.cardoso.sp.gov.br\/site\/wp-json\/wp\/v2\/pages\/22010\/revisions"}],"predecessor-version":[{"id":22014,"href":"https:\/\/www.cardoso.sp.gov.br\/site\/wp-json\/wp\/v2\/pages\/22010\/revisions\/22014"}],"up":[{"embeddable":true,"href":"https:\/\/www.cardoso.sp.gov.br\/site\/wp-json\/wp\/v2\/pages\/7"}],"wp:featuredmedia":[{"embeddable":true,"href":"https:\/\/www.cardoso.sp.gov.br\/site\/wp-json\/wp\/v2\/media\/6805"}],"wp:attachment":[{"href":"https:\/\/www.cardoso.sp.gov.br\/site\/wp-json\/wp\/v2\/media?parent=22010"}],"curies":[{"name":"wp","href":"https:\/\/api.w.org\/{rel}","templated":true}]}}