{"id":21890,"date":"2025-09-07T12:15:14","date_gmt":"2025-09-07T15:15:14","guid":{"rendered":"https:\/\/www.cardoso.sp.gov.br\/site\/?page_id=21890"},"modified":"2026-04-22T16:01:57","modified_gmt":"2026-04-22T19:01:57","slug":"secretaria-municipal-de-desenvolvimento-social-francine-melissa-pagliuso-martinelli","status":"publish","type":"page","link":"https:\/\/www.cardoso.sp.gov.br\/site\/secretarias\/secretaria-municipal-de-desenvolvimento-social-francine-melissa-pagliuso-martinelli\/","title":{"rendered":"Secretaria Municipal de Desenvolvimento Social &#8211; Francine Melissa Pagliuso Martinelli"},"content":{"rendered":"\t\t<div data-elementor-type=\"wp-page\" data-elementor-id=\"21890\" class=\"elementor elementor-21890\" data-elementor-post-type=\"page\">\n\t\t\t\t\t\t<section class=\"elementor-section elementor-top-section elementor-element elementor-element-4d249959 elementor-section-boxed elementor-section-height-default elementor-section-height-default\" data-id=\"4d249959\" data-element_type=\"section\" data-e-type=\"section\">\n\t\t\t\t\t\t<div class=\"elementor-container elementor-column-gap-default\">\n\t\t\t\t\t<div class=\"elementor-column elementor-col-100 elementor-top-column elementor-element elementor-element-14b2133c\" data-id=\"14b2133c\" data-element_type=\"column\" data-e-type=\"column\">\n\t\t\t<div class=\"elementor-widget-wrap elementor-element-populated\">\n\t\t\t\t\t\t<section class=\"elementor-section elementor-inner-section elementor-element elementor-element-9401ace elementor-section-boxed elementor-section-height-default elementor-section-height-default\" data-id=\"9401ace\" data-element_type=\"section\" data-e-type=\"section\">\n\t\t\t\t\t\t<div class=\"elementor-container elementor-column-gap-default\">\n\t\t\t\t\t<div class=\"elementor-column elementor-col-50 elementor-inner-column elementor-element elementor-element-d15eef4\" data-id=\"d15eef4\" data-element_type=\"column\" data-e-type=\"column\">\n\t\t\t<div class=\"elementor-widget-wrap elementor-element-populated\">\n\t\t\t\t\t\t<div class=\"elementor-element elementor-element-f4542b6 elementor-widget elementor-widget-image\" data-id=\"f4542b6\" data-element_type=\"widget\" data-e-type=\"widget\" data-widget_type=\"image.default\">\n\t\t\t\t<div class=\"elementor-widget-container\">\n\t\t\t\t\t\t\t\t\t\t\t\t\t\t\t<img fetchpriority=\"high\" decoding=\"async\" width=\"212\" height=\"300\" src=\"https:\/\/www.cardoso.sp.gov.br\/site\/wp-content\/uploads\/2025\/01\/Francine-Primeira-Dama-PNG-212x300.png\" class=\"attachment-medium size-medium wp-image-20013\" alt=\"\" srcset=\"https:\/\/www.cardoso.sp.gov.br\/site\/wp-content\/uploads\/2025\/01\/Francine-Primeira-Dama-PNG-212x300.png 212w, https:\/\/www.cardoso.sp.gov.br\/site\/wp-content\/uploads\/2025\/01\/Francine-Primeira-Dama-PNG-103x146.png 103w, https:\/\/www.cardoso.sp.gov.br\/site\/wp-content\/uploads\/2025\/01\/Francine-Primeira-Dama-PNG-35x50.png 35w, https:\/\/www.cardoso.sp.gov.br\/site\/wp-content\/uploads\/2025\/01\/Francine-Primeira-Dama-PNG-53x75.png 53w, https:\/\/www.cardoso.sp.gov.br\/site\/wp-content\/uploads\/2025\/01\/Francine-Primeira-Dama-PNG.png 420w\" sizes=\"(max-width:767px) 212px, 212px\" \/>\t\t\t\t\t\t\t\t\t\t\t\t\t\t\t<\/div>\n\t\t\t\t<\/div>\n\t\t\t\t\t<\/div>\n\t\t<\/div>\n\t\t\t\t<div class=\"elementor-column elementor-col-50 elementor-inner-column elementor-element elementor-element-80b5474\" data-id=\"80b5474\" data-element_type=\"column\" data-e-type=\"column\">\n\t\t\t<div class=\"elementor-widget-wrap elementor-element-populated\">\n\t\t\t\t\t\t<div class=\"elementor-element elementor-element-c127bb6 elementor-widget elementor-widget-text-editor\" data-id=\"c127bb6\" data-element_type=\"widget\" data-e-type=\"widget\" data-widget_type=\"text-editor.default\">\n\t\t\t\t<div class=\"elementor-widget-container\">\n\t\t\t\t\t\t\t\t\t<p><strong>SECRETARIA MUNICIPAL DE DESENVOLVIMENTO SOCIAL<\/strong><\/p><p>Primeira-dama:\u00a0<em><strong>Francine Melissa Pagliuso Martinelli<\/strong><\/em><br \/>E-mail: <a href=\"mailto:fss@cardoso.sp.gov.br\">fss@cardoso.sp.gov.br<\/a><br \/>Endere\u00e7o: Av. Marinheiro, 1929, Jardim Camargo \u2013 CEP 15570-066 \/ Tel: (17) 3466-3431<br \/>Hor\u00e1rio de Atendimento: Das 7h30 \u00e0s 17h<\/p><p>Francine Melissa Pagliuso Martinelli nascida em 19\/04\/1980 no munic\u00edpio de Taquaritinga, S\u00e3o Paulo. \u00c9 graduada em Odontologia pela Universidade de Mar\u00edlia (UNIMAR), onde concluiu sua forma\u00e7\u00e3o em 2002. Sua carreira \u00e9 marcada pela excel\u00eancia no atendimento odontol\u00f3gico e pela dedica\u00e7\u00e3o \u00e0 promo\u00e7\u00e3o da sa\u00fade bucal na comunidade.\u00a0\u00a0<\/p><p>Em 2011, mudou-se para Cardoso, S\u00e3o Paulo, onde passou a integrar o quadro de profissionais da Prefeitura Municipal de Cardoso como cirurgi\u00e3-dentista concursada. Reconhecida por sua compet\u00eancia e dedica\u00e7\u00e3o, Francine tamb\u00e9m se especializou em Odontologia para pacientes com necessidades especiais, ampliando sua atua\u00e7\u00e3o para atender de forma inclusiva e humanizada.\u00a0\u00a0<\/p><p>Atualmente, Francine \u00e9 casada com Lu\u00eds Paulo Bednarski Pedrassolli, prefeito em exerc\u00edcio de Cardoso, com quem tem uma filha, Melissa.<\/p><p>Como primeira-dama, tem desempenhado um papel ativo na implementa\u00e7\u00e3o e fortalecimento de pol\u00edticas p\u00fablicas voltadas para a inclus\u00e3o social, assist\u00eancia aos idosos e outras causas sociais relevantes.\u00a0\u00a0<\/p><p>Sua trajet\u00f3ria reflete o equil\u00edbrio entre a excel\u00eancia profissional, o compromisso social e a lideran\u00e7a comunit\u00e1ria, contribuindo para o desenvolvimento e o bem-estar da popula\u00e7\u00e3o de Cardoso.\u00a0\u00a0<\/p><p><em><strong>&#8220;Como primeira-dama e Secret\u00e1ria de Assist\u00eancia Social de Cardoso, reafirmo meu compromisso em trabalhar pela inclus\u00e3o social, pelo cuidado com os idosos e pelo bem-estar de nossa comunidade. Juntos, construiremos um futuro melhor!&#8221;<\/strong><\/em><\/p>\t\t\t\t\t\t\t\t<\/div>\n\t\t\t\t<\/div>\n\t\t\t\t\t<\/div>\n\t\t<\/div>\n\t\t\t\t\t<\/div>\n\t\t<\/section>\n\t\t\t\t\t<\/div>\n\t\t<\/div>\n\t\t\t\t\t<\/div>\n\t\t<\/section>\n\t\t\t\t<\/div>\n\t\t<div class=\"gsp_post_data\" data-post_type=\"page\" data-cat=\"\" data-modified=\"120\" data-title=\"Secretaria Municipal de Desenvolvimento Social &#8211; Francine Melissa Pagliuso Martinelli\" data-home=\"https:\/\/www.cardoso.sp.gov.br\/site\"><\/div>","protected":false},"excerpt":{"rendered":"<p>SECRETARIA MUNICIPAL DE DESENVOLVIMENTO SOCIAL Primeira-dama:\u00a0Francine Melissa Pagliuso MartinelliE-mail: fss@cardoso.sp.gov.brEndere\u00e7o: Av. Marinheiro, 1929, Jardim Camargo \u2013 CEP 15570-066 \/ Tel: (17) 3466-3431Hor\u00e1rio de Atendimento: Das 7h30<span class=\"excerpt-hellip\"> [\u2026]<\/span><\/p>\n","protected":false},"author":1,"featured_media":3733,"parent":87,"menu_order":0,"comment_status":"closed","ping_status":"closed","template":"","meta":{"footnotes":""},"class_list":["post-21890","page","type-page","status-publish","has-post-thumbnail","hentry"],"_links":{"self":[{"href":"https:\/\/www.cardoso.sp.gov.br\/site\/wp-json\/wp\/v2\/pages\/21890","targetHints":{"allow":["GET"]}}],"collection":[{"href":"https:\/\/www.cardoso.sp.gov.br\/site\/wp-json\/wp\/v2\/pages"}],"about":[{"href":"https:\/\/www.cardoso.sp.gov.br\/site\/wp-json\/wp\/v2\/types\/page"}],"author":[{"embeddable":true,"href":"https:\/\/www.cardoso.sp.gov.br\/site\/wp-json\/wp\/v2\/users\/1"}],"replies":[{"embeddable":true,"href":"https:\/\/www.cardoso.sp.gov.br\/site\/wp-json\/wp\/v2\/comments?post=21890"}],"version-history":[{"count":7,"href":"https:\/\/www.cardoso.sp.gov.br\/site\/wp-json\/wp\/v2\/pages\/21890\/revisions"}],"predecessor-version":[{"id":23070,"href":"https:\/\/www.cardoso.sp.gov.br\/site\/wp-json\/wp\/v2\/pages\/21890\/revisions\/23070"}],"up":[{"embeddable":true,"href":"https:\/\/www.cardoso.sp.gov.br\/site\/wp-json\/wp\/v2\/pages\/87"}],"wp:featuredmedia":[{"embeddable":true,"href":"https:\/\/www.cardoso.sp.gov.br\/site\/wp-json\/wp\/v2\/media\/3733"}],"wp:attachment":[{"href":"https:\/\/www.cardoso.sp.gov.br\/site\/wp-json\/wp\/v2\/media?parent=21890"}],"curies":[{"name":"wp","href":"https:\/\/api.w.org\/{rel}","templated":true}]}}