{"id":2079,"date":"2015-05-14T13:45:18","date_gmt":"2015-05-14T16:45:18","guid":{"rendered":"https:\/\/www.cardoso.sp.gov.br\/site\/?page_id=2079"},"modified":"2022-06-30T16:00:31","modified_gmt":"2022-06-30T19:00:31","slug":"servicos-ao-contribuinte","status":"publish","type":"page","link":"https:\/\/www.cardoso.sp.gov.br\/site\/servicos-ao-contribuinte\/","title":{"rendered":"Servi\u00e7os ao Contribuinte"},"content":{"rendered":"\t\t<div data-elementor-type=\"wp-page\" data-elementor-id=\"2079\" class=\"elementor elementor-2079\" data-elementor-post-type=\"page\">\n\t\t\t\t\t\t<section class=\"elementor-section elementor-top-section elementor-element elementor-element-47210edf elementor-section-boxed elementor-section-height-default elementor-section-height-default\" data-id=\"47210edf\" data-element_type=\"section\" data-e-type=\"section\">\n\t\t\t\t\t\t<div class=\"elementor-container elementor-column-gap-default\">\n\t\t\t\t\t<div class=\"elementor-column elementor-col-100 elementor-top-column elementor-element elementor-element-13050f58\" data-id=\"13050f58\" data-element_type=\"column\" data-e-type=\"column\">\n\t\t\t<div class=\"elementor-widget-wrap elementor-element-populated\">\n\t\t\t\t\t\t<div class=\"elementor-element elementor-element-2d9fb22a elementor-widget elementor-widget-text-editor\" data-id=\"2d9fb22a\" data-element_type=\"widget\" data-e-type=\"widget\" data-widget_type=\"text-editor.default\">\n\t\t\t\t<div class=\"elementor-widget-container\">\n\t\t\t\t\t\t\t\t\t<p>Dados dos Im\u00f3veis e Empresas<\/p>\n<p>Consulta de D\u00e9bitos<\/p>\n<p>Emiss\u00e3o de Certid\u00f5es<\/p>\n<p>Consulta de \u00d3bitos<\/p>\n<p>Nota Fiscal Eletr\u00f4nica\/ Declara\u00e7\u00e3o de Tomador\/ Declara\u00e7\u00e3o de Prestador<\/p>\n<p><strong><a href=\"http:\/\/web.cardoso.sp.gov.br:8080\/servicosweb\" target=\"_blank\" rel=\"noopener\">CLIQUE AQUI<\/a><\/strong><\/p>\t\t\t\t\t\t\t\t<\/div>\n\t\t\t\t<\/div>\n\t\t\t\t\t<\/div>\n\t\t<\/div>\n\t\t\t\t\t<\/div>\n\t\t<\/section>\n\t\t\t\t<\/div>\n\t\t<div class=\"gsp_post_data\" data-post_type=\"page\" data-cat=\"\" data-modified=\"120\" data-title=\"Servi\u00e7os ao Contribuinte\" data-home=\"https:\/\/www.cardoso.sp.gov.br\/site\"><\/div>","protected":false},"excerpt":{"rendered":"<p>Dados dos Im\u00f3veis e Empresas Consulta de D\u00e9bitos Emiss\u00e3o de Certid\u00f5es Consulta de \u00d3bitos Nota Fiscal Eletr\u00f4nica\/ Declara\u00e7\u00e3o de Tomador\/ Declara\u00e7\u00e3o de Prestador CLIQUE AQUI<\/p>\n","protected":false},"author":2,"featured_media":0,"parent":0,"menu_order":0,"comment_status":"closed","ping_status":"closed","template":"","meta":{"footnotes":""},"class_list":["post-2079","page","type-page","status-publish","hentry"],"_links":{"self":[{"href":"https:\/\/www.cardoso.sp.gov.br\/site\/wp-json\/wp\/v2\/pages\/2079","targetHints":{"allow":["GET"]}}],"collection":[{"href":"https:\/\/www.cardoso.sp.gov.br\/site\/wp-json\/wp\/v2\/pages"}],"about":[{"href":"https:\/\/www.cardoso.sp.gov.br\/site\/wp-json\/wp\/v2\/types\/page"}],"author":[{"embeddable":true,"href":"https:\/\/www.cardoso.sp.gov.br\/site\/wp-json\/wp\/v2\/users\/2"}],"replies":[{"embeddable":true,"href":"https:\/\/www.cardoso.sp.gov.br\/site\/wp-json\/wp\/v2\/comments?post=2079"}],"version-history":[{"count":0,"href":"https:\/\/www.cardoso.sp.gov.br\/site\/wp-json\/wp\/v2\/pages\/2079\/revisions"}],"wp:attachment":[{"href":"https:\/\/www.cardoso.sp.gov.br\/site\/wp-json\/wp\/v2\/media?parent=2079"}],"curies":[{"name":"wp","href":"https:\/\/api.w.org\/{rel}","templated":true}]}}