{"id":20394,"date":"2025-02-14T11:19:09","date_gmt":"2025-02-14T14:19:09","guid":{"rendered":"https:\/\/www.cardoso.sp.gov.br\/site\/?page_id=20394"},"modified":"2025-09-07T12:01:05","modified_gmt":"2025-09-07T15:01:05","slug":"calendario-escolar-2025","status":"publish","type":"page","link":"https:\/\/www.cardoso.sp.gov.br\/site\/calendario-escolar-2025\/","title":{"rendered":"Calend\u00e1rio Escolar 2025"},"content":{"rendered":"\t\t<div data-elementor-type=\"wp-page\" data-elementor-id=\"20394\" class=\"elementor elementor-20394\" data-elementor-post-type=\"page\">\n\t\t\t\t\t\t<section class=\"elementor-section elementor-top-section elementor-element elementor-element-58c4f0ec elementor-section-boxed elementor-section-height-default elementor-section-height-default\" data-id=\"58c4f0ec\" data-element_type=\"section\" data-e-type=\"section\">\n\t\t\t\t\t\t<div class=\"elementor-container elementor-column-gap-default\">\n\t\t\t\t\t<div class=\"elementor-column elementor-col-100 elementor-top-column elementor-element elementor-element-71c62aec\" data-id=\"71c62aec\" data-element_type=\"column\" data-e-type=\"column\">\n\t\t\t<div class=\"elementor-widget-wrap elementor-element-populated\">\n\t\t\t\t\t\t<div class=\"elementor-element elementor-element-7cf67796 elementor-widget__width-initial elementor-widget elementor-widget-text-editor\" data-id=\"7cf67796\" data-element_type=\"widget\" data-e-type=\"widget\" data-widget_type=\"text-editor.default\">\n\t\t\t\t<div class=\"elementor-widget-container\">\n\t\t\t\t\t\t\t\t\t<p><strong>Calend\u00e1rio Escolar: Organiza\u00e7\u00e3o e Qualidade para o Ano Letivo<\/strong><\/p><p>O calend\u00e1rio escolar \u00e9 um dos pilares essenciais para o planejamento e a organiza\u00e7\u00e3o do nosso ano letivo. Por isso, cada data \u00e9 cuidadosamente estruturada para garantir um ensino de qualidade, respeitando o tempo de aprendizado e desenvolvimento dos nossos alunos.<\/p><p>Seguindo todas as diretrizes educacionais, o calend\u00e1rio contempla o in\u00edcio e o t\u00e9rmino das aulas, per\u00edodos de recesso, feriados e dias letivos obrigat\u00f3rios. Al\u00e9m disso, inclui eventos pedag\u00f3gicos, avalia\u00e7\u00f5es e momentos importantes para o crescimento acad\u00eamico e social dos estudantes.<\/p><p>Nosso compromisso \u00e9 proporcionar um ano letivo bem planejado, garantindo que alunos, pais e professores possam se organizar da melhor forma. Afinal, uma educa\u00e7\u00e3o de qualidade depende de uma estrutura s\u00f3lida e bem definida!<\/p>\t\t\t\t\t\t\t\t<\/div>\n\t\t\t\t<\/div>\n\t\t\t\t<div class=\"elementor-element elementor-element-9367ca6 elementor-widget elementor-widget-text-editor\" data-id=\"9367ca6\" data-element_type=\"widget\" data-e-type=\"widget\" data-widget_type=\"text-editor.default\">\n\t\t\t\t<div class=\"elementor-widget-container\">\n\t\t\t\t\t\t\t\t\t<p><span style=\"letter-spacing: 0px;\">\ud83d\udcc5 <b>Fique atento \u00e0s datas e acompanhe todas as informa\u00e7\u00f5es sobre o calend\u00e1rio escolar!<\/b><\/span><\/p>\t\t\t\t\t\t\t\t<\/div>\n\t\t\t\t<\/div>\n\t\t\t\t\t<\/div>\n\t\t<\/div>\n\t\t\t\t\t<\/div>\n\t\t<\/section>\n\t\t\t\t<section class=\"elementor-section elementor-top-section elementor-element elementor-element-90b940c elementor-section-boxed elementor-section-height-default elementor-section-height-default\" data-id=\"90b940c\" data-element_type=\"section\" data-e-type=\"section\">\n\t\t\t\t\t\t<div class=\"elementor-container elementor-column-gap-default\">\n\t\t\t\t\t<div class=\"elementor-column elementor-col-33 elementor-top-column elementor-element elementor-element-b3f2d73\" data-id=\"b3f2d73\" data-element_type=\"column\" data-e-type=\"column\">\n\t\t\t<div class=\"elementor-widget-wrap elementor-element-populated\">\n\t\t\t\t\t\t<div class=\"elementor-element elementor-element-48dd654 elementor-align-center elementor-widget elementor-widget-button\" data-id=\"48dd654\" data-element_type=\"widget\" data-e-type=\"widget\" data-widget_type=\"button.default\">\n\t\t\t\t<div class=\"elementor-widget-container\">\n\t\t\t\t\t\t\t\t\t<div class=\"elementor-button-wrapper\">\n\t\t\t\t\t<a class=\"elementor-button elementor-button-link elementor-size-sm\" href=\"https:\/\/www.cardoso.sp.gov.br\/site\/wp-content\/uploads\/2025\/02\/01-CRECHE-DE-0-A-3-ANOS.pdf\" target=\"_blank\">\n\t\t\t\t\t\t<span class=\"elementor-button-content-wrapper\">\n\t\t\t\t\t\t<span class=\"elementor-button-icon\">\n\t\t\t\t<i aria-hidden=\"true\" class=\"far fa-calendar-check\"><\/i>\t\t\t<\/span>\n\t\t\t\t\t\t\t\t\t<span class=\"elementor-button-text\">CRECHE DE 0 A 3 ANOS<\/span>\n\t\t\t\t\t<\/span>\n\t\t\t\t\t<\/a>\n\t\t\t\t<\/div>\n\t\t\t\t\t\t\t\t<\/div>\n\t\t\t\t<\/div>\n\t\t\t\t\t<\/div>\n\t\t<\/div>\n\t\t\t\t<div class=\"elementor-column elementor-col-33 elementor-top-column elementor-element elementor-element-0563195\" data-id=\"0563195\" data-element_type=\"column\" data-e-type=\"column\">\n\t\t\t<div class=\"elementor-widget-wrap elementor-element-populated\">\n\t\t\t\t\t\t<div class=\"elementor-element elementor-element-3341c40 elementor-align-center elementor-widget elementor-widget-button\" data-id=\"3341c40\" data-element_type=\"widget\" data-e-type=\"widget\" data-widget_type=\"button.default\">\n\t\t\t\t<div class=\"elementor-widget-container\">\n\t\t\t\t\t\t\t\t\t<div class=\"elementor-button-wrapper\">\n\t\t\t\t\t<a class=\"elementor-button elementor-button-link elementor-size-sm\" href=\"https:\/\/www.cardoso.sp.gov.br\/site\/wp-content\/uploads\/2025\/02\/02-PRE-ESCOLAR.pdf\" target=\"_blank\">\n\t\t\t\t\t\t<span class=\"elementor-button-content-wrapper\">\n\t\t\t\t\t\t<span class=\"elementor-button-icon\">\n\t\t\t\t<i aria-hidden=\"true\" class=\"far fa-calendar-check\"><\/i>\t\t\t<\/span>\n\t\t\t\t\t\t\t\t\t<span class=\"elementor-button-text\">PR\u00c9 ESCOLAR<\/span>\n\t\t\t\t\t<\/span>\n\t\t\t\t\t<\/a>\n\t\t\t\t<\/div>\n\t\t\t\t\t\t\t\t<\/div>\n\t\t\t\t<\/div>\n\t\t\t\t\t<\/div>\n\t\t<\/div>\n\t\t\t\t<div class=\"elementor-column elementor-col-33 elementor-top-column elementor-element elementor-element-26613cf\" data-id=\"26613cf\" data-element_type=\"column\" data-e-type=\"column\">\n\t\t\t<div class=\"elementor-widget-wrap elementor-element-populated\">\n\t\t\t\t\t\t<div class=\"elementor-element elementor-element-4433f00 elementor-align-center elementor-widget elementor-widget-button\" data-id=\"4433f00\" data-element_type=\"widget\" data-e-type=\"widget\" data-widget_type=\"button.default\">\n\t\t\t\t<div class=\"elementor-widget-container\">\n\t\t\t\t\t\t\t\t\t<div class=\"elementor-button-wrapper\">\n\t\t\t\t\t<a class=\"elementor-button elementor-button-link elementor-size-sm\" href=\"https:\/\/www.cardoso.sp.gov.br\/site\/wp-content\/uploads\/2025\/02\/03-ENSINO-FUNDAMENTAL-I.pdf\" target=\"_blank\">\n\t\t\t\t\t\t<span class=\"elementor-button-content-wrapper\">\n\t\t\t\t\t\t<span class=\"elementor-button-icon\">\n\t\t\t\t<i aria-hidden=\"true\" class=\"far fa-calendar-check\"><\/i>\t\t\t<\/span>\n\t\t\t\t\t\t\t\t\t<span class=\"elementor-button-text\">ENSINO FUNDAMENTAL I<\/span>\n\t\t\t\t\t<\/span>\n\t\t\t\t\t<\/a>\n\t\t\t\t<\/div>\n\t\t\t\t\t\t\t\t<\/div>\n\t\t\t\t<\/div>\n\t\t\t\t\t<\/div>\n\t\t<\/div>\n\t\t\t\t\t<\/div>\n\t\t<\/section>\n\t\t\t\t<section class=\"elementor-section elementor-top-section elementor-element elementor-element-2824b83 elementor-section-boxed elementor-section-height-default elementor-section-height-default\" data-id=\"2824b83\" data-element_type=\"section\" data-e-type=\"section\">\n\t\t\t\t\t\t<div class=\"elementor-container elementor-column-gap-default\">\n\t\t\t\t\t<div class=\"elementor-column elementor-col-50 elementor-top-column elementor-element elementor-element-d910a36\" data-id=\"d910a36\" data-element_type=\"column\" data-e-type=\"column\">\n\t\t\t<div class=\"elementor-widget-wrap elementor-element-populated\">\n\t\t\t\t\t\t<div class=\"elementor-element elementor-element-91c4c65 elementor-align-center elementor-widget elementor-widget-button\" data-id=\"91c4c65\" data-element_type=\"widget\" data-e-type=\"widget\" data-widget_type=\"button.default\">\n\t\t\t\t<div class=\"elementor-widget-container\">\n\t\t\t\t\t\t\t\t\t<div class=\"elementor-button-wrapper\">\n\t\t\t\t\t<a class=\"elementor-button elementor-button-link elementor-size-sm\" href=\"https:\/\/www.cardoso.sp.gov.br\/site\/wp-content\/uploads\/2025\/02\/04-ENSINO-FUNDAMENTAL-II.pdf\" target=\"_blank\">\n\t\t\t\t\t\t<span class=\"elementor-button-content-wrapper\">\n\t\t\t\t\t\t<span class=\"elementor-button-icon\">\n\t\t\t\t<i aria-hidden=\"true\" class=\"far fa-calendar-check\"><\/i>\t\t\t<\/span>\n\t\t\t\t\t\t\t\t\t<span class=\"elementor-button-text\">ENSINO FUNDAMENTAL II<\/span>\n\t\t\t\t\t<\/span>\n\t\t\t\t\t<\/a>\n\t\t\t\t<\/div>\n\t\t\t\t\t\t\t\t<\/div>\n\t\t\t\t<\/div>\n\t\t\t\t\t<\/div>\n\t\t<\/div>\n\t\t\t\t<div class=\"elementor-column elementor-col-50 elementor-top-column elementor-element elementor-element-7c01eeb\" data-id=\"7c01eeb\" data-element_type=\"column\" data-e-type=\"column\">\n\t\t\t<div class=\"elementor-widget-wrap elementor-element-populated\">\n\t\t\t\t\t\t<div class=\"elementor-element elementor-element-b387131 elementor-align-center elementor-widget elementor-widget-button\" data-id=\"b387131\" data-element_type=\"widget\" data-e-type=\"widget\" data-widget_type=\"button.default\">\n\t\t\t\t<div class=\"elementor-widget-container\">\n\t\t\t\t\t\t\t\t\t<div class=\"elementor-button-wrapper\">\n\t\t\t\t\t<a class=\"elementor-button elementor-button-link elementor-size-sm\" href=\"https:\/\/www.cardoso.sp.gov.br\/site\/wp-content\/uploads\/2025\/02\/05-EJA-E-ENSINO-PROFISSIONALIZANTE.pdf\" target=\"_blank\">\n\t\t\t\t\t\t<span class=\"elementor-button-content-wrapper\">\n\t\t\t\t\t\t<span class=\"elementor-button-icon\">\n\t\t\t\t<i aria-hidden=\"true\" class=\"far fa-calendar-check\"><\/i>\t\t\t<\/span>\n\t\t\t\t\t\t\t\t\t<span class=\"elementor-button-text\">EJA E ENSINO PROFISSIONALIZANTE<\/span>\n\t\t\t\t\t<\/span>\n\t\t\t\t\t<\/a>\n\t\t\t\t<\/div>\n\t\t\t\t\t\t\t\t<\/div>\n\t\t\t\t<\/div>\n\t\t\t\t\t<\/div>\n\t\t<\/div>\n\t\t\t\t\t<\/div>\n\t\t<\/section>\n\t\t\t\t<\/div>\n\t\t<div class=\"gsp_post_data\" \r\n\t            data-post_type=\"page\" \r\n\t            data-cat=\"\" \r\n\t            data-modified=\"120\"\r\n\t            data-created=\"1739531949\"\r\n\t            data-title=\"Calend\u00e1rio Escolar 2025\" \r\n\t            data-home=\"https:\/\/www.cardoso.sp.gov.br\/site\"><\/div>","protected":false},"excerpt":{"rendered":"<p>Alimenta\u00e7\u00e3o Escolar de Qualidade para Nossos Alunos A alimenta\u00e7\u00e3o escolar \u00e9 um dos pilares essenciais para o desenvolvimento e o aprendizado dos nossos alunos. Por isso,<span class=\"excerpt-hellip\"> [\u2026]<\/span><\/p>\n","protected":false},"author":2,"featured_media":0,"parent":0,"menu_order":0,"comment_status":"closed","ping_status":"closed","template":"","meta":{"footnotes":""},"class_list":["post-20394","page","type-page","status-publish","hentry"],"_links":{"self":[{"href":"https:\/\/www.cardoso.sp.gov.br\/site\/wp-json\/wp\/v2\/pages\/20394","targetHints":{"allow":["GET"]}}],"collection":[{"href":"https:\/\/www.cardoso.sp.gov.br\/site\/wp-json\/wp\/v2\/pages"}],"about":[{"href":"https:\/\/www.cardoso.sp.gov.br\/site\/wp-json\/wp\/v2\/types\/page"}],"author":[{"embeddable":true,"href":"https:\/\/www.cardoso.sp.gov.br\/site\/wp-json\/wp\/v2\/users\/2"}],"replies":[{"embeddable":true,"href":"https:\/\/www.cardoso.sp.gov.br\/site\/wp-json\/wp\/v2\/comments?post=20394"}],"version-history":[{"count":40,"href":"https:\/\/www.cardoso.sp.gov.br\/site\/wp-json\/wp\/v2\/pages\/20394\/revisions"}],"predecessor-version":[{"id":21877,"href":"https:\/\/www.cardoso.sp.gov.br\/site\/wp-json\/wp\/v2\/pages\/20394\/revisions\/21877"}],"wp:attachment":[{"href":"https:\/\/www.cardoso.sp.gov.br\/site\/wp-json\/wp\/v2\/media?parent=20394"}],"curies":[{"name":"wp","href":"https:\/\/api.w.org\/{rel}","templated":true}]}}