{"id":20200,"date":"2025-02-06T14:34:40","date_gmt":"2025-02-06T17:34:40","guid":{"rendered":"https:\/\/www.cardoso.sp.gov.br\/site\/?page_id=20200"},"modified":"2026-04-22T16:01:35","modified_gmt":"2026-04-22T19:01:35","slug":"secretaria-municipal-de-saude-e-bem-estar-mariana-dias-da-silva-gato","status":"publish","type":"page","link":"https:\/\/www.cardoso.sp.gov.br\/site\/secretarias\/secretaria-municipal-de-saude-e-bem-estar-mariana-dias-da-silva-gato\/","title":{"rendered":"Secretaria Municipal de Sa\u00fade e Bem-Estar &#8211; Mariana Dias da Silva Gato"},"content":{"rendered":"\t\t<div data-elementor-type=\"wp-page\" data-elementor-id=\"20200\" class=\"elementor elementor-20200\" data-elementor-post-type=\"page\">\n\t\t\t\t\t\t<section class=\"elementor-section elementor-top-section elementor-element elementor-element-1373321a elementor-section-boxed elementor-section-height-default elementor-section-height-default\" data-id=\"1373321a\" data-element_type=\"section\" data-e-type=\"section\">\n\t\t\t\t\t\t<div class=\"elementor-container elementor-column-gap-default\">\n\t\t\t\t\t<div class=\"elementor-column elementor-col-100 elementor-top-column elementor-element elementor-element-1b96608e\" data-id=\"1b96608e\" data-element_type=\"column\" data-e-type=\"column\">\n\t\t\t<div class=\"elementor-widget-wrap elementor-element-populated\">\n\t\t\t\t\t\t<section class=\"elementor-section elementor-inner-section elementor-element elementor-element-2d87d65 elementor-section-boxed elementor-section-height-default elementor-section-height-default\" data-id=\"2d87d65\" data-element_type=\"section\" data-e-type=\"section\">\n\t\t\t\t\t\t<div class=\"elementor-container elementor-column-gap-default\">\n\t\t\t\t\t<div class=\"elementor-column elementor-col-50 elementor-inner-column elementor-element elementor-element-956c89e\" data-id=\"956c89e\" data-element_type=\"column\" data-e-type=\"column\">\n\t\t\t<div class=\"elementor-widget-wrap elementor-element-populated\">\n\t\t\t\t\t\t<div class=\"elementor-element elementor-element-a0c2963 elementor-widget elementor-widget-image\" data-id=\"a0c2963\" data-element_type=\"widget\" data-e-type=\"widget\" data-widget_type=\"image.default\">\n\t\t\t\t<div class=\"elementor-widget-container\">\n\t\t\t\t\t\t\t\t\t\t\t\t\t\t\t<img fetchpriority=\"high\" decoding=\"async\" width=\"224\" height=\"300\" src=\"https:\/\/www.cardoso.sp.gov.br\/site\/wp-content\/uploads\/2025\/02\/Mariana-Dias-224x300.png\" class=\"attachment-medium size-medium wp-image-20241\" alt=\"\" srcset=\"https:\/\/www.cardoso.sp.gov.br\/site\/wp-content\/uploads\/2025\/02\/Mariana-Dias-224x300.png 224w, https:\/\/www.cardoso.sp.gov.br\/site\/wp-content\/uploads\/2025\/02\/Mariana-Dias-109x146.png 109w, https:\/\/www.cardoso.sp.gov.br\/site\/wp-content\/uploads\/2025\/02\/Mariana-Dias-37x50.png 37w, https:\/\/www.cardoso.sp.gov.br\/site\/wp-content\/uploads\/2025\/02\/Mariana-Dias-56x75.png 56w, https:\/\/www.cardoso.sp.gov.br\/site\/wp-content\/uploads\/2025\/02\/Mariana-Dias.png 381w\" sizes=\"(max-width:767px) 224px, 224px\" \/>\t\t\t\t\t\t\t\t\t\t\t\t\t\t\t<\/div>\n\t\t\t\t<\/div>\n\t\t\t\t\t<\/div>\n\t\t<\/div>\n\t\t\t\t<div class=\"elementor-column elementor-col-50 elementor-inner-column elementor-element elementor-element-5c78bed\" data-id=\"5c78bed\" data-element_type=\"column\" data-e-type=\"column\">\n\t\t\t<div class=\"elementor-widget-wrap elementor-element-populated\">\n\t\t\t\t\t\t<div class=\"elementor-element elementor-element-68ea452 elementor-widget elementor-widget-text-editor\" data-id=\"68ea452\" data-element_type=\"widget\" data-e-type=\"widget\" data-widget_type=\"text-editor.default\">\n\t\t\t\t<div class=\"elementor-widget-container\">\n\t\t\t\t\t\t\t\t\t<p><strong>SECRETARIA MUNICIPAL DE SA\u00daDE E BEM-ESTAR<\/strong><\/p><p>Secret\u00e1ria:\u00a0<em><strong>Mariana Dias da Silva Gato<\/strong><\/em><br \/>E-mail: <a href=\"mailto:saude@cardoso.sp.gov.br\">saude@cardoso.sp.gov.br<\/a> \/ <a href=\"mailto:secretariadesaude@cardoso.sp.gov.br\">secretariadesaude@cardoso.sp.gov.br<\/a><br \/>Endere\u00e7o: Rua\u00a0Dep. Castro de Carvalho, 1297 \u2013 Centro &#8211; CEP: 15570-021 \/ Tel: (17) 3453-1142<br \/>Hor\u00e1rio de Atendimento: Das 7h30 \u00e0s 17h<\/p><p>Mariana, nasceu em 28 de outubro de 1984, na Maternidade Leonor Mendes Barros, vinculada \u00e0 Santa Casa de Cardoso. Filha do ex-prefeito municipal Jo\u00e3o da Brahma de Oliveira da Silva e Edna Maria Dias da Silva, sempre valorizou a educa\u00e7\u00e3o e o compromisso com o pr\u00f3ximo.<\/p><p>Estudou em escolas p\u00fablicas e concluiu o ensino m\u00e9dio na Escola Epaminondas Jos\u00e9 de Andrade. Posteriormente, graduou-se em Fisioterapia pela Unifev (FEV), em Votuporanga, e especializou-se em Fisioterapia e Terapias Manuais, consolidando seu interesse pela \u00e1rea da sa\u00fade p\u00fablica.<\/p><p>Em 2011, ingressou no servi\u00e7o p\u00fablico municipal como fisioterapeuta, fun\u00e7\u00e3o que desempenha com dedica\u00e7\u00e3o e profissionalismo, sempre buscando oferecer o melhor atendimento a seus pacientes. Paralelamente, de 2012 a 2024, foi propriet\u00e1ria e administradora da Cl\u00ednica Bem Viver, onde prestou atendimento particular, aprimorando ainda mais sua experi\u00eancia na \u00e1rea da reabilita\u00e7\u00e3o.<\/p><p>Mariana \u00e9 casada com Boanerges Gato e m\u00e3e de Horacio e Jo\u00e3o que s\u00e3o suas maiores inspira\u00e7\u00f5es. E o combust\u00edvel di\u00e1rio para enfrentamento das batalhas di\u00e1rias de sua vida.<\/p><p>Atualmente, aceitou o desafio de assumir a Secretaria de Sa\u00fade do munic\u00edpio, onde pretende atuar com uma gest\u00e3o participativa, inovadora e focada em resultados. Seu compromisso \u00e9 promover uma sa\u00fade mais acess\u00edvel, eficiente e de qualidade, sempre alinhada \u00e0s reais necessidades da popula\u00e7\u00e3o.<\/p><p><em>&#8220;Como Secret\u00e1ria de Sa\u00fade, assumo o compromisso de trabalhar com dedica\u00e7\u00e3o e transpar\u00eancia para garantir um atendimento digno e humanizado a cada cidad\u00e3o. Meu objetivo \u00e9 fortalecer a rede de sa\u00fade, ampliar o acesso aos servi\u00e7os e promover melhorias que realmente fa\u00e7am a diferen\u00e7a na vida de todos. Sei dos desafios, mas tamb\u00e9m acredito no poder da uni\u00e3o e do trabalho em equipe. Contem comigo para construir uma sa\u00fade p\u00fablica mais eficiente, justa e de qualidade para todos!&#8221;<\/em><\/p>\t\t\t\t\t\t\t\t<\/div>\n\t\t\t\t<\/div>\n\t\t\t\t\t<\/div>\n\t\t<\/div>\n\t\t\t\t\t<\/div>\n\t\t<\/section>\n\t\t\t\t\t<\/div>\n\t\t<\/div>\n\t\t\t\t\t<\/div>\n\t\t<\/section>\n\t\t\t\t<\/div>\n\t\t<div class=\"gsp_post_data\" data-post_type=\"page\" data-cat=\"\" data-modified=\"120\" data-title=\"Secretaria Municipal de Sa\u00fade e Bem-Estar &#8211; Mariana Dias da Silva Gato\" data-home=\"https:\/\/www.cardoso.sp.gov.br\/site\"><\/div>","protected":false},"excerpt":{"rendered":"<p>SECRETARIA MUNICIPAL DE SA\u00daDE E BEM-ESTAR Secret\u00e1ria:\u00a0Mariana Dias da Silva GatoE-mail: saude@cardoso.sp.gov.br \/ secretariadesaude@cardoso.sp.gov.brEndere\u00e7o: Rua\u00a0Dep. Castro de Carvalho, 1297 \u2013 Centro &#8211; CEP: 15570-021 \/ Tel:<span class=\"excerpt-hellip\"> [\u2026]<\/span><\/p>\n","protected":false},"author":2,"featured_media":20012,"parent":87,"menu_order":0,"comment_status":"closed","ping_status":"closed","template":"","meta":{"footnotes":""},"class_list":["post-20200","page","type-page","status-publish","has-post-thumbnail","hentry"],"_links":{"self":[{"href":"https:\/\/www.cardoso.sp.gov.br\/site\/wp-json\/wp\/v2\/pages\/20200","targetHints":{"allow":["GET"]}}],"collection":[{"href":"https:\/\/www.cardoso.sp.gov.br\/site\/wp-json\/wp\/v2\/pages"}],"about":[{"href":"https:\/\/www.cardoso.sp.gov.br\/site\/wp-json\/wp\/v2\/types\/page"}],"author":[{"embeddable":true,"href":"https:\/\/www.cardoso.sp.gov.br\/site\/wp-json\/wp\/v2\/users\/2"}],"replies":[{"embeddable":true,"href":"https:\/\/www.cardoso.sp.gov.br\/site\/wp-json\/wp\/v2\/comments?post=20200"}],"version-history":[{"count":23,"href":"https:\/\/www.cardoso.sp.gov.br\/site\/wp-json\/wp\/v2\/pages\/20200\/revisions"}],"predecessor-version":[{"id":23058,"href":"https:\/\/www.cardoso.sp.gov.br\/site\/wp-json\/wp\/v2\/pages\/20200\/revisions\/23058"}],"up":[{"embeddable":true,"href":"https:\/\/www.cardoso.sp.gov.br\/site\/wp-json\/wp\/v2\/pages\/87"}],"wp:featuredmedia":[{"embeddable":true,"href":"https:\/\/www.cardoso.sp.gov.br\/site\/wp-json\/wp\/v2\/media\/20012"}],"wp:attachment":[{"href":"https:\/\/www.cardoso.sp.gov.br\/site\/wp-json\/wp\/v2\/media?parent=20200"}],"curies":[{"name":"wp","href":"https:\/\/api.w.org\/{rel}","templated":true}]}}