{"id":20049,"date":"2025-01-17T11:22:57","date_gmt":"2025-01-17T14:22:57","guid":{"rendered":"https:\/\/www.cardoso.sp.gov.br\/site\/?page_id=20049"},"modified":"2026-04-22T16:01:45","modified_gmt":"2026-04-22T19:01:45","slug":"secretaria-municipal-de-educacao-vinicius-de-campos","status":"publish","type":"page","link":"https:\/\/www.cardoso.sp.gov.br\/site\/secretarias\/secretaria-municipal-de-educacao-vinicius-de-campos\/","title":{"rendered":"Secretaria Municipal de Educa\u00e7\u00e3o &#8211; Vinicius de Campos"},"content":{"rendered":"\t\t<div data-elementor-type=\"wp-page\" data-elementor-id=\"20049\" class=\"elementor elementor-20049\" data-elementor-post-type=\"page\">\n\t\t\t\t\t\t<section class=\"elementor-section elementor-top-section elementor-element elementor-element-1373321a elementor-section-boxed elementor-section-height-default elementor-section-height-default\" data-id=\"1373321a\" data-element_type=\"section\" data-e-type=\"section\">\n\t\t\t\t\t\t<div class=\"elementor-container elementor-column-gap-default\">\n\t\t\t\t\t<div class=\"elementor-column elementor-col-100 elementor-top-column elementor-element elementor-element-1b96608e\" data-id=\"1b96608e\" data-element_type=\"column\" data-e-type=\"column\">\n\t\t\t<div class=\"elementor-widget-wrap elementor-element-populated\">\n\t\t\t\t\t\t<section class=\"elementor-section elementor-inner-section elementor-element elementor-element-1a40dcc elementor-section-boxed elementor-section-height-default elementor-section-height-default\" data-id=\"1a40dcc\" data-element_type=\"section\" data-e-type=\"section\">\n\t\t\t\t\t\t<div class=\"elementor-container elementor-column-gap-default\">\n\t\t\t\t\t<div class=\"elementor-column elementor-col-50 elementor-inner-column elementor-element elementor-element-0789c47\" data-id=\"0789c47\" data-element_type=\"column\" data-e-type=\"column\">\n\t\t\t<div class=\"elementor-widget-wrap elementor-element-populated\">\n\t\t\t\t\t\t<div class=\"elementor-element elementor-element-45ce0eb elementor-widget elementor-widget-image\" data-id=\"45ce0eb\" data-element_type=\"widget\" data-e-type=\"widget\" data-widget_type=\"image.default\">\n\t\t\t\t<div class=\"elementor-widget-container\">\n\t\t\t\t\t\t\t\t\t\t\t\t\t\t\t<img fetchpriority=\"high\" decoding=\"async\" width=\"243\" height=\"300\" src=\"https:\/\/www.cardoso.sp.gov.br\/site\/wp-content\/uploads\/2025\/01\/VINICIUS-PNG-243x300.png\" class=\"attachment-medium size-medium wp-image-20012\" alt=\"\" srcset=\"https:\/\/www.cardoso.sp.gov.br\/site\/wp-content\/uploads\/2025\/01\/VINICIUS-PNG-243x300.png 243w, https:\/\/www.cardoso.sp.gov.br\/site\/wp-content\/uploads\/2025\/01\/VINICIUS-PNG-118x146.png 118w, https:\/\/www.cardoso.sp.gov.br\/site\/wp-content\/uploads\/2025\/01\/VINICIUS-PNG-41x50.png 41w, https:\/\/www.cardoso.sp.gov.br\/site\/wp-content\/uploads\/2025\/01\/VINICIUS-PNG-61x75.png 61w, https:\/\/www.cardoso.sp.gov.br\/site\/wp-content\/uploads\/2025\/01\/VINICIUS-PNG.png 450w\" sizes=\"(max-width:767px) 243px, 243px\" \/>\t\t\t\t\t\t\t\t\t\t\t\t\t\t\t<\/div>\n\t\t\t\t<\/div>\n\t\t\t\t\t<\/div>\n\t\t<\/div>\n\t\t\t\t<div class=\"elementor-column elementor-col-50 elementor-inner-column elementor-element elementor-element-301ac4e\" data-id=\"301ac4e\" data-element_type=\"column\" data-e-type=\"column\">\n\t\t\t<div class=\"elementor-widget-wrap elementor-element-populated\">\n\t\t\t\t\t\t<div class=\"elementor-element elementor-element-c12df36 elementor-widget elementor-widget-text-editor\" data-id=\"c12df36\" data-element_type=\"widget\" data-e-type=\"widget\" data-widget_type=\"text-editor.default\">\n\t\t\t\t<div class=\"elementor-widget-container\">\n\t\t\t\t\t\t\t\t\t<p><strong>SECRETARIA MUNICIPAL DE EDUCA\u00c7\u00c3O<\/strong><\/p><p>Secret\u00e1rio: <em><strong>Vinicius de Campos<\/strong><\/em><br \/>E-mail: <a href=\"mailto:educacao@cardoso.sp.gov.br\">educacao@cardoso.sp.gov.br<\/a><br \/>Endere\u00e7o: Rua Em\u00edlio Fernandes Bilar , 1647 \u2013 Jardim Alvorada &#8211; CEP: 15575-114 \/ Tel: (17) 3453-1023 \/ 3453-2311<br \/>Hor\u00e1rio de Atendimento: Das 7h30 \u00e0s 17h<\/p><p><strong>Forma\u00e7\u00e3o Acad\u00eamica:<\/strong><br \/>&#8211; Professor de Educa\u00e7\u00e3o B\u00e1sica pelo Centro Espec\u00edfico de Forma\u00e7\u00e3o e Aperfei\u00e7oamento do Magist\u00e9rio \u2013 CEFAM (2002)<br \/>Gradua\u00e7\u00e3o<br \/>&#8211; Licenciatura em Pedagogia com Habilita\u00e7\u00e3o em Gest\u00e3o Escolar \u2013 Centro Universit\u00e1rio de Votuporanga- UNIFEV (2008), com recebimento de homenagem da L\u00e1urea Acad\u00eamica (2008).<br \/>&#8211; Licenciatura em Letras -L\u00edngua Portuguesa \u2013 Faculdade Corporativa FACESPI\u2013 (2014)<br \/>&#8211; Bacharel em Direito \u2013 Centro Universit\u00e1rio de Votuporanga \u2013 UNIFEV (2021)<br \/>P\u00f3s-gradua\u00e7\u00e3o<br \/>&#8211; P\u00f3s-Gradua\u00e7\u00e3o Extens\u00e3o Universit\u00e1ria em Educa\u00e7\u00e3o Ambiental \u2013 UNIFEV (2009)<br \/>&#8211; P\u00f3s-Gradua\u00e7\u00e3o em Extens\u00e3o Universit\u00e1ria em Diversidade Escolar &#8211; Universidade J\u00falio Mesquita Filho \u2013 UNESP (2009)<br \/>&#8211; P\u00f3s-Gradua\u00e7\u00e3o Lato Sensu em Psicopedagogia Institucional \u2013 Universidade Norte do Paran\u00e1 \u2013 UNOPAR (2010)<br \/>&#8211; P\u00f3s-Graduado em Extens\u00e3o Universit\u00e1ria em \u00c9tica e Educa\u00e7\u00e3o \u2013 Instituto Veritas (2011)<br \/>&#8211; P\u00f3s-Graduado Lato Sensu em Planejamento, Implementa\u00e7\u00e3o e Gest\u00e3o do Ensino Superior EaD \u2013 Universidade Federal Fluminense \u2013 UFF (2012)<\/p><p><strong>Atua\u00e7\u00e3o Profissional:<\/strong><br \/>&#8211; Professor de N\u00edvel M\u00e9dio da Educa\u00e7\u00e3o Infantil \u2013 2006 a 2008 em Votuporanga\/SP;<br \/>&#8211; Professor de Educa\u00e7\u00e3o B\u00e1sica I \u2013 2008 a 2010 em Cardoso\/SP;<br \/>&#8211; Diretor de Escola de Educa\u00e7\u00e3o Infantil \u2013 2011 a 2016 em Cardoso\/SP;<br \/>&#8211; Diretor de Escola de Ensino Fundamental \u2013 2017 a 2019 em Cardoso\/SP;<br \/>&#8211; Diretor de Escola de Educa\u00e7\u00e3o de Jovens e Adultos \u2013 2020 a 2024 em Cardoso\/SP<br \/>&#8211; Diretor de Escola de Ensino T\u00e9cnico Profissionalizante de N\u00edvel M\u00e9dio \u2013 2020 a 2024 em Cardoso\/SP<br \/>&#8211; Coordenador do Programa Nacional pela Alfabetiza\u00e7\u00e3o na Idade Certa, do Governo Federal, no Munic\u00edpio de Cardoso\/SP \u2013 2013 a 2016<br \/>&#8211; Professor do Programa Telecentro Comunit\u00e1rio em Tecnologia Educacional e Inclus\u00e3o Digital, do Governo Estadual \u2013 no Munic\u00edpio de Cardoso\/SP \u2013 2010 &#8211; 2011<br \/>&#8211; Elaborador do Plano Municipal de Educa\u00e7\u00e3o no Munic\u00edpio de Cardoso\/SP \u2013 2014 \/ 2015<br \/>&#8211; Execu\u00e7\u00e3o do Programa Brasil Carinhoso na Educa\u00e7\u00e3o Infantil, do Governo Federal, no Munic\u00edpio de Cardoso\/SP \u2013\u2013 2012 a 2016<br \/>&#8211; Presidente do Conselho de Acompanhamento e Controle Social do Fundo Nacional de Desenvolvimento da Educa\u00e7\u00e3o B\u00e1sica e de Valoriza\u00e7\u00e3o dos Profissionais do Magist\u00e9rio (FUNDEB) (2011 a 2013) <br \/>&#8211; Vice-Presidente Conselho de Acompanhamento e Controle Social do Fundo Nacional de Desenvolvimento da Educa\u00e7\u00e3o B\u00e1sica e de Valoriza\u00e7\u00e3o dos Profissionais do Magist\u00e9rio (FUNDEB) (2016 a 2018) <br \/>&#8211; Presidente do Conselho Municipal de Educa\u00e7\u00e3o de Cardoso\/SP (2021 a 2023)<\/p>\t\t\t\t\t\t\t\t<\/div>\n\t\t\t\t<\/div>\n\t\t\t\t\t<\/div>\n\t\t<\/div>\n\t\t\t\t\t<\/div>\n\t\t<\/section>\n\t\t\t\t\t<\/div>\n\t\t<\/div>\n\t\t\t\t\t<\/div>\n\t\t<\/section>\n\t\t\t\t<\/div>\n\t\t<div class=\"gsp_post_data\" data-post_type=\"page\" data-cat=\"\" data-modified=\"120\" data-title=\"Secretaria Municipal de Educa\u00e7\u00e3o &#8211; Vinicius de Campos\" data-home=\"https:\/\/www.cardoso.sp.gov.br\/site\"><\/div>","protected":false},"excerpt":{"rendered":"<p>SECRETARIA MUNICIPAL DE EDUCA\u00c7\u00c3O Secret\u00e1rio: Vinicius de CamposE-mail: educacao@cardoso.sp.gov.brEndere\u00e7o: Rua Em\u00edlio Fernandes Bilar , 1647 \u2013 Jardim Alvorada &#8211; CEP: 15575-114 \/ Tel: (17) 3453-1023 \/<span class=\"excerpt-hellip\"> [\u2026]<\/span><\/p>\n","protected":false},"author":2,"featured_media":20012,"parent":87,"menu_order":0,"comment_status":"closed","ping_status":"closed","template":"","meta":{"footnotes":""},"class_list":["post-20049","page","type-page","status-publish","has-post-thumbnail","hentry"],"_links":{"self":[{"href":"https:\/\/www.cardoso.sp.gov.br\/site\/wp-json\/wp\/v2\/pages\/20049","targetHints":{"allow":["GET"]}}],"collection":[{"href":"https:\/\/www.cardoso.sp.gov.br\/site\/wp-json\/wp\/v2\/pages"}],"about":[{"href":"https:\/\/www.cardoso.sp.gov.br\/site\/wp-json\/wp\/v2\/types\/page"}],"author":[{"embeddable":true,"href":"https:\/\/www.cardoso.sp.gov.br\/site\/wp-json\/wp\/v2\/users\/2"}],"replies":[{"embeddable":true,"href":"https:\/\/www.cardoso.sp.gov.br\/site\/wp-json\/wp\/v2\/comments?post=20049"}],"version-history":[{"count":18,"href":"https:\/\/www.cardoso.sp.gov.br\/site\/wp-json\/wp\/v2\/pages\/20049\/revisions"}],"predecessor-version":[{"id":23064,"href":"https:\/\/www.cardoso.sp.gov.br\/site\/wp-json\/wp\/v2\/pages\/20049\/revisions\/23064"}],"up":[{"embeddable":true,"href":"https:\/\/www.cardoso.sp.gov.br\/site\/wp-json\/wp\/v2\/pages\/87"}],"wp:featuredmedia":[{"embeddable":true,"href":"https:\/\/www.cardoso.sp.gov.br\/site\/wp-json\/wp\/v2\/media\/20012"}],"wp:attachment":[{"href":"https:\/\/www.cardoso.sp.gov.br\/site\/wp-json\/wp\/v2\/media?parent=20049"}],"curies":[{"name":"wp","href":"https:\/\/api.w.org\/{rel}","templated":true}]}}