{"id":16,"date":"2014-10-27T14:30:17","date_gmt":"2014-10-27T16:30:17","guid":{"rendered":"https:\/\/www.cardoso.sp.gov.br\/site\/?page_id=16"},"modified":"2025-09-09T08:05:13","modified_gmt":"2025-09-09T11:05:13","slug":"prainha-municipal","status":"publish","type":"page","link":"https:\/\/www.cardoso.sp.gov.br\/site\/a-cidade\/prainha-municipal\/","title":{"rendered":"Prainha Municipal"},"content":{"rendered":"\t\t<div data-elementor-type=\"wp-page\" data-elementor-id=\"16\" class=\"elementor elementor-16\" data-elementor-post-type=\"page\">\n\t\t\t\t\t\t<section class=\"elementor-section elementor-top-section elementor-element elementor-element-3880178e elementor-section-boxed elementor-section-height-default elementor-section-height-default\" data-id=\"3880178e\" data-element_type=\"section\" data-e-type=\"section\">\n\t\t\t\t\t\t<div class=\"elementor-container elementor-column-gap-default\">\n\t\t\t\t\t<div class=\"elementor-column elementor-col-50 elementor-top-column elementor-element elementor-element-52a5b48\" data-id=\"52a5b48\" data-element_type=\"column\" data-e-type=\"column\">\n\t\t\t<div class=\"elementor-widget-wrap elementor-element-populated\">\n\t\t\t\t\t\t<div class=\"elementor-element elementor-element-b4097b1 elementor-widget elementor-widget-sidebar\" data-id=\"b4097b1\" data-element_type=\"widget\" data-e-type=\"widget\" data-widget_type=\"sidebar.default\">\n\t\t\t\t<div class=\"elementor-widget-container\">\n\t\t\t\t\t<aside id=\"nav_menu-2\" class=\"widget widget_nav_menu\"><div class=\"menu-a-cidade-container\"><ul id=\"menu-a-cidade\" class=\"menu\"><li id=\"menu-item-16896\" class=\"menu-item menu-item-type-post_type menu-item-object-page menu-item-16896\"><a href=\"https:\/\/www.cardoso.sp.gov.br\/site\/a-cidade\/\">Nossa Hist\u00f3ria<\/a><\/li>\n<li id=\"menu-item-16898\" class=\"menu-item menu-item-type-post_type menu-item-object-page menu-item-16898\"><a href=\"https:\/\/www.cardoso.sp.gov.br\/site\/a-cidade\/prainha-municipal\/\">Prainha Municipal<\/a><\/li>\n<li id=\"menu-item-16900\" class=\"menu-item menu-item-type-post_type menu-item-object-page menu-item-16900\"><a href=\"https:\/\/www.cardoso.sp.gov.br\/site\/a-cidade\/lagoa\/\">Lagoa<\/a><\/li>\n<li id=\"menu-item-22016\" class=\"menu-item menu-item-type-post_type menu-item-object-page menu-item-22016\"><a href=\"https:\/\/www.cardoso.sp.gov.br\/site\/a-cidade\/cascata\/\">Cascata<\/a><\/li>\n<li id=\"menu-item-16901\" class=\"menu-item menu-item-type-post_type menu-item-object-page menu-item-16901\"><a href=\"https:\/\/www.cardoso.sp.gov.br\/site\/a-cidade\/recinto\/\">Recinto Municipal<\/a><\/li>\n<li id=\"menu-item-16899\" class=\"menu-item menu-item-type-post_type menu-item-object-page menu-item-16899\"><a href=\"https:\/\/www.cardoso.sp.gov.br\/site\/a-cidade\/estadio-municipal\/\">Est\u00e1dio Municipal<\/a><\/li>\n<li id=\"menu-item-16897\" class=\"menu-item menu-item-type-post_type menu-item-object-page menu-item-16897\"><a href=\"https:\/\/www.cardoso.sp.gov.br\/site\/a-cidade\/centro-social-urbano\/\">Centro Esportivo<\/a><\/li>\n<\/ul><\/div><\/aside>\t\t\t\t<\/div>\n\t\t\t\t<\/div>\n\t\t\t\t\t<\/div>\n\t\t<\/div>\n\t\t\t\t<div class=\"elementor-column elementor-col-50 elementor-top-column elementor-element elementor-element-168ada51\" data-id=\"168ada51\" data-element_type=\"column\" data-e-type=\"column\">\n\t\t\t<div class=\"elementor-widget-wrap elementor-element-populated\">\n\t\t\t\t\t\t<div class=\"elementor-element elementor-element-5534bff5 elementor-widget elementor-widget-text-editor\" data-id=\"5534bff5\" data-element_type=\"widget\" data-e-type=\"widget\" data-widget_type=\"text-editor.default\">\n\t\t\t\t<div class=\"elementor-widget-container\">\n\t\t\t\t\t\t\t\t\t<p>\u00a0<\/p><p><strong>\ud83c\udf05 Complexo Tur\u00edstico Leandro Trindade da Silveira \u2013 Prainha de \u00c1gua Doce \ud83c\udfd6\ufe0f<\/strong><\/p><p>Localizado a apenas <strong>2,5 km do centro de Cardoso<\/strong>, o <strong>Complexo Tur\u00edstico Leandro Trindade da Silveira<\/strong>, conhecido como <strong>Prainha Artificial<\/strong>, \u00e9 um dos destinos mais encantadores da regi\u00e3o.<\/p><p>Formado pelas \u00e1guas dos rios <strong>Grande, Turvo e Marinheiro<\/strong>, o local surgiu com a cria\u00e7\u00e3o da represa da <strong>Usina de \u00c1gua Vermelha<\/strong> e se transformou em um verdadeiro para\u00edso \u00e0 beira d\u2019\u00e1gua.\u00a0<\/p><p>A estrutura conta com <strong>30 quiosques\u00a0 com churrasqueira, energia el\u00e9trica e duchas<\/strong>, perfeitos para quem deseja curtir o dia com conforto e divers\u00e3o. A \u00e1rea \u00e9 <strong>cercada e segura<\/strong>, com <strong>infraestrutura completa<\/strong>, incluindo <strong>espa\u00e7o para camping<\/strong>, garantindo momentos inesquec\u00edveis com a fam\u00edlia e amigos.<\/p><p>Ideal para quem ama a natureza e aventuras, a prainha \u00e9 perfeita para a pr\u00e1tica de <strong>esportes n\u00e1uticos<\/strong>, <strong>pescaria <\/strong>e muito <strong>lazer ao ar livre<\/strong>.<\/p><p><strong>Venha viver momentos \u00fanicos nesse para\u00edso de \u00e1guas doces e tranquilidade!\u00a0<\/strong><\/p><p><strong>PARA RESERVA DE QUIOSQUES OU CHAL\u00c9S ENTRAR CLIQUE NO LINK ABAIXO<\/strong><\/p><p><a style=\"background-color: #25d366; color: white; padding: 10px 20px; text-decoration: none; border-radius: 5px; font-family: Arial;\" href=\"https:\/\/wa.me\/5517997339086?text=Gostaria%20de%20mais%20informa%C3%A7%C3%B5es%20sobre%20loca%C3%A7%C3%A3o%20de%20quiosques%20ou%20chal%C3%A9s.\" target=\"_blank\" rel=\"noopener\"> \ud83d\udcf1 Fale pelo WhatsApp<br \/><\/a><\/p><p>\u00a0<\/p>\t\t\t\t\t\t\t\t<\/div>\n\t\t\t\t<\/div>\n\t\t\t\t\t<\/div>\n\t\t<\/div>\n\t\t\t\t\t<\/div>\n\t\t<\/section>\n\t\t\t\t<section class=\"elementor-section elementor-top-section elementor-element elementor-element-f7790cb elementor-section-boxed elementor-section-height-default elementor-section-height-default\" data-id=\"f7790cb\" data-element_type=\"section\" data-e-type=\"section\">\n\t\t\t\t\t\t<div class=\"elementor-container elementor-column-gap-default\">\n\t\t\t\t\t<div class=\"elementor-column elementor-col-100 elementor-top-column elementor-element elementor-element-aa45a2b\" data-id=\"aa45a2b\" data-element_type=\"column\" data-e-type=\"column\">\n\t\t\t<div class=\"elementor-widget-wrap elementor-element-populated\">\n\t\t\t\t\t\t<div class=\"elementor-element elementor-element-8c62f15 elementor-widget elementor-widget-heading\" data-id=\"8c62f15\" data-element_type=\"widget\" data-e-type=\"widget\" data-widget_type=\"heading.default\">\n\t\t\t\t<div class=\"elementor-widget-container\">\n\t\t\t\t\t<h2 class=\"elementor-heading-title elementor-size-default\">Galeria de Fotos<\/h2>\t\t\t\t<\/div>\n\t\t\t\t<\/div>\n\t\t\t\t\t<\/div>\n\t\t<\/div>\n\t\t\t\t\t<\/div>\n\t\t<\/section>\n\t\t\t\t<section class=\"elementor-section elementor-top-section elementor-element elementor-element-e172a65 elementor-section-boxed elementor-section-height-default elementor-section-height-default\" data-id=\"e172a65\" data-element_type=\"section\" data-e-type=\"section\">\n\t\t\t\t\t\t<div class=\"elementor-container elementor-column-gap-default\">\n\t\t\t\t\t<div class=\"elementor-column elementor-col-100 elementor-top-column elementor-element elementor-element-d0b1888\" data-id=\"d0b1888\" data-element_type=\"column\" data-e-type=\"column\">\n\t\t\t<div class=\"elementor-widget-wrap elementor-element-populated\">\n\t\t\t\t\t\t<div class=\"elementor-element elementor-element-28dfab6 elementor-widget elementor-widget-gallery\" data-id=\"28dfab6\" data-element_type=\"widget\" data-e-type=\"widget\" data-settings=\"{&quot;lazyload&quot;:&quot;yes&quot;,&quot;gallery_layout&quot;:&quot;grid&quot;,&quot;columns&quot;:4,&quot;columns_tablet&quot;:2,&quot;columns_mobile&quot;:1,&quot;gap&quot;:{&quot;unit&quot;:&quot;px&quot;,&quot;size&quot;:10,&quot;sizes&quot;:[]},&quot;gap_tablet&quot;:{&quot;unit&quot;:&quot;px&quot;,&quot;size&quot;:10,&quot;sizes&quot;:[]},&quot;gap_mobile&quot;:{&quot;unit&quot;:&quot;px&quot;,&quot;size&quot;:10,&quot;sizes&quot;:[]},&quot;link_to&quot;:&quot;file&quot;,&quot;aspect_ratio&quot;:&quot;3:2&quot;,&quot;overlay_background&quot;:&quot;yes&quot;,&quot;content_hover_animation&quot;:&quot;fade-in&quot;}\" data-widget_type=\"gallery.default\">\n\t\t\t\t<div class=\"elementor-widget-container\">\n\t\t\t\t\t\t\t<div class=\"elementor-gallery__container\">\n\t\t\t\t\t\t\t<a class=\"e-gallery-item elementor-gallery-item elementor-animated-content\" href=\"https:\/\/www.cardoso.sp.gov.br\/site\/wp-content\/uploads\/2025\/06\/PRAINHA-4-scaled.jpg\" data-elementor-open-lightbox=\"yes\" data-elementor-lightbox-slideshow=\"28dfab6\" data-e-action-hash=\"#elementor-action%3Aaction%3Dlightbox%26settings%3DeyJpZCI6MjA5OTAsInVybCI6Imh0dHBzOlwvXC93d3cuY2FyZG9zby5zcC5nb3YuYnJcL3NpdGVcL3dwLWNvbnRlbnRcL3VwbG9hZHNcLzIwMjVcLzA2XC9QUkFJTkhBLTQtc2NhbGVkLmpwZyIsInNsaWRlc2hvdyI6IjI4ZGZhYjYifQ%3D%3D\">\n\t\t\t\t\t<div class=\"e-gallery-image elementor-gallery-item__image\" data-thumbnail=\"https:\/\/www.cardoso.sp.gov.br\/site\/wp-content\/uploads\/2025\/06\/PRAINHA-4-300x169.jpg\" data-width=\"300\" data-height=\"169\" aria-label=\"\" role=\"img\" ><\/div>\n\t\t\t\t\t\t\t\t\t\t\t<div class=\"elementor-gallery-item__overlay\"><\/div>\n\t\t\t\t\t\t\t\t\t\t\t\t\t\t<\/a>\n\t\t\t\t\t\t\t<a class=\"e-gallery-item elementor-gallery-item elementor-animated-content\" href=\"https:\/\/www.cardoso.sp.gov.br\/site\/wp-content\/uploads\/2025\/06\/PRAINHA-22-scaled.jpg\" data-elementor-open-lightbox=\"yes\" data-elementor-lightbox-slideshow=\"28dfab6\" data-e-action-hash=\"#elementor-action%3Aaction%3Dlightbox%26settings%3DeyJpZCI6MjA5OTQsInVybCI6Imh0dHBzOlwvXC93d3cuY2FyZG9zby5zcC5nb3YuYnJcL3NpdGVcL3dwLWNvbnRlbnRcL3VwbG9hZHNcLzIwMjVcLzA2XC9QUkFJTkhBLTIyLXNjYWxlZC5qcGciLCJzbGlkZXNob3ciOiIyOGRmYWI2In0%3D\">\n\t\t\t\t\t<div class=\"e-gallery-image elementor-gallery-item__image\" data-thumbnail=\"https:\/\/www.cardoso.sp.gov.br\/site\/wp-content\/uploads\/2025\/06\/PRAINHA-22-300x146.jpg\" data-width=\"300\" data-height=\"146\" aria-label=\"\" role=\"img\" ><\/div>\n\t\t\t\t\t\t\t\t\t\t\t<div class=\"elementor-gallery-item__overlay\"><\/div>\n\t\t\t\t\t\t\t\t\t\t\t\t\t\t<\/a>\n\t\t\t\t\t\t\t<a class=\"e-gallery-item elementor-gallery-item elementor-animated-content\" href=\"https:\/\/www.cardoso.sp.gov.br\/site\/wp-content\/uploads\/2025\/06\/PRAINHA-20-scaled.jpg\" data-elementor-open-lightbox=\"yes\" data-elementor-lightbox-slideshow=\"28dfab6\" data-e-action-hash=\"#elementor-action%3Aaction%3Dlightbox%26settings%3DeyJpZCI6MjA5OTMsInVybCI6Imh0dHBzOlwvXC93d3cuY2FyZG9zby5zcC5nb3YuYnJcL3NpdGVcL3dwLWNvbnRlbnRcL3VwbG9hZHNcLzIwMjVcLzA2XC9QUkFJTkhBLTIwLXNjYWxlZC5qcGciLCJzbGlkZXNob3ciOiIyOGRmYWI2In0%3D\">\n\t\t\t\t\t<div class=\"e-gallery-image elementor-gallery-item__image\" data-thumbnail=\"https:\/\/www.cardoso.sp.gov.br\/site\/wp-content\/uploads\/2025\/06\/PRAINHA-20-300x169.jpg\" data-width=\"300\" data-height=\"169\" aria-label=\"\" role=\"img\" ><\/div>\n\t\t\t\t\t\t\t\t\t\t\t<div class=\"elementor-gallery-item__overlay\"><\/div>\n\t\t\t\t\t\t\t\t\t\t\t\t\t\t<\/a>\n\t\t\t\t\t\t\t<a class=\"e-gallery-item elementor-gallery-item elementor-animated-content\" href=\"https:\/\/www.cardoso.sp.gov.br\/site\/wp-content\/uploads\/2025\/06\/PRAINHA-19-scaled.jpg\" data-elementor-open-lightbox=\"yes\" data-elementor-lightbox-slideshow=\"28dfab6\" data-e-action-hash=\"#elementor-action%3Aaction%3Dlightbox%26settings%3DeyJpZCI6MjA5OTIsInVybCI6Imh0dHBzOlwvXC93d3cuY2FyZG9zby5zcC5nb3YuYnJcL3NpdGVcL3dwLWNvbnRlbnRcL3VwbG9hZHNcLzIwMjVcLzA2XC9QUkFJTkhBLTE5LXNjYWxlZC5qcGciLCJzbGlkZXNob3ciOiIyOGRmYWI2In0%3D\">\n\t\t\t\t\t<div class=\"e-gallery-image elementor-gallery-item__image\" data-thumbnail=\"https:\/\/www.cardoso.sp.gov.br\/site\/wp-content\/uploads\/2025\/06\/PRAINHA-19-300x169.jpg\" data-width=\"300\" data-height=\"169\" aria-label=\"\" role=\"img\" ><\/div>\n\t\t\t\t\t\t\t\t\t\t\t<div class=\"elementor-gallery-item__overlay\"><\/div>\n\t\t\t\t\t\t\t\t\t\t\t\t\t\t<\/a>\n\t\t\t\t\t\t\t<a class=\"e-gallery-item elementor-gallery-item elementor-animated-content\" href=\"https:\/\/www.cardoso.sp.gov.br\/site\/wp-content\/uploads\/2025\/06\/PRAINHA-10-scaled.jpg\" data-elementor-open-lightbox=\"yes\" data-elementor-lightbox-slideshow=\"28dfab6\" data-e-action-hash=\"#elementor-action%3Aaction%3Dlightbox%26settings%3DeyJpZCI6MjA5OTEsInVybCI6Imh0dHBzOlwvXC93d3cuY2FyZG9zby5zcC5nb3YuYnJcL3NpdGVcL3dwLWNvbnRlbnRcL3VwbG9hZHNcLzIwMjVcLzA2XC9QUkFJTkhBLTEwLXNjYWxlZC5qcGciLCJzbGlkZXNob3ciOiIyOGRmYWI2In0%3D\">\n\t\t\t\t\t<div class=\"e-gallery-image elementor-gallery-item__image\" data-thumbnail=\"https:\/\/www.cardoso.sp.gov.br\/site\/wp-content\/uploads\/2025\/06\/PRAINHA-10-300x169.jpg\" data-width=\"300\" data-height=\"169\" aria-label=\"\" role=\"img\" ><\/div>\n\t\t\t\t\t\t\t\t\t\t\t<div class=\"elementor-gallery-item__overlay\"><\/div>\n\t\t\t\t\t\t\t\t\t\t\t\t\t\t<\/a>\n\t\t\t\t\t\t\t<a class=\"e-gallery-item elementor-gallery-item elementor-animated-content\" href=\"https:\/\/www.cardoso.sp.gov.br\/site\/wp-content\/uploads\/2025\/06\/Desembarcador.jpg\" data-elementor-open-lightbox=\"yes\" data-elementor-lightbox-slideshow=\"28dfab6\" data-e-action-hash=\"#elementor-action%3Aaction%3Dlightbox%26settings%3DeyJpZCI6MjEwMTcsInVybCI6Imh0dHBzOlwvXC93d3cuY2FyZG9zby5zcC5nb3YuYnJcL3NpdGVcL3dwLWNvbnRlbnRcL3VwbG9hZHNcLzIwMjVcLzA2XC9EZXNlbWJhcmNhZG9yLmpwZyIsInNsaWRlc2hvdyI6IjI4ZGZhYjYifQ%3D%3D\">\n\t\t\t\t\t<div class=\"e-gallery-image elementor-gallery-item__image\" data-thumbnail=\"https:\/\/www.cardoso.sp.gov.br\/site\/wp-content\/uploads\/2025\/06\/Desembarcador-300x169.jpg\" data-width=\"300\" data-height=\"169\" aria-label=\"\" role=\"img\" ><\/div>\n\t\t\t\t\t\t\t\t\t\t\t<div class=\"elementor-gallery-item__overlay\"><\/div>\n\t\t\t\t\t\t\t\t\t\t\t\t\t\t<\/a>\n\t\t\t\t\t\t\t<a class=\"e-gallery-item elementor-gallery-item elementor-animated-content\" href=\"https:\/\/www.cardoso.sp.gov.br\/site\/wp-content\/uploads\/2025\/06\/Praia.jpg\" data-elementor-open-lightbox=\"yes\" data-elementor-lightbox-slideshow=\"28dfab6\" data-e-action-hash=\"#elementor-action%3Aaction%3Dlightbox%26settings%3DeyJpZCI6MjEwMTgsInVybCI6Imh0dHBzOlwvXC93d3cuY2FyZG9zby5zcC5nb3YuYnJcL3NpdGVcL3dwLWNvbnRlbnRcL3VwbG9hZHNcLzIwMjVcLzA2XC9QcmFpYS5qcGciLCJzbGlkZXNob3ciOiIyOGRmYWI2In0%3D\">\n\t\t\t\t\t<div class=\"e-gallery-image elementor-gallery-item__image\" data-thumbnail=\"https:\/\/www.cardoso.sp.gov.br\/site\/wp-content\/uploads\/2025\/06\/Praia-300x169.jpg\" data-width=\"300\" data-height=\"169\" aria-label=\"\" role=\"img\" ><\/div>\n\t\t\t\t\t\t\t\t\t\t\t<div class=\"elementor-gallery-item__overlay\"><\/div>\n\t\t\t\t\t\t\t\t\t\t\t\t\t\t<\/a>\n\t\t\t\t\t\t\t<a class=\"e-gallery-item elementor-gallery-item elementor-animated-content\" href=\"https:\/\/www.cardoso.sp.gov.br\/site\/wp-content\/uploads\/2025\/06\/PraiaNascerDoSol.jpg\" data-elementor-open-lightbox=\"yes\" data-elementor-lightbox-slideshow=\"28dfab6\" data-e-action-hash=\"#elementor-action%3Aaction%3Dlightbox%26settings%3DeyJpZCI6MjEwMTksInVybCI6Imh0dHBzOlwvXC93d3cuY2FyZG9zby5zcC5nb3YuYnJcL3NpdGVcL3dwLWNvbnRlbnRcL3VwbG9hZHNcLzIwMjVcLzA2XC9QcmFpYU5hc2NlckRvU29sLmpwZyIsInNsaWRlc2hvdyI6IjI4ZGZhYjYifQ%3D%3D\">\n\t\t\t\t\t<div class=\"e-gallery-image elementor-gallery-item__image\" data-thumbnail=\"https:\/\/www.cardoso.sp.gov.br\/site\/wp-content\/uploads\/2025\/06\/PraiaNascerDoSol-300x169.jpg\" data-width=\"300\" data-height=\"169\" aria-label=\"\" role=\"img\" ><\/div>\n\t\t\t\t\t\t\t\t\t\t\t<div class=\"elementor-gallery-item__overlay\"><\/div>\n\t\t\t\t\t\t\t\t\t\t\t\t\t\t<\/a>\n\t\t\t\t\t\t\t<a class=\"e-gallery-item elementor-gallery-item elementor-animated-content\" href=\"https:\/\/www.cardoso.sp.gov.br\/site\/wp-content\/uploads\/2025\/06\/PraiaGeral.jpg\" data-elementor-open-lightbox=\"yes\" data-elementor-lightbox-slideshow=\"28dfab6\" data-e-action-hash=\"#elementor-action%3Aaction%3Dlightbox%26settings%3DeyJpZCI6MjEwMjEsInVybCI6Imh0dHBzOlwvXC93d3cuY2FyZG9zby5zcC5nb3YuYnJcL3NpdGVcL3dwLWNvbnRlbnRcL3VwbG9hZHNcLzIwMjVcLzA2XC9QcmFpYUdlcmFsLmpwZyIsInNsaWRlc2hvdyI6IjI4ZGZhYjYifQ%3D%3D\">\n\t\t\t\t\t<div class=\"e-gallery-image elementor-gallery-item__image\" data-thumbnail=\"https:\/\/www.cardoso.sp.gov.br\/site\/wp-content\/uploads\/2025\/06\/PraiaGeral-300x169.jpg\" data-width=\"300\" data-height=\"169\" aria-label=\"\" role=\"img\" ><\/div>\n\t\t\t\t\t\t\t\t\t\t\t<div class=\"elementor-gallery-item__overlay\"><\/div>\n\t\t\t\t\t\t\t\t\t\t\t\t\t\t<\/a>\n\t\t\t\t\t\t\t<a class=\"e-gallery-item elementor-gallery-item elementor-animated-content\" href=\"https:\/\/www.cardoso.sp.gov.br\/site\/wp-content\/uploads\/2025\/06\/PraiaNascerDoSol2.jpg\" data-elementor-open-lightbox=\"yes\" data-elementor-lightbox-slideshow=\"28dfab6\" data-e-action-hash=\"#elementor-action%3Aaction%3Dlightbox%26settings%3DeyJpZCI6MjEwMjIsInVybCI6Imh0dHBzOlwvXC93d3cuY2FyZG9zby5zcC5nb3YuYnJcL3NpdGVcL3dwLWNvbnRlbnRcL3VwbG9hZHNcLzIwMjVcLzA2XC9QcmFpYU5hc2NlckRvU29sMi5qcGciLCJzbGlkZXNob3ciOiIyOGRmYWI2In0%3D\">\n\t\t\t\t\t<div class=\"e-gallery-image elementor-gallery-item__image\" data-thumbnail=\"https:\/\/www.cardoso.sp.gov.br\/site\/wp-content\/uploads\/2025\/06\/PraiaNascerDoSol2-300x169.jpg\" data-width=\"300\" data-height=\"169\" aria-label=\"\" role=\"img\" ><\/div>\n\t\t\t\t\t\t\t\t\t\t\t<div class=\"elementor-gallery-item__overlay\"><\/div>\n\t\t\t\t\t\t\t\t\t\t\t\t\t\t<\/a>\n\t\t\t\t\t<\/div>\n\t\t\t\t\t<\/div>\n\t\t\t\t<\/div>\n\t\t\t\t\t<\/div>\n\t\t<\/div>\n\t\t\t\t\t<\/div>\n\t\t<\/section>\n\t\t\t\t<section class=\"elementor-section elementor-top-section elementor-element elementor-element-7e6493a elementor-section-boxed elementor-section-height-default elementor-section-height-default\" data-id=\"7e6493a\" data-element_type=\"section\" data-e-type=\"section\">\n\t\t\t\t\t\t<div class=\"elementor-container elementor-column-gap-default\">\n\t\t\t\t\t<div class=\"elementor-column elementor-col-100 elementor-top-column elementor-element elementor-element-60169e4\" data-id=\"60169e4\" data-element_type=\"column\" data-e-type=\"column\">\n\t\t\t<div class=\"elementor-widget-wrap elementor-element-populated\">\n\t\t\t\t\t\t<div class=\"elementor-element elementor-element-a6d9e22 elementor-widget elementor-widget-heading\" data-id=\"a6d9e22\" data-element_type=\"widget\" data-e-type=\"widget\" data-widget_type=\"heading.default\">\n\t\t\t\t<div class=\"elementor-widget-container\">\n\t\t\t\t\t<h2 class=\"elementor-heading-title elementor-size-default\"><span style=\"font-size: 27px\">Localiza\u00e7\u00e3o<\/span><\/h2>\t\t\t\t<\/div>\n\t\t\t\t<\/div>\n\t\t\t\t\t<\/div>\n\t\t<\/div>\n\t\t\t\t\t<\/div>\n\t\t<\/section>\n\t\t\t\t<section class=\"elementor-section elementor-top-section elementor-element elementor-element-ab30f1c elementor-section-boxed elementor-section-height-default elementor-section-height-default\" data-id=\"ab30f1c\" data-element_type=\"section\" data-e-type=\"section\">\n\t\t\t\t\t\t<div class=\"elementor-container elementor-column-gap-default\">\n\t\t\t\t\t<div class=\"elementor-column elementor-col-100 elementor-top-column elementor-element elementor-element-d5fb8a2\" data-id=\"d5fb8a2\" data-element_type=\"column\" data-e-type=\"column\">\n\t\t\t<div class=\"elementor-widget-wrap elementor-element-populated\">\n\t\t\t\t\t\t<div class=\"elementor-element elementor-element-66519f9 elementor-widget elementor-widget-google_maps\" data-id=\"66519f9\" data-element_type=\"widget\" data-e-type=\"widget\" data-widget_type=\"google_maps.default\">\n\t\t\t\t<div class=\"elementor-widget-container\">\n\t\t\t\t\t\t\t<div class=\"elementor-custom-embed\">\n\t\t\t<iframe loading=\"lazy\"\n\t\t\t\t\tsrc=\"https:\/\/maps.google.com\/maps?q=Complexo%20Tur%C3%ADstico%20&#038;t=m&#038;z=14&#038;output=embed&#038;iwloc=near\"\n\t\t\t\t\ttitle=\"Complexo Tur\u00edstico \"\n\t\t\t\t\taria-label=\"Complexo Tur\u00edstico \"\n\t\t\t><\/iframe>\n\t\t<\/div>\n\t\t\t\t\t\t<\/div>\n\t\t\t\t<\/div>\n\t\t\t\t\t<\/div>\n\t\t<\/div>\n\t\t\t\t\t<\/div>\n\t\t<\/section>\n\t\t\t\t<\/div>\n\t\t<div class=\"gsp_post_data\" data-post_type=\"page\" data-cat=\"\" data-modified=\"120\" data-title=\"Prainha Municipal\" data-home=\"https:\/\/www.cardoso.sp.gov.br\/site\"><\/div>","protected":false},"excerpt":{"rendered":"<p>Complexo Tur\u00edstico &#8220;Leandro Trindade da Silveira&#8221; &#8211; PRAINHA ARTIFICIAL: a 2,5 Km do centro da cidade, o Complexo Tur\u00edstico \u201cLeandro Trindade da Silveira\u201d (Prainha Artificial) foi<span class=\"excerpt-hellip\"> [\u2026]<\/span><\/p>\n","protected":false},"author":1,"featured_media":1961,"parent":7,"menu_order":3,"comment_status":"closed","ping_status":"closed","template":"","meta":{"footnotes":""},"class_list":["post-16","page","type-page","status-publish","has-post-thumbnail","hentry"],"_links":{"self":[{"href":"https:\/\/www.cardoso.sp.gov.br\/site\/wp-json\/wp\/v2\/pages\/16","targetHints":{"allow":["GET"]}}],"collection":[{"href":"https:\/\/www.cardoso.sp.gov.br\/site\/wp-json\/wp\/v2\/pages"}],"about":[{"href":"https:\/\/www.cardoso.sp.gov.br\/site\/wp-json\/wp\/v2\/types\/page"}],"author":[{"embeddable":true,"href":"https:\/\/www.cardoso.sp.gov.br\/site\/wp-json\/wp\/v2\/users\/1"}],"replies":[{"embeddable":true,"href":"https:\/\/www.cardoso.sp.gov.br\/site\/wp-json\/wp\/v2\/comments?post=16"}],"version-history":[{"count":22,"href":"https:\/\/www.cardoso.sp.gov.br\/site\/wp-json\/wp\/v2\/pages\/16\/revisions"}],"predecessor-version":[{"id":22008,"href":"https:\/\/www.cardoso.sp.gov.br\/site\/wp-json\/wp\/v2\/pages\/16\/revisions\/22008"}],"up":[{"embeddable":true,"href":"https:\/\/www.cardoso.sp.gov.br\/site\/wp-json\/wp\/v2\/pages\/7"}],"wp:featuredmedia":[{"embeddable":true,"href":"https:\/\/www.cardoso.sp.gov.br\/site\/wp-json\/wp\/v2\/media\/1961"}],"wp:attachment":[{"href":"https:\/\/www.cardoso.sp.gov.br\/site\/wp-json\/wp\/v2\/media?parent=16"}],"curies":[{"name":"wp","href":"https:\/\/api.w.org\/{rel}","templated":true}]}}