{"id":14101,"date":"2021-02-01T15:06:01","date_gmt":"2021-02-01T17:06:01","guid":{"rendered":"https:\/\/www.cardoso.sp.gov.br\/site\/?page_id=14101"},"modified":"2022-07-11T08:37:14","modified_gmt":"2022-07-11T11:37:14","slug":"lei-aldir-blanc","status":"publish","type":"page","link":"https:\/\/www.cardoso.sp.gov.br\/site\/lei-aldir-blanc\/","title":{"rendered":"Lei Aldir Blanc"},"content":{"rendered":"\t\t<div data-elementor-type=\"wp-page\" data-elementor-id=\"14101\" class=\"elementor elementor-14101\" data-elementor-post-type=\"page\">\n\t\t\t\t\t\t<section class=\"elementor-section elementor-top-section elementor-element elementor-element-47b640ee elementor-section-boxed elementor-section-height-default elementor-section-height-default\" data-id=\"47b640ee\" data-element_type=\"section\" data-e-type=\"section\">\n\t\t\t\t\t\t<div class=\"elementor-container elementor-column-gap-default\">\n\t\t\t\t\t<div class=\"elementor-column elementor-col-100 elementor-top-column elementor-element elementor-element-564f89f9\" data-id=\"564f89f9\" data-element_type=\"column\" data-e-type=\"column\">\n\t\t\t<div class=\"elementor-widget-wrap elementor-element-populated\">\n\t\t\t\t\t\t<div class=\"elementor-element elementor-element-75b62471 elementor-widget elementor-widget-text-editor\" data-id=\"75b62471\" data-element_type=\"widget\" data-e-type=\"widget\" data-widget_type=\"text-editor.default\">\n\t\t\t\t<div class=\"elementor-widget-container\">\n\t\t\t\t\t\t\t\t\t<p>TRABALHOS REALIZADOS POR ARTISTAS LOCAIS EM CUMPRIMENTO A LEI ALDIR BLANC.<\/p>\n<p>A Lei Federal 14.017\/2020, tamb\u00e9m conhecida como Lei de Emerg\u00eancia Cultural Aldir Blanc, disp\u00f5e sobre a\u00e7\u00f5es emergenciais destinadas ao setor cultural diante do estado de calamidade p\u00fablica decretado pela Uni\u00e3o em fun\u00e7\u00e3o da pandemia da Covid-19.As a\u00e7\u00f5es emergenciais previstas na Lei Aldir Blanc atendem aos trabalhadores da cultura, aos espa\u00e7os art\u00edsticos e culturais, microempresas e pequenas empresas culturais, cooperativas, institui\u00e7\u00f5es e organiza\u00e7\u00f5es culturais comunit\u00e1rias que tiveram suas atividades interrompidas por for\u00e7a das medidas de distanciamento social para o controle da pandemia da Covid-19.<\/p>\n<p><strong>CONFIRA ABAIXO OS TRABALHOS REALIZADO PELOS ARTISTAS CONTEMPLADOS<\/strong><\/p>\n<table>\n<tbody>\n<tr>\n<td><strong>CONTEMPLADA<\/strong><\/td>\n<td><strong>TRABALHO REALIZADO<\/strong><\/td>\n<\/tr>\n<tr>\n<td>Vania Borges<\/td>\n<td>V\u00eddeos Conta\u00e7\u00e3o de Hist\u00f3ria <a href=\"https:\/\/youtu.be\/ZXCCd_1a170\">(CLIQUE AQUI PARA ASSISTIR)<\/a><\/td>\n<\/tr>\n<tr>\n<td>Vania Borges<\/td>\n<td>M\u00fasica \u2013 On\u00e7a Pintada<a href=\"https:\/\/youtu.be\/pNyQD5rxsPo\"> (CLIQUE AQUI PARA ASSISTIR)<\/a><\/td>\n<\/tr>\n<tr>\n<td>Vania Borges<\/td>\n<td>M\u00fasica \u2013 Maneco Caneco <a href=\"https:\/\/youtu.be\/Z8ekSDzp6eI\">(CLIQUE AQUI PARA ASSISTIR)<\/a><\/td>\n<\/tr>\n<tr>\n<td>Vania Borges<\/td>\n<td>M\u00fasica \u2013 O Bobo T\u00e1 Feliz <a href=\"https:\/\/youtu.be\/w1nJp7UGmSQ\">(CLIQUE AQUI PARA ASSISTIR)<\/a><\/td>\n<\/tr>\n<tr>\n<td>Vania Borges<\/td>\n<td>M\u00fasica \u2013 Na M\u00e3o Direita Tem Uma Rosa <a href=\"https:\/\/youtu.be\/7CDYFBYaMf8\">(CLIQUE AQUI PARA ASSISTIR)<\/a><\/td>\n<\/tr>\n<tr>\n<td>Vania Borges<\/td>\n<td>M\u00fasica \u2013 Luas e Luas <a href=\"https:\/\/youtu.be\/gioHiXMhGZs\">(CLIQUE AQUI PARA ASSISTIR)<\/a><\/td>\n<\/tr>\n<tr>\n<td>Vania Borges<\/td>\n<td>M\u00fasica \u2013 O Velho Bonde <a href=\"https:\/\/youtu.be\/Zmq3p8Ysg8Y\">(CLIQUE AQUI PARA ASSISTIR)<\/a><\/td>\n<\/tr>\n<tr>\n<td>Mizael Malachias<\/td>\n<td>Hist\u00f3ria da Capoeira&nbsp;<a href=\"https:\/\/youtu.be\/uchxfkoVCAE\">(CLIQUE AQUI PARA ASSISTIR)<\/a><\/td>\n<\/tr>\n<tr>\n<td>Mary Guimar\u00e3es<\/td>\n<td>Arte com Bal\u00f5es&nbsp;<a href=\"https:\/\/youtu.be\/Qn0muWhpj7o\">(CLIQUE AQUI PARA ASSISTIR)<\/a><\/td>\n<\/tr>\n<tr>\n<td>Pretonilia Lucatelli<\/td>\n<td>Receita de Sab\u00e3o Caseiro&nbsp;<a href=\"https:\/\/youtu.be\/0-Ku6_mDhFg\">(CLIQUE AQUI PARA ASSISTIR)<\/a><\/td>\n<\/tr>\n<tr>\n<td>Rafael Climaco<\/td>\n<td>Doce Caseiro Dona Aurora&nbsp;<a href=\"https:\/\/youtu.be\/_wegG57oZqE\">(CLIQUE AQUI PARA ASSISTIR)<\/a><\/td>\n<\/tr>\n<tr>\n<td>Andr\u00e9 Vilar<\/td>\n<td>Livro <a href=\"https:\/\/www.docdroid.net\/xhpUxop\/historias-misteriosas-do-meu-avo-pescador-andre-vilar-pdf\">&nbsp;(CLIQUE AQUI PARA LER)<\/a><\/td>\n<\/tr>\n<tr>\n<td>Edio Drambosk<\/td>\n<td>Teatro &#8220;A Conquista&#8221; <a href=\"https:\/\/youtu.be\/T7JS4oNDTfw\">(CLIQUE AQUI PARA ASSISTIR)<\/a><\/td>\n<\/tr>\n<tr>\n<td>A Casa da Bailarina<\/td>\n<td>Espet\u00e1culo de Dan\u00e7a &#8220;O Quebra Nozes&#8221; <a href=\"https:\/\/youtu.be\/nCN4-yRW89M\">(CLIQUE AQUI PARA ASSISTIR)<\/a><\/td>\n<\/tr>\n<tr>\n<td>Natali Viana Sales<\/td>\n<td>Oficina de Dan\u00e7a <a href=\"https:\/\/youtu.be\/DYNRSQBM8MA\"> (CLIQUE AQUI PARA ASSISTIR)<\/a><\/td>\n<\/tr>\n<tr>\n<td>Ana Carolina R. da Silva<\/td>\n<td>Oficina de Dan\u00e7a <a href=\"https:\/\/youtu.be\/DYNRSQBM8MA\"> (CLIQUE AQUI PARA ASSISTIR)<\/a><\/td>\n<\/tr>\n<\/tbody>\n<\/table>\n<p>LIVE SOLID\u00c1RIA &#8211; <a href=\"https:\/\/fb.watch\/4swEWyC5yt\/\">https:\/\/fb.watch\/4swEWyC5yt\/<\/a><\/p>\n<p>Participantes da Live:<\/p>\n<ul>\n<li>Helder Renato Dutra<\/li>\n<li>Elio Mazzey L. Ferreira<\/li>\n<li>Aureo Clerio Alves Baptista<\/li>\n<li>Matheus de Souza Machado<\/li>\n<li>Carlos Ant\u00f4nio de Souza<\/li>\n<li>Thais Fernandes<\/li>\n<li>Tiago Castrequini<\/li>\n<li>Maicon Lincon<\/li>\n<li>Nilton R. Moyses Filho<\/li>\n<\/ul>\n<p>&nbsp;<span style=\"letter-spacing: 0px;\"><b>DOCUMENTOS RELACIONADOS<\/b><\/span><\/p>\n<p><span style=\"letter-spacing: 0px;\"><b><a href=\"https:\/\/www.cardoso.sp.gov.br\/site\/wp-content\/uploads\/2022\/07\/Atas-Comite-Gestor.pdf\">Atas &#8211; Comit\u00ea Gestor<\/a><\/b><\/span><\/p><p><span style=\"letter-spacing: 0px;\"><b> <a href=\"https:\/\/www.cardoso.sp.gov.br\/site\/wp-content\/uploads\/2022\/07\/Certidao-Licitacao.pdf\">Certid\u00e3o &#8211; Licita\u00e7\u00e3o<\/a><\/b><\/span><\/p><p><span style=\"letter-spacing: 0px;\"><b> <a href=\"https:\/\/www.cardoso.sp.gov.br\/site\/wp-content\/uploads\/2022\/07\/Certidao-Prorrogacao-de-Prazo.pdf\">Certid\u00e3o -Prorroga\u00e7\u00e3o de Prazo<\/a>&nbsp;<\/b><\/span><\/p><p><span style=\"letter-spacing: 0px;\"><b><a href=\"https:\/\/www.cardoso.sp.gov.br\/site\/wp-content\/uploads\/2022\/07\/Chamada-Publica-no-002-2020AVISO-DE-CRONOGRAMA-DO-EDITAL.pdf\">Chamada P\u00fablica n\u00ba 002-2020AVISO DE CRONOGRAMA DO EDITAL<\/a>&nbsp;<\/b><\/span><\/p><p><span style=\"letter-spacing: 0px;\"><b><a href=\"https:\/\/www.cardoso.sp.gov.br\/site\/wp-content\/uploads\/2022\/07\/DECRETO-No-3.536-DE-23-DE-OUTUBRO-DE-2020.pdf\">DECRETO N\u00ba 3.536, DE 23 DE OUTUBRO DE 2020<\/a>&nbsp;<\/b><\/span><\/p><p><span style=\"letter-spacing: 0px;\"><b><a href=\"https:\/\/www.cardoso.sp.gov.br\/site\/wp-content\/uploads\/2022\/07\/DECRETO-No-3.537-DE-26-DE-OUTUBRO-DE-2020.pdf\">DECRETO N\u00ba 3.537, DE 26 DE OUTUBRO DE 2020<\/a><\/b><\/span><\/p><p><span style=\"letter-spacing: 0px;\"><b> <a href=\"https:\/\/www.cardoso.sp.gov.br\/site\/wp-content\/uploads\/2022\/07\/Decreto-no-10464-de-17-08-2020.pdf\">Decreto n\u00ba 10464, de 17-08-2020<\/a>&nbsp;<\/b><\/span><\/p><p><span style=\"letter-spacing: 0px;\"><b><a href=\"https:\/\/www.cardoso.sp.gov.br\/site\/wp-content\/uploads\/2022\/07\/Diario-Oficial-Publicacao-Chamamento-Publico.pdf\">Di\u00e1rio Oficial &#8211; Publica\u00e7\u00e3o- Chamamento P\u00fablico<\/a>&nbsp;<\/b><\/span><\/p><p><span style=\"letter-spacing: 0px;\"><b><a href=\"https:\/\/www.cardoso.sp.gov.br\/site\/wp-content\/uploads\/2022\/07\/Documentos-Chamamento-Publico.pdf\">Documentos- Chamamento P\u00fablico<\/a><\/b><\/span><\/p><p><span style=\"letter-spacing: 0px;\"><b> <a href=\"https:\/\/www.cardoso.sp.gov.br\/site\/wp-content\/uploads\/2022\/07\/Edital-Premiacao-Pessoa-Fisica.pdf\">Edital Premia\u00e7\u00e3o Pessoa F\u00edsica<\/a><\/b><\/span><\/p><p><span style=\"letter-spacing: 0px;\"><b> <a href=\"https:\/\/www.cardoso.sp.gov.br\/site\/wp-content\/uploads\/2022\/07\/Edital-Premiacao-Pessoa-Juridica.pdf\">Edital Premia\u00e7\u00e3o Pessoa Jur\u00eddica<\/a><\/b><\/span><\/p><p><span style=\"letter-spacing: 0px;\"><b> <a href=\"https:\/\/www.cardoso.sp.gov.br\/site\/wp-content\/uploads\/2022\/07\/EDITALDE-CHAMAMENTO-PUBLICO-No-02-2020-EDITAL-No-048-2020-LEI-ALDIR-BLANC.pdf\">EDITALDE CHAMAMENTO P\u00daBLICO N\u00ba 02-2020 &#8211; EDITAL N\u00ba 048-2020 &#8211; LEI ALDIR BLANC<\/a><\/b><\/span><\/p><p><span style=\"letter-spacing: 0px;\"><b> <a href=\"https:\/\/www.cardoso.sp.gov.br\/site\/wp-content\/uploads\/2022\/07\/ERRATA-CHAMAMENTO-PUBLICO-n.o-02-2020-EDITAL-No-048-2020-LEI-EMERGENCIAL-ALDIR-BLANC-No-14.017-DE-29-06-2020.pdf\">ERRATA &#8211; CHAMAMENTO P\u00daBLICO n.\u00ba 02-2020 &#8211; EDITAL N\u00ba 048-2020 -LEI EMERGENCIAL ALDIR BLANC N\u00ba 14.017 DE 29-06-2020<\/a>&nbsp;<\/b><\/span><\/p><p><span style=\"letter-spacing: 0px;\"><b><a href=\"https:\/\/www.cardoso.sp.gov.br\/site\/wp-content\/uploads\/2022\/07\/ERRATA-CHAMAMENTO-PUBLICO-n.o-02-2020-EDITAL-No-048-2020.pdf\">ERRATA &#8211; CHAMAMENTO P\u00daBLICO n.\u00ba 02-2020 -EDITAL N\u00ba 048-2020<\/a>&nbsp;<\/b><\/span><\/p><p><span style=\"letter-spacing: 0px;\"><b><a href=\"https:\/\/www.cardoso.sp.gov.br\/site\/wp-content\/uploads\/2022\/07\/INSCRITOS-NO-CADASTRO-MUNICIPAL-DE-CULTURA.pdf\">INSCRITOS NO CADASTRO MUNICIPAL DE CULTURA<\/a>&nbsp;<\/b><\/span><\/p><p><span style=\"letter-spacing: 0px;\"><b><a href=\"https:\/\/www.cardoso.sp.gov.br\/site\/wp-content\/uploads\/2022\/07\/INSCRITOS-NO-CHAMAMENTO-PUBLICO-DA-LEI-ALDIR-BLANC.pdf\">INSCRITOS NO CHAMAMENTO P\u00daBLICO DA LEI ALDIR BLANC<\/a><\/b><\/span><\/p><p><span style=\"letter-spacing: 0px;\"><b> <a href=\"https:\/\/www.cardoso.sp.gov.br\/site\/wp-content\/uploads\/2022\/07\/Lei-no-14.017-de-29-06-2020.pdf\">Lei n\u00ba 14.017, de 29-06-2020<\/a>&nbsp;<\/b><\/span><\/p><p><span style=\"letter-spacing: 0px;\"><b><a href=\"https:\/\/www.cardoso.sp.gov.br\/site\/wp-content\/uploads\/2022\/07\/Relatorio-de-Gestao-Lei-Aldir-Blanc.pdf\">Relat\u00f3rio de Gest\u00e3o Lei Aldir Blanc<\/a><\/b><\/span><\/p>\t\t\t\t\t\t\t\t<\/div>\n\t\t\t\t<\/div>\n\t\t\t\t\t<\/div>\n\t\t<\/div>\n\t\t\t\t\t<\/div>\n\t\t<\/section>\n\t\t\t\t<\/div>\n\t\t<div class=\"gsp_post_data\" data-post_type=\"page\" data-cat=\"\" data-modified=\"120\" data-title=\"Lei Aldir Blanc\" data-home=\"https:\/\/www.cardoso.sp.gov.br\/site\"><\/div>","protected":false},"excerpt":{"rendered":"<p>TRABALHOS REALIZADOS POR ARTISTAS LOCAIS EM CUMPRIMENTO A LEI ALDIR BLANC. A Lei Federal 14.017\/2020, tamb\u00e9m conhecida como Lei de Emerg\u00eancia Cultural Aldir Blanc, disp\u00f5e sobre<span class=\"excerpt-hellip\"> [\u2026]<\/span><\/p>\n","protected":false},"author":2,"featured_media":0,"parent":0,"menu_order":0,"comment_status":"closed","ping_status":"closed","template":"","meta":{"footnotes":""},"class_list":["post-14101","page","type-page","status-publish","hentry"],"_links":{"self":[{"href":"https:\/\/www.cardoso.sp.gov.br\/site\/wp-json\/wp\/v2\/pages\/14101","targetHints":{"allow":["GET"]}}],"collection":[{"href":"https:\/\/www.cardoso.sp.gov.br\/site\/wp-json\/wp\/v2\/pages"}],"about":[{"href":"https:\/\/www.cardoso.sp.gov.br\/site\/wp-json\/wp\/v2\/types\/page"}],"author":[{"embeddable":true,"href":"https:\/\/www.cardoso.sp.gov.br\/site\/wp-json\/wp\/v2\/users\/2"}],"replies":[{"embeddable":true,"href":"https:\/\/www.cardoso.sp.gov.br\/site\/wp-json\/wp\/v2\/comments?post=14101"}],"version-history":[{"count":0,"href":"https:\/\/www.cardoso.sp.gov.br\/site\/wp-json\/wp\/v2\/pages\/14101\/revisions"}],"wp:attachment":[{"href":"https:\/\/www.cardoso.sp.gov.br\/site\/wp-json\/wp\/v2\/media?parent=14101"}],"curies":[{"name":"wp","href":"https:\/\/api.w.org\/{rel}","templated":true}]}}